{"id":7740,"date":"2021-12-08T08:47:09","date_gmt":"2021-12-08T08:47:09","guid":{"rendered":"https:\/\/unehaldjas.ee\/?post_type=product&#038;p=7740"},"modified":"2025-04-28T00:18:49","modified_gmt":"2025-04-28T00:18:49","slug":"paevakavad","status":"publish","type":"product","link":"https:\/\/unehaldjas.ee\/ru\/toode\/paevakavad\/","title":{"rendered":"Veebikursus: Puhanud P\u00f5nni P\u00e4evakavad"},"content":{"rendered":"","protected":false},"excerpt":{"rendered":"<p><span style=\"font-weight: 400;\">VEEBIKURSUS 0-36-KUUSTE LASTE VANEMATELE<\/span><\/p>\n<p><b>Veebip\u00f5hine p\u00e4evakavade kursus sisaldab:<\/b><\/p>\n<ul>\n<li style=\"font-weight: 400;\" aria-level=\"1\"><span style=\"font-weight: 400;\">Pdf-k\u00e4siraamat eakohaste p\u00e4evakavade n\u00e4idiste ning soovitustega nende kasutamiseks<\/span><\/li>\n<li style=\"font-weight: 400;\" aria-level=\"1\"><span style=\"font-weight: 400;\">5 video-peat\u00fckki p\u00e4evakavade kasutamise, lisa-soovituste ja sagedaste probleemide ning lahendustega<\/span><\/li>\n<li style=\"font-weight: 400;\" aria-level=\"1\"><span style=\"font-weight: 400;\">Boonusvideod unekeskkonna optimeerimiseks ja uneregressioonide \u00fcletamiseks<\/span><\/li>\n<\/ul>\n<p><b>Puhanud P\u00f5nni P\u00e4evakavad aitavad Sul:<\/b><\/p>\n<p><span style=\"font-weight: 400;\">\ud83c\udf1f <\/span><i><span style=\"font-weight: 400;\">luua lapsele eakohast p\u00e4evaplaani, soodustades sellega pikemaid uinakuid ja terviklikku \u00f6\u00f6und<br \/>\n<\/span><\/i><span style=\"font-weight: 400;\">\ud83c\udf1f <\/span><i><span style=\"font-weight: 400;\">tuua p\u00e4evadesse paindlikkust, samas ohverdamata head und<br \/>\n<\/span><\/i><span style=\"font-weight: 400;\">\ud83c\udf1f <\/span><i><span style=\"font-weight: 400;\">kohaneda enesekindlalt ja rahulikult arenguliste muutuste ja uinakute \u00e4raj\u00e4\u00e4misega<br \/>\n<\/span><\/i><span style=\"font-weight: 400;\">\ud83c\udf1f <\/span><i><span style=\"font-weight: 400;\">kohandada lapse s\u00f6\u00f6tmisaegu ja toitumist, et toetada tema \u00fcle\u00fcldist tervist ning soodustada terviklikku \u00f6\u00f6und<br \/>\n<\/span><\/i><span style=\"font-weight: 400;\">\ud83c\udf1f <\/span><i><span style=\"font-weight: 400;\">j\u00e4rgida oma lapse bioloogiat ja unem\u00e4rke, et ennetada \u00fclev\u00e4simust ja v\u00e4hendada raskusi uinumisel<br \/>\n<\/span><\/i><span style=\"font-weight: 400;\">\ud83c\udf1f <\/span><i><span style=\"font-weight: 400;\">sobitada \u00f5dede-vendade p\u00e4evakavasid, et tekitada Sulle p\u00e4eva keskele v\u00e4hemalt \u00fcks hinget\u00f5mbepaus<\/span><\/i><\/p>","protected":false},"featured_media":7742,"comment_status":"closed","ping_status":"closed","template":"","meta":{"_et_pb_use_builder":"","_et_pb_old_content":"","_et_gb_content_width":""},"product_brand":[],"product_cat":[28],"product_tag":[],"class_list":{"0":"post-7740","1":"product","2":"type-product","3":"status-publish","4":"has-post-thumbnail","6":"product_cat-virtuaalsed-tooted","8":"first","9":"instock","10":"virtual","11":"purchasable","12":"product-type-simple"},"yoast_head":"<!-- This site is optimized with the Yoast SEO plugin v26.8 - https:\/\/yoast.com\/product\/yoast-seo-wordpress\/ -->\n<title>Veebikursus: Puhanud P\u00f5nni P\u00e4evakavad - Unen\u00f5ustaja | Unen\u00f5ustamine | Unehaldjas<\/title>\n<meta name=\"robots\" content=\"index, follow, max-snippet:-1, max-image-preview:large, max-video-preview:-1\" \/>\n<link rel=\"canonical\" href=\"https:\/\/unehaldjas.ee\/ru\/toode\/paevakavad\/\" \/>\n<meta property=\"og:locale\" content=\"ru_RU\" \/>\n<meta property=\"og:type\" content=\"article\" \/>\n<meta property=\"og:title\" content=\"Veebikursus: Puhanud P\u00f5nni P\u00e4evakavad - Unen\u00f5ustaja | Unen\u00f5ustamine | Unehaldjas\" \/>\n<meta property=\"og:description\" content=\"VEEBIKURSUS 0-36-KUUSTE LASTE VANEMATELE  Veebip\u00f5hine p\u00e4evakavade kursus sisaldab:   Pdf-k\u00e4siraamat eakohaste p\u00e4evakavade n\u00e4idiste ning soovitustega nende kasutamiseks  5 video-peat\u00fckki p\u00e4evakavade kasutamise, lisa-soovituste ja sagedaste probleemide ning lahendustega  Boonusvideod unekeskkonna optimeerimiseks ja uneregressioonide \u00fcletamiseks  Puhanud P\u00f5nni P\u00e4evakavad aitavad Sul:  \ud83c\udf1f luua lapsele eakohast p\u00e4evaplaani, soodustades sellega pikemaid uinakuid ja terviklikku \u00f6\u00f6und \ud83c\udf1f tuua p\u00e4evadesse paindlikkust, samas ohverdamata head und \ud83c\udf1f kohaneda enesekindlalt ja rahulikult arenguliste muutuste ja uinakute \u00e4raj\u00e4\u00e4misega \ud83c\udf1f kohandada lapse s\u00f6\u00f6tmisaegu ja toitumist, et toetada tema \u00fcle\u00fcldist tervist ning soodustada terviklikku \u00f6\u00f6und \ud83c\udf1f j\u00e4rgida oma lapse bioloogiat ja unem\u00e4rke, et ennetada \u00fclev\u00e4simust ja v\u00e4hendada raskusi uinumisel \ud83c\udf1f sobitada \u00f5dede-vendade p\u00e4evakavasid, et tekitada Sulle p\u00e4eva keskele v\u00e4hemalt \u00fcks hinget\u00f5mbepaus\" \/>\n<meta property=\"og:url\" content=\"https:\/\/unehaldjas.ee\/ru\/toode\/paevakavad\/\" \/>\n<meta property=\"og:site_name\" content=\"Unen\u00f5ustaja | Unen\u00f5ustamine | Unehaldjas\" \/>\n<meta property=\"article:publisher\" content=\"https:\/\/www.facebook.com\/unehaldjas\" \/>\n<meta property=\"article:modified_time\" content=\"2025-04-28T00:18:49+00:00\" \/>\n<meta property=\"og:image\" content=\"https:\/\/unehaldjas.ee\/wp-content\/uploads\/2021\/12\/Product-images-11.png\" \/>\n\t<meta property=\"og:image:width\" content=\"1023\" \/>\n\t<meta property=\"og:image:height\" content=\"681\" \/>\n\t<meta property=\"og:image:type\" content=\"image\/png\" \/>\n<meta name=\"twitter:card\" content=\"summary_large_image\" \/>\n<meta name=\"twitter:label1\" content=\"\u041f\u0440\u0438\u043c\u0435\u0440\u043d\u043e\u0435 \u0432\u0440\u0435\u043c\u044f \u0434\u043b\u044f \u0447\u0442\u0435\u043d\u0438\u044f\" \/>\n\t<meta name=\"twitter:data1\" content=\"1 \u043c\u0438\u043d\u0443\u0442\u0430\" \/>\n<script type=\"application\/ld+json\" class=\"yoast-schema-graph\">{\"@context\":\"https:\/\/schema.org\",\"@graph\":[{\"@type\":\"WebPage\",\"@id\":\"https:\/\/unehaldjas.ee\/toode\/paevakavad\/\",\"url\":\"https:\/\/unehaldjas.ee\/toode\/paevakavad\/\",\"name\":\"Veebikursus: Puhanud P\u00f5nni P\u00e4evakavad - Unen\u00f5ustaja | Unen\u00f5ustamine | Unehaldjas\",\"isPartOf\":{\"@id\":\"https:\/\/unehaldjas.ee\/#website\"},\"primaryImageOfPage\":{\"@id\":\"https:\/\/unehaldjas.ee\/toode\/paevakavad\/#primaryimage\"},\"image\":{\"@id\":\"https:\/\/unehaldjas.ee\/toode\/paevakavad\/#primaryimage\"},\"thumbnailUrl\":\"https:\/\/unehaldjas.ee\/wp-content\/uploads\/2021\/12\/Product-images-11.png\",\"datePublished\":\"2021-12-08T08:47:09+00:00\",\"dateModified\":\"2025-04-28T00:18:49+00:00\",\"breadcrumb\":{\"@id\":\"https:\/\/unehaldjas.ee\/toode\/paevakavad\/#breadcrumb\"},\"inLanguage\":\"ru-RU\",\"potentialAction\":[{\"@type\":\"ReadAction\",\"target\":[\"https:\/\/unehaldjas.ee\/toode\/paevakavad\/\"]}]},{\"@type\":\"ImageObject\",\"inLanguage\":\"ru-RU\",\"@id\":\"https:\/\/unehaldjas.ee\/toode\/paevakavad\/#primaryimage\",\"url\":\"https:\/\/unehaldjas.ee\/wp-content\/uploads\/2021\/12\/Product-images-11.png\",\"contentUrl\":\"https:\/\/unehaldjas.ee\/wp-content\/uploads\/2021\/12\/Product-images-11.png\",\"width\":1023,\"height\":681},{\"@type\":\"BreadcrumbList\",\"@id\":\"https:\/\/unehaldjas.ee\/toode\/paevakavad\/#breadcrumb\",\"itemListElement\":[{\"@type\":\"ListItem\",\"position\":1,\"name\":\"Home\",\"item\":\"https:\/\/unehaldjas.ee\/\"},{\"@type\":\"ListItem\",\"position\":2,\"name\":\"Pood\",\"item\":\"https:\/\/unehaldjas.ee\/pood\/\"},{\"@type\":\"ListItem\",\"position\":3,\"name\":\"Veebikursus: Puhanud P\u00f5nni P\u00e4evakavad\"}]},{\"@type\":\"WebSite\",\"@id\":\"https:\/\/unehaldjas.ee\/#website\",\"url\":\"https:\/\/unehaldjas.ee\/\",\"name\":\"Unen\u00f5ustaja | Unen\u00f5ustamine | Unehaldjas\",\"description\":\"Unen\u00f5ustamine beebidele ja v\u00e4ikelastele (0-5a), teaduslik ja terviklik l\u00e4henemine\",\"potentialAction\":[{\"@type\":\"SearchAction\",\"target\":{\"@type\":\"EntryPoint\",\"urlTemplate\":\"https:\/\/unehaldjas.ee\/?s={search_term_string}\"},\"query-input\":{\"@type\":\"PropertyValueSpecification\",\"valueRequired\":true,\"valueName\":\"search_term_string\"}}],\"inLanguage\":\"ru-RU\"}]}<\/script>\n<!-- \/ Yoast SEO plugin. -->","yoast_head_json":{"title":"Veebikursus: Puhanud P\u00f5nni P\u00e4evakavad - Unen\u00f5ustaja | Unen\u00f5ustamine | Unehaldjas","robots":{"index":"index","follow":"follow","max-snippet":"max-snippet:-1","max-image-preview":"max-image-preview:large","max-video-preview":"max-video-preview:-1"},"canonical":"https:\/\/unehaldjas.ee\/ru\/toode\/paevakavad\/","og_locale":"ru_RU","og_type":"article","og_title":"Veebikursus: Puhanud P\u00f5nni P\u00e4evakavad - Unen\u00f5ustaja | Unen\u00f5ustamine | Unehaldjas","og_description":"VEEBIKURSUS 0-36-KUUSTE LASTE VANEMATELE  Veebip\u00f5hine p\u00e4evakavade kursus sisaldab:   Pdf-k\u00e4siraamat eakohaste p\u00e4evakavade n\u00e4idiste ning soovitustega nende kasutamiseks  5 video-peat\u00fckki p\u00e4evakavade kasutamise, lisa-soovituste ja sagedaste probleemide ning lahendustega  Boonusvideod unekeskkonna optimeerimiseks ja uneregressioonide \u00fcletamiseks  Puhanud P\u00f5nni P\u00e4evakavad aitavad Sul:  \ud83c\udf1f luua lapsele eakohast p\u00e4evaplaani, soodustades sellega pikemaid uinakuid ja terviklikku \u00f6\u00f6und \ud83c\udf1f tuua p\u00e4evadesse paindlikkust, samas ohverdamata head und \ud83c\udf1f kohaneda enesekindlalt ja rahulikult arenguliste muutuste ja uinakute \u00e4raj\u00e4\u00e4misega \ud83c\udf1f kohandada lapse s\u00f6\u00f6tmisaegu ja toitumist, et toetada tema \u00fcle\u00fcldist tervist ning soodustada terviklikku \u00f6\u00f6und \ud83c\udf1f j\u00e4rgida oma lapse bioloogiat ja unem\u00e4rke, et ennetada \u00fclev\u00e4simust ja v\u00e4hendada raskusi uinumisel \ud83c\udf1f sobitada \u00f5dede-vendade p\u00e4evakavasid, et tekitada Sulle p\u00e4eva keskele v\u00e4hemalt \u00fcks hinget\u00f5mbepaus","og_url":"https:\/\/unehaldjas.ee\/ru\/toode\/paevakavad\/","og_site_name":"Unen\u00f5ustaja | Unen\u00f5ustamine | Unehaldjas","article_publisher":"https:\/\/www.facebook.com\/unehaldjas","article_modified_time":"2025-04-28T00:18:49+00:00","og_image":[{"width":1023,"height":681,"url":"https:\/\/unehaldjas.ee\/wp-content\/uploads\/2021\/12\/Product-images-11.png","type":"image\/png"}],"twitter_card":"summary_large_image","twitter_misc":{"\u041f\u0440\u0438\u043c\u0435\u0440\u043d\u043e\u0435 \u0432\u0440\u0435\u043c\u044f \u0434\u043b\u044f \u0447\u0442\u0435\u043d\u0438\u044f":"1 \u043c\u0438\u043d\u0443\u0442\u0430"},"schema":{"@context":"https:\/\/schema.org","@graph":[{"@type":"WebPage","@id":"https:\/\/unehaldjas.ee\/toode\/paevakavad\/","url":"https:\/\/unehaldjas.ee\/toode\/paevakavad\/","name":"Veebikursus: Puhanud P\u00f5nni P\u00e4evakavad - Unen\u00f5ustaja | Unen\u00f5ustamine | Unehaldjas","isPartOf":{"@id":"https:\/\/unehaldjas.ee\/#website"},"primaryImageOfPage":{"@id":"https:\/\/unehaldjas.ee\/toode\/paevakavad\/#primaryimage"},"image":{"@id":"https:\/\/unehaldjas.ee\/toode\/paevakavad\/#primaryimage"},"thumbnailUrl":"https:\/\/unehaldjas.ee\/wp-content\/uploads\/2021\/12\/Product-images-11.png","datePublished":"2021-12-08T08:47:09+00:00","dateModified":"2025-04-28T00:18:49+00:00","breadcrumb":{"@id":"https:\/\/unehaldjas.ee\/toode\/paevakavad\/#breadcrumb"},"inLanguage":"ru-RU","potentialAction":[{"@type":"ReadAction","target":["https:\/\/unehaldjas.ee\/toode\/paevakavad\/"]}]},{"@type":"ImageObject","inLanguage":"ru-RU","@id":"https:\/\/unehaldjas.ee\/toode\/paevakavad\/#primaryimage","url":"https:\/\/unehaldjas.ee\/wp-content\/uploads\/2021\/12\/Product-images-11.png","contentUrl":"https:\/\/unehaldjas.ee\/wp-content\/uploads\/2021\/12\/Product-images-11.png","width":1023,"height":681},{"@type":"BreadcrumbList","@id":"https:\/\/unehaldjas.ee\/toode\/paevakavad\/#breadcrumb","itemListElement":[{"@type":"ListItem","position":1,"name":"Home","item":"https:\/\/unehaldjas.ee\/"},{"@type":"ListItem","position":2,"name":"Pood","item":"https:\/\/unehaldjas.ee\/pood\/"},{"@type":"ListItem","position":3,"name":"Veebikursus: Puhanud P\u00f5nni P\u00e4evakavad"}]},{"@type":"WebSite","@id":"https:\/\/unehaldjas.ee\/#website","url":"https:\/\/unehaldjas.ee\/","name":"Unen\u00f5ustaja | Unen\u00f5ustamine | Unehaldjas","description":"Unen\u00f5ustamine beebidele ja v\u00e4ikelastele (0-5a), teaduslik ja terviklik l\u00e4henemine","potentialAction":[{"@type":"SearchAction","target":{"@type":"EntryPoint","urlTemplate":"https:\/\/unehaldjas.ee\/?s={search_term_string}"},"query-input":{"@type":"PropertyValueSpecification","valueRequired":true,"valueName":"search_term_string"}}],"inLanguage":"ru-RU"}]}},"_links":{"self":[{"href":"https:\/\/unehaldjas.ee\/ru\/wp-json\/wp\/v2\/product\/7740","targetHints":{"allow":["GET"]}}],"collection":[{"href":"https:\/\/unehaldjas.ee\/ru\/wp-json\/wp\/v2\/product"}],"about":[{"href":"https:\/\/unehaldjas.ee\/ru\/wp-json\/wp\/v2\/types\/product"}],"replies":[{"embeddable":true,"href":"https:\/\/unehaldjas.ee\/ru\/wp-json\/wp\/v2\/comments?post=7740"}],"wp:featuredmedia":[{"embeddable":true,"href":"https:\/\/unehaldjas.ee\/ru\/wp-json\/wp\/v2\/media\/7742"}],"wp:attachment":[{"href":"https:\/\/unehaldjas.ee\/ru\/wp-json\/wp\/v2\/media?parent=7740"}],"wp:term":[{"taxonomy":"product_brand","embeddable":true,"href":"https:\/\/unehaldjas.ee\/ru\/wp-json\/wp\/v2\/product_brand?post=7740"},{"taxonomy":"product_cat","embeddable":true,"href":"https:\/\/unehaldjas.ee\/ru\/wp-json\/wp\/v2\/product_cat?post=7740"},{"taxonomy":"product_tag","embeddable":true,"href":"https:\/\/unehaldjas.ee\/ru\/wp-json\/wp\/v2\/product_tag?post=7740"}],"curies":[{"name":"wp","href":"https:\/\/api.w.org\/{rel}","templated":true}]}}