{"id":3288,"date":"2020-08-17T12:06:56","date_gmt":"2020-08-17T12:06:56","guid":{"rendered":"http:\/\/unehaldjas.ee\/?post_type=product&#038;p=3288"},"modified":"2026-03-08T15:07:37","modified_gmt":"2026-03-08T15:07:37","slug":"lisanadal","status":"publish","type":"product","link":"https:\/\/unehaldjas.ee\/ru\/toode\/lisanadal\/","title":{"rendered":"Login\u00e4dal"},"content":{"rendered":"<p>[et_pb_section fb_built=&#8221;1&#8243; _builder_version=&#8221;4.16&#8243; custom_padding=&#8221;0px||||false|false&#8221; global_colors_info=&#8221;{}&#8221;][et_pb_row _builder_version=&#8221;4.16&#8243; background_size=&#8221;initial&#8221; background_position=&#8221;top_left&#8221; background_repeat=&#8221;repeat&#8221; width=&#8221;100%&#8221; custom_padding=&#8221;0px||0px||false|false&#8221; global_colors_info=&#8221;{}&#8221;][et_pb_column type=&#8221;4_4&#8243; _builder_version=&#8221;4.16&#8243; custom_padding=&#8221;|||&#8221; global_colors_info=&#8221;{}&#8221; custom_padding__hover=&#8221;|||&#8221;][et_pb_wc_breadcrumb _builder_version=&#8221;4.16&#8243; global_colors_info=&#8221;{}&#8221;][\/et_pb_wc_breadcrumb][et_pb_wc_cart_notice _builder_version=&#8221;4.16&#8243; global_colors_info=&#8221;{}&#8221;][\/et_pb_wc_cart_notice][\/et_pb_column][\/et_pb_row][et_pb_row column_structure=&#8221;2_5,3_5&#8243; _builder_version=&#8221;4.16&#8243; background_size=&#8221;initial&#8221; background_position=&#8221;top_left&#8221; background_repeat=&#8221;repeat&#8221; width=&#8221;100%&#8221; custom_padding=&#8221;0px||||false|false&#8221; global_colors_info=&#8221;{}&#8221;][et_pb_column type=&#8221;2_5&#8243; _builder_version=&#8221;4.16&#8243; custom_padding=&#8221;|||&#8221; global_colors_info=&#8221;{}&#8221; custom_padding__hover=&#8221;|||&#8221;][et_pb_wc_images _builder_version=&#8221;4.16&#8243; global_colors_info=&#8221;{}&#8221;][\/et_pb_wc_images][\/et_pb_column][et_pb_column type=&#8221;3_5&#8243; _builder_version=&#8221;4.16&#8243; custom_padding=&#8221;|||&#8221; global_colors_info=&#8221;{}&#8221; custom_padding__hover=&#8221;|||&#8221;][et_pb_wc_title _builder_version=&#8221;4.16&#8243; global_colors_info=&#8221;{}&#8221;][\/et_pb_wc_title][et_pb_wc_rating _builder_version=&#8221;4.16&#8243; global_colors_info=&#8221;{}&#8221;][\/et_pb_wc_rating][et_pb_wc_price _builder_version=&#8221;4.16&#8243; global_colors_info=&#8221;{}&#8221;][\/et_pb_wc_price][et_pb_wc_description _builder_version=&#8221;4.16&#8243; global_colors_info=&#8221;{}&#8221;][\/et_pb_wc_description][et_pb_wc_add_to_cart show_quantity=&#8221;off&#8221; show_stock=&#8221;off&#8221; _builder_version=&#8221;4.22.2&#8243; global_colors_info=&#8221;{}&#8221;][\/et_pb_wc_add_to_cart][et_pb_wc_meta _builder_version=&#8221;4.16&#8243; global_colors_info=&#8221;{}&#8221;][\/et_pb_wc_meta][\/et_pb_column][\/et_pb_row][et_pb_row _builder_version=&#8221;4.16&#8243; background_size=&#8221;initial&#8221; background_position=&#8221;top_left&#8221; background_repeat=&#8221;repeat&#8221; width=&#8221;100%&#8221; global_colors_info=&#8221;{}&#8221;][et_pb_column type=&#8221;4_4&#8243; _builder_version=&#8221;4.16&#8243; custom_padding=&#8221;|||&#8221; global_colors_info=&#8221;{}&#8221; custom_padding__hover=&#8221;|||&#8221;][et_pb_wc_upsells _builder_version=&#8221;4.16&#8243; global_colors_info=&#8221;{}&#8221;][\/et_pb_wc_upsells][et_pb_wc_related_products _builder_version=&#8221;4.16&#8243; global_colors_info=&#8221;{}&#8221;][\/et_pb_wc_related_products][\/et_pb_column][\/et_pb_row][\/et_pb_section]<\/p>\n","protected":false},"excerpt":{"rendered":"<p>Pakett on m\u00f5eldud t\u00e4iendavaks toetuseks p\u00e4rast individuaaln\u00f5ustamise v\u00f5i kursuse l\u00e4bimist.<\/p>\n<p><strong>\u041f\u0430\u043a\u0435\u0442 \u0432\u043a\u043b\u044e\u0447\u0430\u0435\u0442 \u0432 \u0441\u0435\u0431\u044f:<\/strong><\/p>\n<ul>\n<li><em>7-p\u00e4evane logi ja selle regulaarne hindamine unen\u00f5ustaja poolt<\/em><\/li>\n<li><em>emaili tugi logimisperioodi jooksul<\/em><\/li>\n<\/ul>\n<p><em>* \u0412\u0441\u0435 \u0438\u043d\u0434\u0438\u0432\u0438\u0434\u0443\u0430\u043b\u044c\u043d\u044b\u0435 \u043a\u043e\u043d\u0441\u0443\u043b\u044c\u0442\u0430\u0446\u0438\u043e\u043d\u043d\u044b\u0435 \u0443\u0441\u043b\u0443\u0433\u0438 Unehaldjas \u0434\u0435\u0439\u0441\u0442\u0432\u0438\u0442\u0435\u043b\u044c\u043d\u044b \u0432 \u0442\u0435\u0447\u0435\u043d\u0438\u0435 3 \u043c\u0435\u0441\u044f\u0446\u0435\u0432 \u0441 \u043c\u043e\u043c\u0435\u043d\u0442\u0430 \u043f\u043e\u043a\u0443\u043f\u043a\u0438.<\/em><\/p>","protected":false},"featured_media":3358,"comment_status":"closed","ping_status":"closed","template":"","meta":{"_et_pb_use_builder":"on","_et_pb_old_content":"","_et_gb_content_width":""},"product_brand":[],"product_cat":[32,26],"product_tag":[],"class_list":{"0":"post-3288","1":"product","2":"type-product","3":"status-publish","4":"has-post-thumbnail","6":"product_cat-noustamise-jareltugi","7":"product_cat-veebipohine-noustamine","9":"first","10":"instock","11":"virtual","12":"purchasable","13":"product-type-simple"},"yoast_head":"<!-- This site is optimized with the Yoast SEO plugin v26.8 - https:\/\/yoast.com\/product\/yoast-seo-wordpress\/ -->\n<title>Login\u00e4dal - Unen\u00f5ustaja | Unen\u00f5ustamine | Unehaldjas<\/title>\n<meta name=\"description\" content=\"Lisan\u00e4dala pakett on m\u00f5eldud t\u00e4iendavaks toetuseks p\u00e4rast mudilase, beebi ja v\u00e4ikelapse v\u00f5i vasts\u00fcndinu t\u00e4ispaketi l\u00e4bimist.\" \/>\n<meta name=\"robots\" content=\"index, follow, max-snippet:-1, max-image-preview:large, max-video-preview:-1\" \/>\n<link rel=\"canonical\" href=\"https:\/\/unehaldjas.ee\/ru\/toode\/lisanadal\/\" \/>\n<meta property=\"og:locale\" content=\"ru_RU\" \/>\n<meta property=\"og:type\" content=\"article\" \/>\n<meta property=\"og:title\" content=\"Login\u00e4dal - Unen\u00f5ustaja | Unen\u00f5ustamine | Unehaldjas\" \/>\n<meta property=\"og:description\" content=\"Lisan\u00e4dala pakett on m\u00f5eldud t\u00e4iendavaks toetuseks p\u00e4rast mudilase, beebi ja v\u00e4ikelapse v\u00f5i vasts\u00fcndinu t\u00e4ispaketi l\u00e4bimist.\" \/>\n<meta property=\"og:url\" content=\"https:\/\/unehaldjas.ee\/ru\/toode\/lisanadal\/\" \/>\n<meta property=\"og:site_name\" content=\"Unen\u00f5ustaja | Unen\u00f5ustamine | Unehaldjas\" \/>\n<meta property=\"article:publisher\" content=\"https:\/\/www.facebook.com\/unehaldjas\" \/>\n<meta property=\"article:modified_time\" content=\"2026-03-08T15:07:37+00:00\" \/>\n<meta property=\"og:image\" content=\"https:\/\/unehaldjas.ee\/wp-content\/uploads\/2020\/06\/20.jpg\" \/>\n\t<meta property=\"og:image:width\" content=\"512\" \/>\n\t<meta property=\"og:image:height\" content=\"341\" \/>\n\t<meta property=\"og:image:type\" content=\"image\/jpeg\" \/>\n<meta name=\"twitter:card\" content=\"summary_large_image\" \/>\n<meta name=\"twitter:label1\" content=\"\u041f\u0440\u0438\u043c\u0435\u0440\u043d\u043e\u0435 \u0432\u0440\u0435\u043c\u044f \u0434\u043b\u044f \u0447\u0442\u0435\u043d\u0438\u044f\" \/>\n\t<meta name=\"twitter:data1\" content=\"1 \u043c\u0438\u043d\u0443\u0442\u0430\" \/>\n<script type=\"application\/ld+json\" class=\"yoast-schema-graph\">{\"@context\":\"https:\/\/schema.org\",\"@graph\":[{\"@type\":\"WebPage\",\"@id\":\"https:\/\/unehaldjas.ee\/toode\/lisanadal\/\",\"url\":\"https:\/\/unehaldjas.ee\/toode\/lisanadal\/\",\"name\":\"Login\u00e4dal - Unen\u00f5ustaja | Unen\u00f5ustamine | Unehaldjas\",\"isPartOf\":{\"@id\":\"https:\/\/unehaldjas.ee\/#website\"},\"primaryImageOfPage\":{\"@id\":\"https:\/\/unehaldjas.ee\/toode\/lisanadal\/#primaryimage\"},\"image\":{\"@id\":\"https:\/\/unehaldjas.ee\/toode\/lisanadal\/#primaryimage\"},\"thumbnailUrl\":\"https:\/\/unehaldjas.ee\/wp-content\/uploads\/2020\/06\/20.jpg\",\"datePublished\":\"2020-08-17T12:06:56+00:00\",\"dateModified\":\"2026-03-08T15:07:37+00:00\",\"description\":\"Lisan\u00e4dala pakett on m\u00f5eldud t\u00e4iendavaks toetuseks p\u00e4rast mudilase, beebi ja v\u00e4ikelapse v\u00f5i vasts\u00fcndinu t\u00e4ispaketi l\u00e4bimist.\",\"breadcrumb\":{\"@id\":\"https:\/\/unehaldjas.ee\/toode\/lisanadal\/#breadcrumb\"},\"inLanguage\":\"ru-RU\",\"potentialAction\":[{\"@type\":\"ReadAction\",\"target\":[\"https:\/\/unehaldjas.ee\/toode\/lisanadal\/\"]}]},{\"@type\":\"ImageObject\",\"inLanguage\":\"ru-RU\",\"@id\":\"https:\/\/unehaldjas.ee\/toode\/lisanadal\/#primaryimage\",\"url\":\"https:\/\/unehaldjas.ee\/wp-content\/uploads\/2020\/06\/20.jpg\",\"contentUrl\":\"https:\/\/unehaldjas.ee\/wp-content\/uploads\/2020\/06\/20.jpg\",\"width\":512,\"height\":341},{\"@type\":\"BreadcrumbList\",\"@id\":\"https:\/\/unehaldjas.ee\/toode\/lisanadal\/#breadcrumb\",\"itemListElement\":[{\"@type\":\"ListItem\",\"position\":1,\"name\":\"Home\",\"item\":\"https:\/\/unehaldjas.ee\/\"},{\"@type\":\"ListItem\",\"position\":2,\"name\":\"Pood\",\"item\":\"https:\/\/unehaldjas.ee\/pood\/\"},{\"@type\":\"ListItem\",\"position\":3,\"name\":\"Login\u00e4dal\"}]},{\"@type\":\"WebSite\",\"@id\":\"https:\/\/unehaldjas.ee\/#website\",\"url\":\"https:\/\/unehaldjas.ee\/\",\"name\":\"Unen\u00f5ustaja | Unen\u00f5ustamine | Unehaldjas\",\"description\":\"Unen\u00f5ustamine beebidele ja v\u00e4ikelastele (0-5a), teaduslik ja terviklik l\u00e4henemine\",\"potentialAction\":[{\"@type\":\"SearchAction\",\"target\":{\"@type\":\"EntryPoint\",\"urlTemplate\":\"https:\/\/unehaldjas.ee\/?s={search_term_string}\"},\"query-input\":{\"@type\":\"PropertyValueSpecification\",\"valueRequired\":true,\"valueName\":\"search_term_string\"}}],\"inLanguage\":\"ru-RU\"}]}<\/script>\n<!-- \/ Yoast SEO plugin. -->","yoast_head_json":{"title":"Login\u00e4dal - Unen\u00f5ustaja | Unen\u00f5ustamine | Unehaldjas","description":"Lisan\u00e4dala pakett on m\u00f5eldud t\u00e4iendavaks toetuseks p\u00e4rast mudilase, beebi ja v\u00e4ikelapse v\u00f5i vasts\u00fcndinu t\u00e4ispaketi l\u00e4bimist.","robots":{"index":"index","follow":"follow","max-snippet":"max-snippet:-1","max-image-preview":"max-image-preview:large","max-video-preview":"max-video-preview:-1"},"canonical":"https:\/\/unehaldjas.ee\/ru\/toode\/lisanadal\/","og_locale":"ru_RU","og_type":"article","og_title":"Login\u00e4dal - Unen\u00f5ustaja | Unen\u00f5ustamine | Unehaldjas","og_description":"Lisan\u00e4dala pakett on m\u00f5eldud t\u00e4iendavaks toetuseks p\u00e4rast mudilase, beebi ja v\u00e4ikelapse v\u00f5i vasts\u00fcndinu t\u00e4ispaketi l\u00e4bimist.","og_url":"https:\/\/unehaldjas.ee\/ru\/toode\/lisanadal\/","og_site_name":"Unen\u00f5ustaja | Unen\u00f5ustamine | Unehaldjas","article_publisher":"https:\/\/www.facebook.com\/unehaldjas","article_modified_time":"2026-03-08T15:07:37+00:00","og_image":[{"width":512,"height":341,"url":"https:\/\/unehaldjas.ee\/wp-content\/uploads\/2020\/06\/20.jpg","type":"image\/jpeg"}],"twitter_card":"summary_large_image","twitter_misc":{"\u041f\u0440\u0438\u043c\u0435\u0440\u043d\u043e\u0435 \u0432\u0440\u0435\u043c\u044f \u0434\u043b\u044f \u0447\u0442\u0435\u043d\u0438\u044f":"1 \u043c\u0438\u043d\u0443\u0442\u0430"},"schema":{"@context":"https:\/\/schema.org","@graph":[{"@type":"WebPage","@id":"https:\/\/unehaldjas.ee\/toode\/lisanadal\/","url":"https:\/\/unehaldjas.ee\/toode\/lisanadal\/","name":"Login\u00e4dal - Unen\u00f5ustaja | Unen\u00f5ustamine | Unehaldjas","isPartOf":{"@id":"https:\/\/unehaldjas.ee\/#website"},"primaryImageOfPage":{"@id":"https:\/\/unehaldjas.ee\/toode\/lisanadal\/#primaryimage"},"image":{"@id":"https:\/\/unehaldjas.ee\/toode\/lisanadal\/#primaryimage"},"thumbnailUrl":"https:\/\/unehaldjas.ee\/wp-content\/uploads\/2020\/06\/20.jpg","datePublished":"2020-08-17T12:06:56+00:00","dateModified":"2026-03-08T15:07:37+00:00","description":"Lisan\u00e4dala pakett on m\u00f5eldud t\u00e4iendavaks toetuseks p\u00e4rast mudilase, beebi ja v\u00e4ikelapse v\u00f5i vasts\u00fcndinu t\u00e4ispaketi l\u00e4bimist.","breadcrumb":{"@id":"https:\/\/unehaldjas.ee\/toode\/lisanadal\/#breadcrumb"},"inLanguage":"ru-RU","potentialAction":[{"@type":"ReadAction","target":["https:\/\/unehaldjas.ee\/toode\/lisanadal\/"]}]},{"@type":"ImageObject","inLanguage":"ru-RU","@id":"https:\/\/unehaldjas.ee\/toode\/lisanadal\/#primaryimage","url":"https:\/\/unehaldjas.ee\/wp-content\/uploads\/2020\/06\/20.jpg","contentUrl":"https:\/\/unehaldjas.ee\/wp-content\/uploads\/2020\/06\/20.jpg","width":512,"height":341},{"@type":"BreadcrumbList","@id":"https:\/\/unehaldjas.ee\/toode\/lisanadal\/#breadcrumb","itemListElement":[{"@type":"ListItem","position":1,"name":"Home","item":"https:\/\/unehaldjas.ee\/"},{"@type":"ListItem","position":2,"name":"Pood","item":"https:\/\/unehaldjas.ee\/pood\/"},{"@type":"ListItem","position":3,"name":"Login\u00e4dal"}]},{"@type":"WebSite","@id":"https:\/\/unehaldjas.ee\/#website","url":"https:\/\/unehaldjas.ee\/","name":"Unen\u00f5ustaja | Unen\u00f5ustamine | Unehaldjas","description":"Unen\u00f5ustamine beebidele ja v\u00e4ikelastele (0-5a), teaduslik ja terviklik l\u00e4henemine","potentialAction":[{"@type":"SearchAction","target":{"@type":"EntryPoint","urlTemplate":"https:\/\/unehaldjas.ee\/?s={search_term_string}"},"query-input":{"@type":"PropertyValueSpecification","valueRequired":true,"valueName":"search_term_string"}}],"inLanguage":"ru-RU"}]}},"_links":{"self":[{"href":"https:\/\/unehaldjas.ee\/ru\/wp-json\/wp\/v2\/product\/3288","targetHints":{"allow":["GET"]}}],"collection":[{"href":"https:\/\/unehaldjas.ee\/ru\/wp-json\/wp\/v2\/product"}],"about":[{"href":"https:\/\/unehaldjas.ee\/ru\/wp-json\/wp\/v2\/types\/product"}],"replies":[{"embeddable":true,"href":"https:\/\/unehaldjas.ee\/ru\/wp-json\/wp\/v2\/comments?post=3288"}],"wp:featuredmedia":[{"embeddable":true,"href":"https:\/\/unehaldjas.ee\/ru\/wp-json\/wp\/v2\/media\/3358"}],"wp:attachment":[{"href":"https:\/\/unehaldjas.ee\/ru\/wp-json\/wp\/v2\/media?parent=3288"}],"wp:term":[{"taxonomy":"product_brand","embeddable":true,"href":"https:\/\/unehaldjas.ee\/ru\/wp-json\/wp\/v2\/product_brand?post=3288"},{"taxonomy":"product_cat","embeddable":true,"href":"https:\/\/unehaldjas.ee\/ru\/wp-json\/wp\/v2\/product_cat?post=3288"},{"taxonomy":"product_tag","embeddable":true,"href":"https:\/\/unehaldjas.ee\/ru\/wp-json\/wp\/v2\/product_tag?post=3288"}],"curies":[{"name":"wp","href":"https:\/\/api.w.org\/{rel}","templated":true}]}}