{"id":3281,"date":"2020-06-11T14:10:48","date_gmt":"2020-06-11T14:10:48","guid":{"rendered":"http:\/\/unehaldjas.ee\/?post_type=product&#038;p=3281"},"modified":"2026-03-08T15:21:01","modified_gmt":"2026-03-08T15:21:01","slug":"une-konsultatsioon","status":"publish","type":"product","link":"https:\/\/unehaldjas.ee\/ru\/toode\/une-konsultatsioon\/","title":{"rendered":"\u041a\u043e\u043d\u0441\u0443\u043b\u044c\u0442\u0430\u0446\u0438\u044f"},"content":{"rendered":"<p>[et_pb_section fb_built=&#8221;1&#8243; _builder_version=&#8221;4.16&#8243; custom_padding=&#8221;0px||||false|false&#8221; global_colors_info=&#8221;{}&#8221;][et_pb_row _builder_version=&#8221;4.16&#8243; background_size=&#8221;initial&#8221; background_position=&#8221;top_left&#8221; background_repeat=&#8221;repeat&#8221; width=&#8221;100%&#8221; custom_padding=&#8221;0px||0px||false|false&#8221; global_colors_info=&#8221;{}&#8221;][et_pb_column type=&#8221;4_4&#8243; _builder_version=&#8221;4.16&#8243; custom_padding=&#8221;|||&#8221; global_colors_info=&#8221;{}&#8221; custom_padding__hover=&#8221;|||&#8221;][et_pb_wc_breadcrumb _builder_version=&#8221;4.16&#8243; global_colors_info=&#8221;{}&#8221;][\/et_pb_wc_breadcrumb][et_pb_wc_cart_notice _builder_version=&#8221;4.20.1&#8243; title_text_color=&#8221;#6D7373&#8243; background_color=&#8221;#C3DFF7&#8243; custom_button=&#8221;on&#8221; button_text_color=&#8221;#FFFFFF&#8221; title_font_size_tablet=&#8221;&#8221; title_font_size_phone=&#8221;15px&#8221; title_font_size_last_edited=&#8221;on|phone&#8221; button_text_size_tablet=&#8221;&#8221; button_text_size_phone=&#8221;17px&#8221; button_text_size_last_edited=&#8221;on|phone&#8221; border_radii=&#8221;on|20px|20px|20px|20px&#8221; global_colors_info=&#8221;{}&#8221;][\/et_pb_wc_cart_notice][\/et_pb_column][\/et_pb_row][et_pb_row column_structure=&#8221;2_5,3_5&#8243; _builder_version=&#8221;4.16&#8243; background_size=&#8221;initial&#8221; background_position=&#8221;top_left&#8221; background_repeat=&#8221;repeat&#8221; width=&#8221;100%&#8221; custom_padding=&#8221;0px||||false|false&#8221; global_colors_info=&#8221;{}&#8221;][et_pb_column type=&#8221;2_5&#8243; _builder_version=&#8221;4.16&#8243; custom_padding=&#8221;|||&#8221; global_colors_info=&#8221;{}&#8221; custom_padding__hover=&#8221;|||&#8221;][et_pb_wc_images _builder_version=&#8221;4.16&#8243; global_colors_info=&#8221;{}&#8221;][\/et_pb_wc_images][\/et_pb_column][et_pb_column type=&#8221;3_5&#8243; _builder_version=&#8221;4.16&#8243; custom_padding=&#8221;|||&#8221; global_colors_info=&#8221;{}&#8221; custom_padding__hover=&#8221;|||&#8221;][et_pb_wc_title _builder_version=&#8221;4.20.1&#8243; header_font_size_tablet=&#8221;&#8221; header_font_size_phone=&#8221;32px&#8221; header_font_size_last_edited=&#8221;on|phone&#8221; global_colors_info=&#8221;{}&#8221;][\/et_pb_wc_title][et_pb_wc_rating show_reviews_link=&#8221;off&#8221; _builder_version=&#8221;4.20.1&#8243; rating_text_color=&#8221;#FBE46F&#8221; global_colors_info=&#8221;{}&#8221;][\/et_pb_wc_rating][et_pb_wc_price _builder_version=&#8221;4.20.1&#8243; body_font_size_tablet=&#8221;&#8221; body_font_size_phone=&#8221;22px&#8221; body_font_size_last_edited=&#8221;on|phone&#8221; global_colors_info=&#8221;{}&#8221;][\/et_pb_wc_price][et_pb_wc_description _builder_version=&#8221;4.20.1&#8243; body_font_size_tablet=&#8221;&#8221; body_font_size_phone=&#8221;15px&#8221; body_font_size_last_edited=&#8221;on|phone&#8221; global_colors_info=&#8221;{}&#8221;][\/et_pb_wc_description][et_pb_wc_add_to_cart show_quantity=&#8221;off&#8221; _builder_version=&#8221;4.20.1&#8243; custom_button=&#8221;on&#8221; button_text_size_tablet=&#8221;&#8221; button_text_size_phone=&#8221;17px&#8221; button_text_size_last_edited=&#8221;on|phone&#8221; global_colors_info=&#8221;{}&#8221;][\/et_pb_wc_add_to_cart][et_pb_wc_meta _builder_version=&#8221;4.16&#8243; global_colors_info=&#8221;{}&#8221;][\/et_pb_wc_meta][\/et_pb_column][\/et_pb_row][et_pb_row _builder_version=&#8221;4.16&#8243; background_size=&#8221;initial&#8221; background_position=&#8221;top_left&#8221; background_repeat=&#8221;repeat&#8221; width=&#8221;100%&#8221; global_colors_info=&#8221;{}&#8221;][et_pb_column type=&#8221;4_4&#8243; _builder_version=&#8221;4.16&#8243; custom_padding=&#8221;|||&#8221; global_colors_info=&#8221;{}&#8221; custom_padding__hover=&#8221;|||&#8221;][et_pb_wc_tabs _builder_version=&#8221;4.16&#8243; global_colors_info=&#8221;{}&#8221;]\t\t\t\t\t[\/et_pb_wc_tabs][et_pb_wc_upsells _builder_version=&#8221;4.16&#8243; global_colors_info=&#8221;{}&#8221;][\/et_pb_wc_upsells][et_pb_wc_related_products _builder_version=&#8221;4.16&#8243; global_colors_info=&#8221;{}&#8221;][\/et_pb_wc_related_products][\/et_pb_column][\/et_pb_row][\/et_pb_section]<\/p>","protected":false},"excerpt":{"rendered":"<p><strong>\u00dchekordne konsultatsioon on m\u00f5eldud <\/strong><\/p>\n<ul>\n<li>t\u00e4iendavaks toetuseks p\u00e4rast kursuse l\u00e4bimist<\/li>\n<li>korduvaks n\u00f5ustamiseks p\u00e4rast individuaaln\u00f5ustamise l\u00e4bimist<\/li>\n<li>vasts\u00fcndinu (0-3 kuud) une toetamiseks (koos v\u00f5i ilma kursuseta)<\/li>\n<li>\u00dcle 2-aastase lapse p\u00e4evakava korrigeerimiseks ja \u00fcksikute uneprobleemide lahendamiseks<\/li>\n<\/ul>\n<p><strong><i>Konsultatsioon kestab 45 minutit ja toimub veebi teel.<\/i><\/strong><\/p>","protected":false},"featured_media":3282,"comment_status":"closed","ping_status":"closed","template":"","meta":{"_et_pb_use_builder":"on","_et_pb_old_content":"","_et_gb_content_width":""},"product_brand":[],"product_cat":[32,31,26],"product_tag":[],"class_list":{"0":"post-3281","1":"product","2":"type-product","3":"status-publish","4":"has-post-thumbnail","6":"product_cat-noustamise-jareltugi","7":"product_cat-seminari-jareltugi","8":"product_cat-veebipohine-noustamine","10":"first","11":"instock","12":"virtual","13":"purchasable","14":"product-type-simple"},"yoast_head":"<!-- This site is optimized with the Yoast SEO plugin v26.8 - https:\/\/yoast.com\/product\/yoast-seo-wordpress\/ -->\n<title>Une konsultatsioon - Unen\u00f5ustaja | Unen\u00f5ustamine | Unehaldjas<\/title>\n<meta name=\"description\" content=\"Unekonsultatsioon on m\u00f5eldud t\u00e4iendavaks toetuseks p\u00e4rast seminaril osalemist v\u00f5i individuaaln\u00f5ustamise l\u00e4bimist.\" \/>\n<meta name=\"robots\" content=\"index, follow, max-snippet:-1, max-image-preview:large, max-video-preview:-1\" \/>\n<link rel=\"canonical\" href=\"https:\/\/unehaldjas.ee\/ru\/toode\/une-konsultatsioon\/\" \/>\n<meta property=\"og:locale\" content=\"ru_RU\" \/>\n<meta property=\"og:type\" content=\"article\" \/>\n<meta property=\"og:title\" content=\"Une konsultatsioon - Unen\u00f5ustaja | Unen\u00f5ustamine | Unehaldjas\" \/>\n<meta property=\"og:description\" content=\"Unekonsultatsioon on m\u00f5eldud t\u00e4iendavaks toetuseks p\u00e4rast seminaril osalemist v\u00f5i individuaaln\u00f5ustamise l\u00e4bimist.\" \/>\n<meta property=\"og:url\" content=\"https:\/\/unehaldjas.ee\/ru\/toode\/une-konsultatsioon\/\" \/>\n<meta property=\"og:site_name\" content=\"Unen\u00f5ustaja | Unen\u00f5ustamine | Unehaldjas\" \/>\n<meta property=\"article:publisher\" content=\"https:\/\/www.facebook.com\/unehaldjas\" \/>\n<meta property=\"article:modified_time\" content=\"2026-03-08T15:21:01+00:00\" \/>\n<meta property=\"og:image\" content=\"https:\/\/unehaldjas.ee\/wp-content\/uploads\/2020\/06\/21.png\" \/>\n\t<meta property=\"og:image:width\" content=\"1023\" \/>\n\t<meta property=\"og:image:height\" content=\"681\" \/>\n\t<meta property=\"og:image:type\" content=\"image\/png\" \/>\n<meta name=\"twitter:card\" content=\"summary_large_image\" \/>\n<meta name=\"twitter:label1\" content=\"\u041f\u0440\u0438\u043c\u0435\u0440\u043d\u043e\u0435 \u0432\u0440\u0435\u043c\u044f \u0434\u043b\u044f \u0447\u0442\u0435\u043d\u0438\u044f\" \/>\n\t<meta name=\"twitter:data1\" content=\"1 \u043c\u0438\u043d\u0443\u0442\u0430\" \/>\n<script type=\"application\/ld+json\" class=\"yoast-schema-graph\">{\"@context\":\"https:\/\/schema.org\",\"@graph\":[{\"@type\":\"WebPage\",\"@id\":\"https:\/\/unehaldjas.ee\/toode\/une-konsultatsioon\/\",\"url\":\"https:\/\/unehaldjas.ee\/toode\/une-konsultatsioon\/\",\"name\":\"Une konsultatsioon - Unen\u00f5ustaja | Unen\u00f5ustamine | Unehaldjas\",\"isPartOf\":{\"@id\":\"https:\/\/unehaldjas.ee\/#website\"},\"primaryImageOfPage\":{\"@id\":\"https:\/\/unehaldjas.ee\/toode\/une-konsultatsioon\/#primaryimage\"},\"image\":{\"@id\":\"https:\/\/unehaldjas.ee\/toode\/une-konsultatsioon\/#primaryimage\"},\"thumbnailUrl\":\"https:\/\/unehaldjas.ee\/wp-content\/uploads\/2020\/06\/21.png\",\"datePublished\":\"2020-06-11T14:10:48+00:00\",\"dateModified\":\"2026-03-08T15:21:01+00:00\",\"description\":\"Unekonsultatsioon on m\u00f5eldud t\u00e4iendavaks toetuseks p\u00e4rast seminaril osalemist v\u00f5i individuaaln\u00f5ustamise l\u00e4bimist.\",\"breadcrumb\":{\"@id\":\"https:\/\/unehaldjas.ee\/toode\/une-konsultatsioon\/#breadcrumb\"},\"inLanguage\":\"ru-RU\",\"potentialAction\":[{\"@type\":\"ReadAction\",\"target\":[\"https:\/\/unehaldjas.ee\/toode\/une-konsultatsioon\/\"]}]},{\"@type\":\"ImageObject\",\"inLanguage\":\"ru-RU\",\"@id\":\"https:\/\/unehaldjas.ee\/toode\/une-konsultatsioon\/#primaryimage\",\"url\":\"https:\/\/unehaldjas.ee\/wp-content\/uploads\/2020\/06\/21.png\",\"contentUrl\":\"https:\/\/unehaldjas.ee\/wp-content\/uploads\/2020\/06\/21.png\",\"width\":1023,\"height\":681},{\"@type\":\"BreadcrumbList\",\"@id\":\"https:\/\/unehaldjas.ee\/toode\/une-konsultatsioon\/#breadcrumb\",\"itemListElement\":[{\"@type\":\"ListItem\",\"position\":1,\"name\":\"Home\",\"item\":\"https:\/\/unehaldjas.ee\/\"},{\"@type\":\"ListItem\",\"position\":2,\"name\":\"Pood\",\"item\":\"https:\/\/unehaldjas.ee\/pood\/\"},{\"@type\":\"ListItem\",\"position\":3,\"name\":\"Une konsultatsioon\"}]},{\"@type\":\"WebSite\",\"@id\":\"https:\/\/unehaldjas.ee\/#website\",\"url\":\"https:\/\/unehaldjas.ee\/\",\"name\":\"Unen\u00f5ustaja | Unen\u00f5ustamine | Unehaldjas\",\"description\":\"Unen\u00f5ustamine beebidele ja v\u00e4ikelastele (0-5a), teaduslik ja terviklik l\u00e4henemine\",\"potentialAction\":[{\"@type\":\"SearchAction\",\"target\":{\"@type\":\"EntryPoint\",\"urlTemplate\":\"https:\/\/unehaldjas.ee\/?s={search_term_string}\"},\"query-input\":{\"@type\":\"PropertyValueSpecification\",\"valueRequired\":true,\"valueName\":\"search_term_string\"}}],\"inLanguage\":\"ru-RU\"}]}<\/script>\n<!-- \/ Yoast SEO plugin. -->","yoast_head_json":{"title":"Une konsultatsioon - Unen\u00f5ustaja | Unen\u00f5ustamine | Unehaldjas","description":"Unekonsultatsioon on m\u00f5eldud t\u00e4iendavaks toetuseks p\u00e4rast seminaril osalemist v\u00f5i individuaaln\u00f5ustamise l\u00e4bimist.","robots":{"index":"index","follow":"follow","max-snippet":"max-snippet:-1","max-image-preview":"max-image-preview:large","max-video-preview":"max-video-preview:-1"},"canonical":"https:\/\/unehaldjas.ee\/ru\/toode\/une-konsultatsioon\/","og_locale":"ru_RU","og_type":"article","og_title":"Une konsultatsioon - Unen\u00f5ustaja | Unen\u00f5ustamine | Unehaldjas","og_description":"Unekonsultatsioon on m\u00f5eldud t\u00e4iendavaks toetuseks p\u00e4rast seminaril osalemist v\u00f5i individuaaln\u00f5ustamise l\u00e4bimist.","og_url":"https:\/\/unehaldjas.ee\/ru\/toode\/une-konsultatsioon\/","og_site_name":"Unen\u00f5ustaja | Unen\u00f5ustamine | Unehaldjas","article_publisher":"https:\/\/www.facebook.com\/unehaldjas","article_modified_time":"2026-03-08T15:21:01+00:00","og_image":[{"width":1023,"height":681,"url":"https:\/\/unehaldjas.ee\/wp-content\/uploads\/2020\/06\/21.png","type":"image\/png"}],"twitter_card":"summary_large_image","twitter_misc":{"\u041f\u0440\u0438\u043c\u0435\u0440\u043d\u043e\u0435 \u0432\u0440\u0435\u043c\u044f \u0434\u043b\u044f \u0447\u0442\u0435\u043d\u0438\u044f":"1 \u043c\u0438\u043d\u0443\u0442\u0430"},"schema":{"@context":"https:\/\/schema.org","@graph":[{"@type":"WebPage","@id":"https:\/\/unehaldjas.ee\/toode\/une-konsultatsioon\/","url":"https:\/\/unehaldjas.ee\/toode\/une-konsultatsioon\/","name":"Une konsultatsioon - Unen\u00f5ustaja | Unen\u00f5ustamine | Unehaldjas","isPartOf":{"@id":"https:\/\/unehaldjas.ee\/#website"},"primaryImageOfPage":{"@id":"https:\/\/unehaldjas.ee\/toode\/une-konsultatsioon\/#primaryimage"},"image":{"@id":"https:\/\/unehaldjas.ee\/toode\/une-konsultatsioon\/#primaryimage"},"thumbnailUrl":"https:\/\/unehaldjas.ee\/wp-content\/uploads\/2020\/06\/21.png","datePublished":"2020-06-11T14:10:48+00:00","dateModified":"2026-03-08T15:21:01+00:00","description":"Unekonsultatsioon on m\u00f5eldud t\u00e4iendavaks toetuseks p\u00e4rast seminaril osalemist v\u00f5i individuaaln\u00f5ustamise l\u00e4bimist.","breadcrumb":{"@id":"https:\/\/unehaldjas.ee\/toode\/une-konsultatsioon\/#breadcrumb"},"inLanguage":"ru-RU","potentialAction":[{"@type":"ReadAction","target":["https:\/\/unehaldjas.ee\/toode\/une-konsultatsioon\/"]}]},{"@type":"ImageObject","inLanguage":"ru-RU","@id":"https:\/\/unehaldjas.ee\/toode\/une-konsultatsioon\/#primaryimage","url":"https:\/\/unehaldjas.ee\/wp-content\/uploads\/2020\/06\/21.png","contentUrl":"https:\/\/unehaldjas.ee\/wp-content\/uploads\/2020\/06\/21.png","width":1023,"height":681},{"@type":"BreadcrumbList","@id":"https:\/\/unehaldjas.ee\/toode\/une-konsultatsioon\/#breadcrumb","itemListElement":[{"@type":"ListItem","position":1,"name":"Home","item":"https:\/\/unehaldjas.ee\/"},{"@type":"ListItem","position":2,"name":"Pood","item":"https:\/\/unehaldjas.ee\/pood\/"},{"@type":"ListItem","position":3,"name":"Une konsultatsioon"}]},{"@type":"WebSite","@id":"https:\/\/unehaldjas.ee\/#website","url":"https:\/\/unehaldjas.ee\/","name":"Unen\u00f5ustaja | Unen\u00f5ustamine | Unehaldjas","description":"Unen\u00f5ustamine beebidele ja v\u00e4ikelastele (0-5a), teaduslik ja terviklik l\u00e4henemine","potentialAction":[{"@type":"SearchAction","target":{"@type":"EntryPoint","urlTemplate":"https:\/\/unehaldjas.ee\/?s={search_term_string}"},"query-input":{"@type":"PropertyValueSpecification","valueRequired":true,"valueName":"search_term_string"}}],"inLanguage":"ru-RU"}]}},"_links":{"self":[{"href":"https:\/\/unehaldjas.ee\/ru\/wp-json\/wp\/v2\/product\/3281","targetHints":{"allow":["GET"]}}],"collection":[{"href":"https:\/\/unehaldjas.ee\/ru\/wp-json\/wp\/v2\/product"}],"about":[{"href":"https:\/\/unehaldjas.ee\/ru\/wp-json\/wp\/v2\/types\/product"}],"replies":[{"embeddable":true,"href":"https:\/\/unehaldjas.ee\/ru\/wp-json\/wp\/v2\/comments?post=3281"}],"wp:featuredmedia":[{"embeddable":true,"href":"https:\/\/unehaldjas.ee\/ru\/wp-json\/wp\/v2\/media\/3282"}],"wp:attachment":[{"href":"https:\/\/unehaldjas.ee\/ru\/wp-json\/wp\/v2\/media?parent=3281"}],"wp:term":[{"taxonomy":"product_brand","embeddable":true,"href":"https:\/\/unehaldjas.ee\/ru\/wp-json\/wp\/v2\/product_brand?post=3281"},{"taxonomy":"product_cat","embeddable":true,"href":"https:\/\/unehaldjas.ee\/ru\/wp-json\/wp\/v2\/product_cat?post=3281"},{"taxonomy":"product_tag","embeddable":true,"href":"https:\/\/unehaldjas.ee\/ru\/wp-json\/wp\/v2\/product_tag?post=3281"}],"curies":[{"name":"wp","href":"https:\/\/api.w.org\/{rel}","templated":true}]}}