{"id":14650,"date":"2026-03-16T08:18:22","date_gmt":"2026-03-16T08:18:22","guid":{"rendered":"https:\/\/unehaldjas.ee\/?post_type=product&#038;p=14650"},"modified":"2026-04-21T09:20:29","modified_gmt":"2026-04-21T09:20:29","slug":"luhikonsultatsioon","status":"publish","type":"product","link":"https:\/\/unehaldjas.ee\/ru\/toode\/luhikonsultatsioon\/","title":{"rendered":"L\u00fchikonsultatsioon"},"content":{"rendered":"","protected":false},"excerpt":{"rendered":"<p><strong>L\u00fchikonsultatsioon on m\u00f5eldud <\/strong><\/p>\n<ul>\n<li>\u00fcksikute k\u00fcsimuste arutamiseks p\u00e4rast individuaaln\u00f5ustamise l\u00e4bimist<\/li>\n<li>veebikursuste l\u00e4bimise j\u00e4rgselt lisak\u00fcsimuste k\u00fcsimiseks<\/li>\n<\/ul>\n<p><strong><i>Konsultatsioon kestab 20 minutit ja toimub veebi teel.<\/i><\/strong><\/p>","protected":false},"featured_media":14659,"comment_status":"closed","ping_status":"closed","template":"","meta":{"_et_pb_use_builder":"","_et_pb_old_content":"","_et_gb_content_width":""},"product_brand":[],"product_cat":[32,31,26],"product_tag":[],"class_list":{"0":"post-14650","1":"product","2":"type-product","3":"status-publish","4":"has-post-thumbnail","6":"product_cat-noustamise-jareltugi","7":"product_cat-seminari-jareltugi","8":"product_cat-veebipohine-noustamine","10":"first","11":"instock","12":"shipping-taxable","13":"purchasable","14":"product-type-simple"},"yoast_head":"<!-- This site is optimized with the Yoast SEO plugin v26.8 - https:\/\/yoast.com\/product\/yoast-seo-wordpress\/ -->\n<title>L\u00fchikonsultatsioon - Unen\u00f5ustaja | Unen\u00f5ustamine | Unehaldjas<\/title>\n<meta name=\"robots\" content=\"index, follow, max-snippet:-1, max-image-preview:large, max-video-preview:-1\" \/>\n<link rel=\"canonical\" href=\"https:\/\/unehaldjas.ee\/ru\/toode\/luhikonsultatsioon\/\" \/>\n<meta property=\"og:locale\" content=\"ru_RU\" \/>\n<meta property=\"og:type\" content=\"article\" \/>\n<meta property=\"og:title\" content=\"L\u00fchikonsultatsioon - Unen\u00f5ustaja | Unen\u00f5ustamine | Unehaldjas\" \/>\n<meta property=\"og:description\" content=\"L\u00fchikonsultatsioon on m\u00f5eldud    \u00fcksikute k\u00fcsimuste arutamiseks p\u00e4rast individuaaln\u00f5ustamise l\u00e4bimist  veebikursuste l\u00e4bimise j\u00e4rgselt lisak\u00fcsimuste k\u00fcsimiseks  Konsultatsioon kestab 20 minutit ja toimub veebi teel.\" \/>\n<meta property=\"og:url\" content=\"https:\/\/unehaldjas.ee\/ru\/toode\/luhikonsultatsioon\/\" \/>\n<meta property=\"og:site_name\" content=\"Unen\u00f5ustaja | Unen\u00f5ustamine | Unehaldjas\" \/>\n<meta property=\"article:publisher\" content=\"https:\/\/www.facebook.com\/unehaldjas\" \/>\n<meta property=\"article:modified_time\" content=\"2026-04-21T09:20:29+00:00\" \/>\n<meta property=\"og:image\" content=\"https:\/\/unehaldjas.ee\/wp-content\/uploads\/2026\/03\/lyhikonsult.jpg\" \/>\n\t<meta property=\"og:image:width\" content=\"895\" \/>\n\t<meta property=\"og:image:height\" content=\"596\" \/>\n\t<meta property=\"og:image:type\" content=\"image\/jpeg\" \/>\n<meta name=\"twitter:card\" content=\"summary_large_image\" \/>\n<meta name=\"twitter:label1\" content=\"\u041f\u0440\u0438\u043c\u0435\u0440\u043d\u043e\u0435 \u0432\u0440\u0435\u043c\u044f \u0434\u043b\u044f \u0447\u0442\u0435\u043d\u0438\u044f\" \/>\n\t<meta name=\"twitter:data1\" content=\"1 \u043c\u0438\u043d\u0443\u0442\u0430\" \/>\n<script type=\"application\/ld+json\" class=\"yoast-schema-graph\">{\"@context\":\"https:\/\/schema.org\",\"@graph\":[{\"@type\":\"WebPage\",\"@id\":\"https:\/\/unehaldjas.ee\/toode\/luhikonsultatsioon\/\",\"url\":\"https:\/\/unehaldjas.ee\/toode\/luhikonsultatsioon\/\",\"name\":\"L\u00fchikonsultatsioon - Unen\u00f5ustaja | Unen\u00f5ustamine | Unehaldjas\",\"isPartOf\":{\"@id\":\"https:\/\/unehaldjas.ee\/#website\"},\"primaryImageOfPage\":{\"@id\":\"https:\/\/unehaldjas.ee\/toode\/luhikonsultatsioon\/#primaryimage\"},\"image\":{\"@id\":\"https:\/\/unehaldjas.ee\/toode\/luhikonsultatsioon\/#primaryimage\"},\"thumbnailUrl\":\"https:\/\/unehaldjas.ee\/wp-content\/uploads\/2026\/03\/lyhikonsult.jpg\",\"datePublished\":\"2026-03-16T08:18:22+00:00\",\"dateModified\":\"2026-04-21T09:20:29+00:00\",\"breadcrumb\":{\"@id\":\"https:\/\/unehaldjas.ee\/toode\/luhikonsultatsioon\/#breadcrumb\"},\"inLanguage\":\"ru-RU\",\"potentialAction\":[{\"@type\":\"ReadAction\",\"target\":[\"https:\/\/unehaldjas.ee\/toode\/luhikonsultatsioon\/\"]}]},{\"@type\":\"ImageObject\",\"inLanguage\":\"ru-RU\",\"@id\":\"https:\/\/unehaldjas.ee\/toode\/luhikonsultatsioon\/#primaryimage\",\"url\":\"https:\/\/unehaldjas.ee\/wp-content\/uploads\/2026\/03\/lyhikonsult.jpg\",\"contentUrl\":\"https:\/\/unehaldjas.ee\/wp-content\/uploads\/2026\/03\/lyhikonsult.jpg\",\"width\":895,\"height\":596},{\"@type\":\"BreadcrumbList\",\"@id\":\"https:\/\/unehaldjas.ee\/toode\/luhikonsultatsioon\/#breadcrumb\",\"itemListElement\":[{\"@type\":\"ListItem\",\"position\":1,\"name\":\"Home\",\"item\":\"https:\/\/unehaldjas.ee\/\"},{\"@type\":\"ListItem\",\"position\":2,\"name\":\"Pood\",\"item\":\"https:\/\/unehaldjas.ee\/pood\/\"},{\"@type\":\"ListItem\",\"position\":3,\"name\":\"L\u00fchikonsultatsioon\"}]},{\"@type\":\"WebSite\",\"@id\":\"https:\/\/unehaldjas.ee\/#website\",\"url\":\"https:\/\/unehaldjas.ee\/\",\"name\":\"Unen\u00f5ustaja | Unen\u00f5ustamine | Unehaldjas\",\"description\":\"Unen\u00f5ustamine beebidele ja v\u00e4ikelastele (0-5a), teaduslik ja terviklik l\u00e4henemine\",\"potentialAction\":[{\"@type\":\"SearchAction\",\"target\":{\"@type\":\"EntryPoint\",\"urlTemplate\":\"https:\/\/unehaldjas.ee\/?s={search_term_string}\"},\"query-input\":{\"@type\":\"PropertyValueSpecification\",\"valueRequired\":true,\"valueName\":\"search_term_string\"}}],\"inLanguage\":\"ru-RU\"}]}<\/script>\n<!-- \/ Yoast SEO plugin. -->","yoast_head_json":{"title":"L\u00fchikonsultatsioon - Unen\u00f5ustaja | Unen\u00f5ustamine | Unehaldjas","robots":{"index":"index","follow":"follow","max-snippet":"max-snippet:-1","max-image-preview":"max-image-preview:large","max-video-preview":"max-video-preview:-1"},"canonical":"https:\/\/unehaldjas.ee\/ru\/toode\/luhikonsultatsioon\/","og_locale":"ru_RU","og_type":"article","og_title":"L\u00fchikonsultatsioon - Unen\u00f5ustaja | Unen\u00f5ustamine | Unehaldjas","og_description":"L\u00fchikonsultatsioon on m\u00f5eldud    \u00fcksikute k\u00fcsimuste arutamiseks p\u00e4rast individuaaln\u00f5ustamise l\u00e4bimist  veebikursuste l\u00e4bimise j\u00e4rgselt lisak\u00fcsimuste k\u00fcsimiseks  Konsultatsioon kestab 20 minutit ja toimub veebi teel.","og_url":"https:\/\/unehaldjas.ee\/ru\/toode\/luhikonsultatsioon\/","og_site_name":"Unen\u00f5ustaja | Unen\u00f5ustamine | Unehaldjas","article_publisher":"https:\/\/www.facebook.com\/unehaldjas","article_modified_time":"2026-04-21T09:20:29+00:00","og_image":[{"width":895,"height":596,"url":"https:\/\/unehaldjas.ee\/wp-content\/uploads\/2026\/03\/lyhikonsult.jpg","type":"image\/jpeg"}],"twitter_card":"summary_large_image","twitter_misc":{"\u041f\u0440\u0438\u043c\u0435\u0440\u043d\u043e\u0435 \u0432\u0440\u0435\u043c\u044f \u0434\u043b\u044f \u0447\u0442\u0435\u043d\u0438\u044f":"1 \u043c\u0438\u043d\u0443\u0442\u0430"},"schema":{"@context":"https:\/\/schema.org","@graph":[{"@type":"WebPage","@id":"https:\/\/unehaldjas.ee\/toode\/luhikonsultatsioon\/","url":"https:\/\/unehaldjas.ee\/toode\/luhikonsultatsioon\/","name":"L\u00fchikonsultatsioon - Unen\u00f5ustaja | Unen\u00f5ustamine | Unehaldjas","isPartOf":{"@id":"https:\/\/unehaldjas.ee\/#website"},"primaryImageOfPage":{"@id":"https:\/\/unehaldjas.ee\/toode\/luhikonsultatsioon\/#primaryimage"},"image":{"@id":"https:\/\/unehaldjas.ee\/toode\/luhikonsultatsioon\/#primaryimage"},"thumbnailUrl":"https:\/\/unehaldjas.ee\/wp-content\/uploads\/2026\/03\/lyhikonsult.jpg","datePublished":"2026-03-16T08:18:22+00:00","dateModified":"2026-04-21T09:20:29+00:00","breadcrumb":{"@id":"https:\/\/unehaldjas.ee\/toode\/luhikonsultatsioon\/#breadcrumb"},"inLanguage":"ru-RU","potentialAction":[{"@type":"ReadAction","target":["https:\/\/unehaldjas.ee\/toode\/luhikonsultatsioon\/"]}]},{"@type":"ImageObject","inLanguage":"ru-RU","@id":"https:\/\/unehaldjas.ee\/toode\/luhikonsultatsioon\/#primaryimage","url":"https:\/\/unehaldjas.ee\/wp-content\/uploads\/2026\/03\/lyhikonsult.jpg","contentUrl":"https:\/\/unehaldjas.ee\/wp-content\/uploads\/2026\/03\/lyhikonsult.jpg","width":895,"height":596},{"@type":"BreadcrumbList","@id":"https:\/\/unehaldjas.ee\/toode\/luhikonsultatsioon\/#breadcrumb","itemListElement":[{"@type":"ListItem","position":1,"name":"Home","item":"https:\/\/unehaldjas.ee\/"},{"@type":"ListItem","position":2,"name":"Pood","item":"https:\/\/unehaldjas.ee\/pood\/"},{"@type":"ListItem","position":3,"name":"L\u00fchikonsultatsioon"}]},{"@type":"WebSite","@id":"https:\/\/unehaldjas.ee\/#website","url":"https:\/\/unehaldjas.ee\/","name":"Unen\u00f5ustaja | Unen\u00f5ustamine | Unehaldjas","description":"Unen\u00f5ustamine beebidele ja v\u00e4ikelastele (0-5a), teaduslik ja terviklik l\u00e4henemine","potentialAction":[{"@type":"SearchAction","target":{"@type":"EntryPoint","urlTemplate":"https:\/\/unehaldjas.ee\/?s={search_term_string}"},"query-input":{"@type":"PropertyValueSpecification","valueRequired":true,"valueName":"search_term_string"}}],"inLanguage":"ru-RU"}]}},"_links":{"self":[{"href":"https:\/\/unehaldjas.ee\/ru\/wp-json\/wp\/v2\/product\/14650","targetHints":{"allow":["GET"]}}],"collection":[{"href":"https:\/\/unehaldjas.ee\/ru\/wp-json\/wp\/v2\/product"}],"about":[{"href":"https:\/\/unehaldjas.ee\/ru\/wp-json\/wp\/v2\/types\/product"}],"replies":[{"embeddable":true,"href":"https:\/\/unehaldjas.ee\/ru\/wp-json\/wp\/v2\/comments?post=14650"}],"wp:featuredmedia":[{"embeddable":true,"href":"https:\/\/unehaldjas.ee\/ru\/wp-json\/wp\/v2\/media\/14659"}],"wp:attachment":[{"href":"https:\/\/unehaldjas.ee\/ru\/wp-json\/wp\/v2\/media?parent=14650"}],"wp:term":[{"taxonomy":"product_brand","embeddable":true,"href":"https:\/\/unehaldjas.ee\/ru\/wp-json\/wp\/v2\/product_brand?post=14650"},{"taxonomy":"product_cat","embeddable":true,"href":"https:\/\/unehaldjas.ee\/ru\/wp-json\/wp\/v2\/product_cat?post=14650"},{"taxonomy":"product_tag","embeddable":true,"href":"https:\/\/unehaldjas.ee\/ru\/wp-json\/wp\/v2\/product_tag?post=14650"}],"curies":[{"name":"wp","href":"https:\/\/api.w.org\/{rel}","templated":true}]}}