{"id":14152,"date":"2024-11-28T10:49:37","date_gmt":"2024-11-28T10:49:37","guid":{"rendered":"https:\/\/unehaldjas.ee\/?post_type=product&#038;p=14152"},"modified":"2025-04-28T00:18:49","modified_gmt":"2025-04-28T00:18:49","slug":"kursuse-kinkepilet-beebi-vaikelaps","status":"publish","type":"product","link":"https:\/\/unehaldjas.ee\/ru\/toode\/kursuse-kinkepilet-beebi-vaikelaps\/","title":{"rendered":"Kursuse kinkepilet (Beebi &#038; v\u00e4ikelaps)"},"content":{"rendered":"","protected":false},"excerpt":{"rendered":"<p>Beebi ja v\u00e4ikelapse une veebikursus on suurep\u00e4rane kingitus \u00fcle 4-kuu kuni 2-aastase lapse v\u00e4sinud vanematele.<\/p>\n<p><em><strong>NB! Palun m\u00e4rgi tellimuse ankeedi kommentaaridesse, kas soovid, et edastame kinkepileti otse saajale (sel juhul lisa kinkepileti saaja nimi ning emaili aadress) v\u00f5i Sulle emailile ja saad selle ise saajale \u00fcle anda.<\/strong><\/em><\/p>","protected":false},"featured_media":14153,"comment_status":"closed","ping_status":"closed","template":"","meta":{"_et_pb_use_builder":"","_et_pb_old_content":"","_et_gb_content_width":""},"product_brand":[],"product_cat":[33,27],"product_tag":[],"class_list":{"0":"post-14152","1":"product","2":"type-product","3":"status-publish","4":"has-post-thumbnail","6":"product_cat-kinkepiletid","7":"product_cat-koolitusedseminarid","9":"first","10":"instock","11":"virtual","12":"purchasable","13":"product-type-simple"},"yoast_head":"<!-- This site is optimized with the Yoast SEO plugin v26.8 - https:\/\/yoast.com\/product\/yoast-seo-wordpress\/ -->\n<title>Kursuse kinkepilet (Beebi &amp; v\u00e4ikelaps) - Unen\u00f5ustaja | Unen\u00f5ustamine | Unehaldjas<\/title>\n<meta name=\"description\" content=\"Uni on parim kingitus v\u00e4sinud lapsevanemale. Unehaldjas pakub Sulle v\u00f5imaluse teha parim kingitus - teadmised beebi ja v\u00e4ikelapse unest.\" \/>\n<meta name=\"robots\" content=\"index, follow, max-snippet:-1, max-image-preview:large, max-video-preview:-1\" \/>\n<link rel=\"canonical\" href=\"https:\/\/unehaldjas.ee\/ru\/toode\/kursuse-kinkepilet-beebi-vaikelaps\/\" \/>\n<meta property=\"og:locale\" content=\"ru_RU\" \/>\n<meta property=\"og:type\" content=\"article\" \/>\n<meta property=\"og:title\" content=\"Kursuse kinkepilet (Beebi &amp; v\u00e4ikelaps) - Unen\u00f5ustaja | Unen\u00f5ustamine | Unehaldjas\" \/>\n<meta property=\"og:description\" content=\"Uni on parim kingitus v\u00e4sinud lapsevanemale. Unehaldjas pakub Sulle v\u00f5imaluse teha parim kingitus - teadmised beebi ja v\u00e4ikelapse unest.\" \/>\n<meta property=\"og:url\" content=\"https:\/\/unehaldjas.ee\/ru\/toode\/kursuse-kinkepilet-beebi-vaikelaps\/\" \/>\n<meta property=\"og:site_name\" content=\"Unen\u00f5ustaja | Unen\u00f5ustamine | Unehaldjas\" \/>\n<meta property=\"article:publisher\" content=\"https:\/\/www.facebook.com\/unehaldjas\" \/>\n<meta property=\"article:modified_time\" content=\"2025-04-28T00:18:49+00:00\" \/>\n<meta property=\"og:image\" content=\"https:\/\/unehaldjas.ee\/wp-content\/uploads\/2024\/11\/5.jpg\" \/>\n\t<meta property=\"og:image:width\" content=\"639\" \/>\n\t<meta property=\"og:image:height\" content=\"426\" \/>\n\t<meta property=\"og:image:type\" content=\"image\/jpeg\" \/>\n<meta name=\"twitter:card\" content=\"summary_large_image\" \/>\n<meta name=\"twitter:label1\" content=\"\u041f\u0440\u0438\u043c\u0435\u0440\u043d\u043e\u0435 \u0432\u0440\u0435\u043c\u044f \u0434\u043b\u044f \u0447\u0442\u0435\u043d\u0438\u044f\" \/>\n\t<meta name=\"twitter:data1\" content=\"1 \u043c\u0438\u043d\u0443\u0442\u0430\" \/>\n<script type=\"application\/ld+json\" class=\"yoast-schema-graph\">{\"@context\":\"https:\/\/schema.org\",\"@graph\":[{\"@type\":\"WebPage\",\"@id\":\"https:\/\/unehaldjas.ee\/toode\/kursuse-kinkepilet-beebi-vaikelaps\/\",\"url\":\"https:\/\/unehaldjas.ee\/toode\/kursuse-kinkepilet-beebi-vaikelaps\/\",\"name\":\"Kursuse kinkepilet (Beebi & v\u00e4ikelaps) - Unen\u00f5ustaja | Unen\u00f5ustamine | Unehaldjas\",\"isPartOf\":{\"@id\":\"https:\/\/unehaldjas.ee\/#website\"},\"primaryImageOfPage\":{\"@id\":\"https:\/\/unehaldjas.ee\/toode\/kursuse-kinkepilet-beebi-vaikelaps\/#primaryimage\"},\"image\":{\"@id\":\"https:\/\/unehaldjas.ee\/toode\/kursuse-kinkepilet-beebi-vaikelaps\/#primaryimage\"},\"thumbnailUrl\":\"https:\/\/unehaldjas.ee\/wp-content\/uploads\/2024\/11\/5.jpg\",\"datePublished\":\"2024-11-28T10:49:37+00:00\",\"dateModified\":\"2025-04-28T00:18:49+00:00\",\"description\":\"Uni on parim kingitus v\u00e4sinud lapsevanemale. Unehaldjas pakub Sulle v\u00f5imaluse teha parim kingitus - teadmised beebi ja v\u00e4ikelapse unest.\",\"breadcrumb\":{\"@id\":\"https:\/\/unehaldjas.ee\/toode\/kursuse-kinkepilet-beebi-vaikelaps\/#breadcrumb\"},\"inLanguage\":\"ru-RU\",\"potentialAction\":[{\"@type\":\"ReadAction\",\"target\":[\"https:\/\/unehaldjas.ee\/toode\/kursuse-kinkepilet-beebi-vaikelaps\/\"]}]},{\"@type\":\"ImageObject\",\"inLanguage\":\"ru-RU\",\"@id\":\"https:\/\/unehaldjas.ee\/toode\/kursuse-kinkepilet-beebi-vaikelaps\/#primaryimage\",\"url\":\"https:\/\/unehaldjas.ee\/wp-content\/uploads\/2024\/11\/5.jpg\",\"contentUrl\":\"https:\/\/unehaldjas.ee\/wp-content\/uploads\/2024\/11\/5.jpg\",\"width\":639,\"height\":426},{\"@type\":\"BreadcrumbList\",\"@id\":\"https:\/\/unehaldjas.ee\/toode\/kursuse-kinkepilet-beebi-vaikelaps\/#breadcrumb\",\"itemListElement\":[{\"@type\":\"ListItem\",\"position\":1,\"name\":\"Home\",\"item\":\"https:\/\/unehaldjas.ee\/\"},{\"@type\":\"ListItem\",\"position\":2,\"name\":\"Pood\",\"item\":\"https:\/\/unehaldjas.ee\/pood\/\"},{\"@type\":\"ListItem\",\"position\":3,\"name\":\"Kursuse kinkepilet (Beebi &#038; v\u00e4ikelaps)\"}]},{\"@type\":\"WebSite\",\"@id\":\"https:\/\/unehaldjas.ee\/#website\",\"url\":\"https:\/\/unehaldjas.ee\/\",\"name\":\"Unen\u00f5ustaja | Unen\u00f5ustamine | Unehaldjas\",\"description\":\"Unen\u00f5ustamine beebidele ja v\u00e4ikelastele (0-5a), teaduslik ja terviklik l\u00e4henemine\",\"potentialAction\":[{\"@type\":\"SearchAction\",\"target\":{\"@type\":\"EntryPoint\",\"urlTemplate\":\"https:\/\/unehaldjas.ee\/?s={search_term_string}\"},\"query-input\":{\"@type\":\"PropertyValueSpecification\",\"valueRequired\":true,\"valueName\":\"search_term_string\"}}],\"inLanguage\":\"ru-RU\"}]}<\/script>\n<!-- \/ Yoast SEO plugin. -->","yoast_head_json":{"title":"Kursuse kinkepilet (Beebi & v\u00e4ikelaps) - Unen\u00f5ustaja | Unen\u00f5ustamine | Unehaldjas","description":"Uni on parim kingitus v\u00e4sinud lapsevanemale. Unehaldjas pakub Sulle v\u00f5imaluse teha parim kingitus - teadmised beebi ja v\u00e4ikelapse unest.","robots":{"index":"index","follow":"follow","max-snippet":"max-snippet:-1","max-image-preview":"max-image-preview:large","max-video-preview":"max-video-preview:-1"},"canonical":"https:\/\/unehaldjas.ee\/ru\/toode\/kursuse-kinkepilet-beebi-vaikelaps\/","og_locale":"ru_RU","og_type":"article","og_title":"Kursuse kinkepilet (Beebi & v\u00e4ikelaps) - Unen\u00f5ustaja | Unen\u00f5ustamine | Unehaldjas","og_description":"Uni on parim kingitus v\u00e4sinud lapsevanemale. Unehaldjas pakub Sulle v\u00f5imaluse teha parim kingitus - teadmised beebi ja v\u00e4ikelapse unest.","og_url":"https:\/\/unehaldjas.ee\/ru\/toode\/kursuse-kinkepilet-beebi-vaikelaps\/","og_site_name":"Unen\u00f5ustaja | Unen\u00f5ustamine | Unehaldjas","article_publisher":"https:\/\/www.facebook.com\/unehaldjas","article_modified_time":"2025-04-28T00:18:49+00:00","og_image":[{"width":639,"height":426,"url":"https:\/\/unehaldjas.ee\/wp-content\/uploads\/2024\/11\/5.jpg","type":"image\/jpeg"}],"twitter_card":"summary_large_image","twitter_misc":{"\u041f\u0440\u0438\u043c\u0435\u0440\u043d\u043e\u0435 \u0432\u0440\u0435\u043c\u044f \u0434\u043b\u044f \u0447\u0442\u0435\u043d\u0438\u044f":"1 \u043c\u0438\u043d\u0443\u0442\u0430"},"schema":{"@context":"https:\/\/schema.org","@graph":[{"@type":"WebPage","@id":"https:\/\/unehaldjas.ee\/toode\/kursuse-kinkepilet-beebi-vaikelaps\/","url":"https:\/\/unehaldjas.ee\/toode\/kursuse-kinkepilet-beebi-vaikelaps\/","name":"Kursuse kinkepilet (Beebi & v\u00e4ikelaps) - Unen\u00f5ustaja | Unen\u00f5ustamine | Unehaldjas","isPartOf":{"@id":"https:\/\/unehaldjas.ee\/#website"},"primaryImageOfPage":{"@id":"https:\/\/unehaldjas.ee\/toode\/kursuse-kinkepilet-beebi-vaikelaps\/#primaryimage"},"image":{"@id":"https:\/\/unehaldjas.ee\/toode\/kursuse-kinkepilet-beebi-vaikelaps\/#primaryimage"},"thumbnailUrl":"https:\/\/unehaldjas.ee\/wp-content\/uploads\/2024\/11\/5.jpg","datePublished":"2024-11-28T10:49:37+00:00","dateModified":"2025-04-28T00:18:49+00:00","description":"Uni on parim kingitus v\u00e4sinud lapsevanemale. Unehaldjas pakub Sulle v\u00f5imaluse teha parim kingitus - teadmised beebi ja v\u00e4ikelapse unest.","breadcrumb":{"@id":"https:\/\/unehaldjas.ee\/toode\/kursuse-kinkepilet-beebi-vaikelaps\/#breadcrumb"},"inLanguage":"ru-RU","potentialAction":[{"@type":"ReadAction","target":["https:\/\/unehaldjas.ee\/toode\/kursuse-kinkepilet-beebi-vaikelaps\/"]}]},{"@type":"ImageObject","inLanguage":"ru-RU","@id":"https:\/\/unehaldjas.ee\/toode\/kursuse-kinkepilet-beebi-vaikelaps\/#primaryimage","url":"https:\/\/unehaldjas.ee\/wp-content\/uploads\/2024\/11\/5.jpg","contentUrl":"https:\/\/unehaldjas.ee\/wp-content\/uploads\/2024\/11\/5.jpg","width":639,"height":426},{"@type":"BreadcrumbList","@id":"https:\/\/unehaldjas.ee\/toode\/kursuse-kinkepilet-beebi-vaikelaps\/#breadcrumb","itemListElement":[{"@type":"ListItem","position":1,"name":"Home","item":"https:\/\/unehaldjas.ee\/"},{"@type":"ListItem","position":2,"name":"Pood","item":"https:\/\/unehaldjas.ee\/pood\/"},{"@type":"ListItem","position":3,"name":"Kursuse kinkepilet (Beebi &#038; v\u00e4ikelaps)"}]},{"@type":"WebSite","@id":"https:\/\/unehaldjas.ee\/#website","url":"https:\/\/unehaldjas.ee\/","name":"Unen\u00f5ustaja | Unen\u00f5ustamine | Unehaldjas","description":"Unen\u00f5ustamine beebidele ja v\u00e4ikelastele (0-5a), teaduslik ja terviklik l\u00e4henemine","potentialAction":[{"@type":"SearchAction","target":{"@type":"EntryPoint","urlTemplate":"https:\/\/unehaldjas.ee\/?s={search_term_string}"},"query-input":{"@type":"PropertyValueSpecification","valueRequired":true,"valueName":"search_term_string"}}],"inLanguage":"ru-RU"}]}},"_links":{"self":[{"href":"https:\/\/unehaldjas.ee\/ru\/wp-json\/wp\/v2\/product\/14152","targetHints":{"allow":["GET"]}}],"collection":[{"href":"https:\/\/unehaldjas.ee\/ru\/wp-json\/wp\/v2\/product"}],"about":[{"href":"https:\/\/unehaldjas.ee\/ru\/wp-json\/wp\/v2\/types\/product"}],"replies":[{"embeddable":true,"href":"https:\/\/unehaldjas.ee\/ru\/wp-json\/wp\/v2\/comments?post=14152"}],"wp:featuredmedia":[{"embeddable":true,"href":"https:\/\/unehaldjas.ee\/ru\/wp-json\/wp\/v2\/media\/14153"}],"wp:attachment":[{"href":"https:\/\/unehaldjas.ee\/ru\/wp-json\/wp\/v2\/media?parent=14152"}],"wp:term":[{"taxonomy":"product_brand","embeddable":true,"href":"https:\/\/unehaldjas.ee\/ru\/wp-json\/wp\/v2\/product_brand?post=14152"},{"taxonomy":"product_cat","embeddable":true,"href":"https:\/\/unehaldjas.ee\/ru\/wp-json\/wp\/v2\/product_cat?post=14152"},{"taxonomy":"product_tag","embeddable":true,"href":"https:\/\/unehaldjas.ee\/ru\/wp-json\/wp\/v2\/product_tag?post=14152"}],"curies":[{"name":"wp","href":"https:\/\/api.w.org\/{rel}","templated":true}]}}