{"id":12760,"date":"2023-03-12T14:12:02","date_gmt":"2023-03-12T14:12:02","guid":{"rendered":"https:\/\/unehaldjas.ee\/?post_type=product&#038;p=12760"},"modified":"2025-04-28T00:18:49","modified_gmt":"2025-04-28T00:18:49","slug":"veebiloeng-mudilase-hea-uni","status":"publish","type":"product","link":"https:\/\/unehaldjas.ee\/ru\/toode\/veebiloeng-mudilase-hea-uni\/","title":{"rendered":"Loeng-kursus: Mudilase magus uni"},"content":{"rendered":"","protected":false},"excerpt":{"rendered":"<p>Loeng-kursus on m\u00f5eldud 2-6-aastaste laste vanematele, kes soovivad parandada v\u00f5i toetada oma lapse und.<\/p>\n<p><strong>Loenguteemad:<\/strong><\/p>\n<ul>\n<li>\u00dclevaade 2-6-aastase lapse arengust ja unevajaduse muutumisest, et saaksid eakohasel viisil toetada rahumeelset und;<\/li>\n<li>Paindlikud ning eakohased p\u00e4evakavad, millest l\u00e4htuda oma lapse uner\u00fctmi suunamisel;<\/li>\n<li>Und soodustava unekeskkonna loomine, mis aitab saavutada pikemaid uinakuid ja terviklikku \u00f6\u00f6und;<\/li>\n<li>Juhised rahustava unerituaali kujundamiseks, et magamaminek kulgeks sujuvalt ja rahumeelselt;<\/li>\n<li>Iseseisvalt uinumise harjumuse \u00f5petamine, et kogu pere saaks \u00f6\u00f6sel h\u00e4sti puhata ning Sinul lapsevanemana oleks \u00f5htuti aega ka iseendale ja partnerile;<\/li>\n<li>n\u00f5uanded mudilase kasvava mina-tundega toimetulekuks, et oskaksid rahumeelselt uneajaga seotud piire seada<\/li>\n<\/ul>\n<p><strong>Sinu p\u00e4\u00e4se sisaldab:<\/strong><\/p>\n<ul>\n<li><em>Ligip\u00e4\u00e4su videoloengutele (kokku 2h)<\/em><\/li>\n<li><em>J\u00e4relvaatamine on avatud kuni 2023.aasta l\u00f5puni <\/em><\/li>\n<\/ul>","protected":false},"featured_media":12775,"comment_status":"closed","ping_status":"closed","template":"","meta":{"_et_pb_use_builder":"","_et_pb_old_content":"","_et_gb_content_width":""},"product_brand":[],"product_cat":[27],"product_tag":[],"class_list":{"0":"post-12760","1":"product","2":"type-product","3":"status-publish","4":"has-post-thumbnail","6":"product_cat-koolitusedseminarid","8":"first","9":"instock","10":"virtual","11":"purchasable","12":"product-type-simple"},"yoast_head":"<!-- This site is optimized with the Yoast SEO plugin v26.8 - https:\/\/yoast.com\/product\/yoast-seo-wordpress\/ -->\n<title>Loeng-kursus: Mudilase magus uni<\/title>\n<meta name=\"description\" content=\"Kui Sinu 2-6-aastane v\u00f5itleb une vastu, \u00e4rkab endiselt \u00f6\u00f6siti, keeldub uinakutest v\u00f5i \u00e4rkab liiga vara, aitame Sul luua oma mudilasele parem uni!\" \/>\n<meta name=\"robots\" content=\"index, follow, max-snippet:-1, max-image-preview:large, max-video-preview:-1\" \/>\n<link rel=\"canonical\" href=\"https:\/\/unehaldjas.ee\/ru\/toode\/veebiloeng-mudilase-hea-uni\/\" \/>\n<meta property=\"og:locale\" content=\"ru_RU\" \/>\n<meta property=\"og:type\" content=\"article\" \/>\n<meta property=\"og:title\" content=\"Loeng-kursus: Mudilase magus uni\" \/>\n<meta property=\"og:description\" content=\"Kui Sinu 2-6-aastane v\u00f5itleb une vastu, \u00e4rkab endiselt \u00f6\u00f6siti, keeldub uinakutest v\u00f5i \u00e4rkab liiga vara, aitame Sul luua oma mudilasele parem uni!\" \/>\n<meta property=\"og:url\" content=\"https:\/\/unehaldjas.ee\/ru\/toode\/veebiloeng-mudilase-hea-uni\/\" \/>\n<meta property=\"og:site_name\" content=\"Unen\u00f5ustaja | Unen\u00f5ustamine | Unehaldjas\" \/>\n<meta property=\"article:publisher\" content=\"https:\/\/www.facebook.com\/unehaldjas\" \/>\n<meta property=\"article:modified_time\" content=\"2025-04-28T00:18:49+00:00\" \/>\n<meta property=\"og:image\" content=\"https:\/\/unehaldjas.ee\/wp-content\/uploads\/2023\/03\/Product-images-2.png\" \/>\n\t<meta property=\"og:image:width\" content=\"1023\" \/>\n\t<meta property=\"og:image:height\" content=\"681\" \/>\n\t<meta property=\"og:image:type\" content=\"image\/png\" \/>\n<meta name=\"twitter:card\" content=\"summary_large_image\" \/>\n<meta name=\"twitter:label1\" content=\"\u041f\u0440\u0438\u043c\u0435\u0440\u043d\u043e\u0435 \u0432\u0440\u0435\u043c\u044f \u0434\u043b\u044f \u0447\u0442\u0435\u043d\u0438\u044f\" \/>\n\t<meta name=\"twitter:data1\" content=\"1 \u043c\u0438\u043d\u0443\u0442\u0430\" \/>\n<script type=\"application\/ld+json\" class=\"yoast-schema-graph\">{\"@context\":\"https:\/\/schema.org\",\"@graph\":[{\"@type\":\"WebPage\",\"@id\":\"https:\/\/unehaldjas.ee\/toode\/veebiloeng-mudilase-hea-uni\/\",\"url\":\"https:\/\/unehaldjas.ee\/toode\/veebiloeng-mudilase-hea-uni\/\",\"name\":\"Loeng-kursus: Mudilase magus uni\",\"isPartOf\":{\"@id\":\"https:\/\/unehaldjas.ee\/#website\"},\"primaryImageOfPage\":{\"@id\":\"https:\/\/unehaldjas.ee\/toode\/veebiloeng-mudilase-hea-uni\/#primaryimage\"},\"image\":{\"@id\":\"https:\/\/unehaldjas.ee\/toode\/veebiloeng-mudilase-hea-uni\/#primaryimage\"},\"thumbnailUrl\":\"https:\/\/unehaldjas.ee\/wp-content\/uploads\/2023\/03\/Product-images-2.png\",\"datePublished\":\"2023-03-12T14:12:02+00:00\",\"dateModified\":\"2025-04-28T00:18:49+00:00\",\"description\":\"Kui Sinu 2-6-aastane v\u00f5itleb une vastu, \u00e4rkab endiselt \u00f6\u00f6siti, keeldub uinakutest v\u00f5i \u00e4rkab liiga vara, aitame Sul luua oma mudilasele parem uni!\",\"breadcrumb\":{\"@id\":\"https:\/\/unehaldjas.ee\/toode\/veebiloeng-mudilase-hea-uni\/#breadcrumb\"},\"inLanguage\":\"ru-RU\",\"potentialAction\":[{\"@type\":\"ReadAction\",\"target\":[\"https:\/\/unehaldjas.ee\/toode\/veebiloeng-mudilase-hea-uni\/\"]}]},{\"@type\":\"ImageObject\",\"inLanguage\":\"ru-RU\",\"@id\":\"https:\/\/unehaldjas.ee\/toode\/veebiloeng-mudilase-hea-uni\/#primaryimage\",\"url\":\"https:\/\/unehaldjas.ee\/wp-content\/uploads\/2023\/03\/Product-images-2.png\",\"contentUrl\":\"https:\/\/unehaldjas.ee\/wp-content\/uploads\/2023\/03\/Product-images-2.png\",\"width\":1023,\"height\":681},{\"@type\":\"BreadcrumbList\",\"@id\":\"https:\/\/unehaldjas.ee\/toode\/veebiloeng-mudilase-hea-uni\/#breadcrumb\",\"itemListElement\":[{\"@type\":\"ListItem\",\"position\":1,\"name\":\"Home\",\"item\":\"https:\/\/unehaldjas.ee\/\"},{\"@type\":\"ListItem\",\"position\":2,\"name\":\"Pood\",\"item\":\"https:\/\/unehaldjas.ee\/pood\/\"},{\"@type\":\"ListItem\",\"position\":3,\"name\":\"Loeng-kursus: Mudilase magus uni\"}]},{\"@type\":\"WebSite\",\"@id\":\"https:\/\/unehaldjas.ee\/#website\",\"url\":\"https:\/\/unehaldjas.ee\/\",\"name\":\"Unen\u00f5ustaja | Unen\u00f5ustamine | Unehaldjas\",\"description\":\"Unen\u00f5ustamine beebidele ja v\u00e4ikelastele (0-5a), teaduslik ja terviklik l\u00e4henemine\",\"potentialAction\":[{\"@type\":\"SearchAction\",\"target\":{\"@type\":\"EntryPoint\",\"urlTemplate\":\"https:\/\/unehaldjas.ee\/?s={search_term_string}\"},\"query-input\":{\"@type\":\"PropertyValueSpecification\",\"valueRequired\":true,\"valueName\":\"search_term_string\"}}],\"inLanguage\":\"ru-RU\"}]}<\/script>\n<!-- \/ Yoast SEO plugin. -->","yoast_head_json":{"title":"Loeng-kursus: Mudilase magus uni","description":"Kui Sinu 2-6-aastane v\u00f5itleb une vastu, \u00e4rkab endiselt \u00f6\u00f6siti, keeldub uinakutest v\u00f5i \u00e4rkab liiga vara, aitame Sul luua oma mudilasele parem uni!","robots":{"index":"index","follow":"follow","max-snippet":"max-snippet:-1","max-image-preview":"max-image-preview:large","max-video-preview":"max-video-preview:-1"},"canonical":"https:\/\/unehaldjas.ee\/ru\/toode\/veebiloeng-mudilase-hea-uni\/","og_locale":"ru_RU","og_type":"article","og_title":"Loeng-kursus: Mudilase magus uni","og_description":"Kui Sinu 2-6-aastane v\u00f5itleb une vastu, \u00e4rkab endiselt \u00f6\u00f6siti, keeldub uinakutest v\u00f5i \u00e4rkab liiga vara, aitame Sul luua oma mudilasele parem uni!","og_url":"https:\/\/unehaldjas.ee\/ru\/toode\/veebiloeng-mudilase-hea-uni\/","og_site_name":"Unen\u00f5ustaja | Unen\u00f5ustamine | Unehaldjas","article_publisher":"https:\/\/www.facebook.com\/unehaldjas","article_modified_time":"2025-04-28T00:18:49+00:00","og_image":[{"width":1023,"height":681,"url":"https:\/\/unehaldjas.ee\/wp-content\/uploads\/2023\/03\/Product-images-2.png","type":"image\/png"}],"twitter_card":"summary_large_image","twitter_misc":{"\u041f\u0440\u0438\u043c\u0435\u0440\u043d\u043e\u0435 \u0432\u0440\u0435\u043c\u044f \u0434\u043b\u044f \u0447\u0442\u0435\u043d\u0438\u044f":"1 \u043c\u0438\u043d\u0443\u0442\u0430"},"schema":{"@context":"https:\/\/schema.org","@graph":[{"@type":"WebPage","@id":"https:\/\/unehaldjas.ee\/toode\/veebiloeng-mudilase-hea-uni\/","url":"https:\/\/unehaldjas.ee\/toode\/veebiloeng-mudilase-hea-uni\/","name":"Loeng-kursus: Mudilase magus uni","isPartOf":{"@id":"https:\/\/unehaldjas.ee\/#website"},"primaryImageOfPage":{"@id":"https:\/\/unehaldjas.ee\/toode\/veebiloeng-mudilase-hea-uni\/#primaryimage"},"image":{"@id":"https:\/\/unehaldjas.ee\/toode\/veebiloeng-mudilase-hea-uni\/#primaryimage"},"thumbnailUrl":"https:\/\/unehaldjas.ee\/wp-content\/uploads\/2023\/03\/Product-images-2.png","datePublished":"2023-03-12T14:12:02+00:00","dateModified":"2025-04-28T00:18:49+00:00","description":"Kui Sinu 2-6-aastane v\u00f5itleb une vastu, \u00e4rkab endiselt \u00f6\u00f6siti, keeldub uinakutest v\u00f5i \u00e4rkab liiga vara, aitame Sul luua oma mudilasele parem uni!","breadcrumb":{"@id":"https:\/\/unehaldjas.ee\/toode\/veebiloeng-mudilase-hea-uni\/#breadcrumb"},"inLanguage":"ru-RU","potentialAction":[{"@type":"ReadAction","target":["https:\/\/unehaldjas.ee\/toode\/veebiloeng-mudilase-hea-uni\/"]}]},{"@type":"ImageObject","inLanguage":"ru-RU","@id":"https:\/\/unehaldjas.ee\/toode\/veebiloeng-mudilase-hea-uni\/#primaryimage","url":"https:\/\/unehaldjas.ee\/wp-content\/uploads\/2023\/03\/Product-images-2.png","contentUrl":"https:\/\/unehaldjas.ee\/wp-content\/uploads\/2023\/03\/Product-images-2.png","width":1023,"height":681},{"@type":"BreadcrumbList","@id":"https:\/\/unehaldjas.ee\/toode\/veebiloeng-mudilase-hea-uni\/#breadcrumb","itemListElement":[{"@type":"ListItem","position":1,"name":"Home","item":"https:\/\/unehaldjas.ee\/"},{"@type":"ListItem","position":2,"name":"Pood","item":"https:\/\/unehaldjas.ee\/pood\/"},{"@type":"ListItem","position":3,"name":"Loeng-kursus: Mudilase magus uni"}]},{"@type":"WebSite","@id":"https:\/\/unehaldjas.ee\/#website","url":"https:\/\/unehaldjas.ee\/","name":"Unen\u00f5ustaja | Unen\u00f5ustamine | Unehaldjas","description":"Unen\u00f5ustamine beebidele ja v\u00e4ikelastele (0-5a), teaduslik ja terviklik l\u00e4henemine","potentialAction":[{"@type":"SearchAction","target":{"@type":"EntryPoint","urlTemplate":"https:\/\/unehaldjas.ee\/?s={search_term_string}"},"query-input":{"@type":"PropertyValueSpecification","valueRequired":true,"valueName":"search_term_string"}}],"inLanguage":"ru-RU"}]}},"_links":{"self":[{"href":"https:\/\/unehaldjas.ee\/ru\/wp-json\/wp\/v2\/product\/12760","targetHints":{"allow":["GET"]}}],"collection":[{"href":"https:\/\/unehaldjas.ee\/ru\/wp-json\/wp\/v2\/product"}],"about":[{"href":"https:\/\/unehaldjas.ee\/ru\/wp-json\/wp\/v2\/types\/product"}],"replies":[{"embeddable":true,"href":"https:\/\/unehaldjas.ee\/ru\/wp-json\/wp\/v2\/comments?post=12760"}],"wp:featuredmedia":[{"embeddable":true,"href":"https:\/\/unehaldjas.ee\/ru\/wp-json\/wp\/v2\/media\/12775"}],"wp:attachment":[{"href":"https:\/\/unehaldjas.ee\/ru\/wp-json\/wp\/v2\/media?parent=12760"}],"wp:term":[{"taxonomy":"product_brand","embeddable":true,"href":"https:\/\/unehaldjas.ee\/ru\/wp-json\/wp\/v2\/product_brand?post=12760"},{"taxonomy":"product_cat","embeddable":true,"href":"https:\/\/unehaldjas.ee\/ru\/wp-json\/wp\/v2\/product_cat?post=12760"},{"taxonomy":"product_tag","embeddable":true,"href":"https:\/\/unehaldjas.ee\/ru\/wp-json\/wp\/v2\/product_tag?post=12760"}],"curies":[{"name":"wp","href":"https:\/\/api.w.org\/{rel}","templated":true}]}}