{"id":4175,"date":"2021-01-11T21:02:15","date_gmt":"2021-01-11T21:02:15","guid":{"rendered":"https:\/\/unehaldjas.ee\/?page_id=4175"},"modified":"2021-11-09T12:23:22","modified_gmt":"2021-11-09T12:23:22","slug":"mini-veebiseminarid","status":"publish","type":"page","link":"https:\/\/unehaldjas.ee\/ru\/mini-veebiseminarid\/","title":{"rendered":"Mini-veebiseminarid"},"content":{"rendered":"<p>[et_pb_section fb_built=&#8221;1&#8243; disabled_on=&#8221;off|off|off&#8221; _builder_version=&#8221;4.7.6&#8243; background_color=&#8221;#6d7373&#8243; background_color_gradient_direction=&#8221;270deg&#8221; background_image=&#8221;https:\/\/unehaldjas.ee\/wp-content\/uploads\/2020\/11\/19.png&#8221; background_position=&#8221;bottom_center&#8221; background_blend=&#8221;overlay&#8221; custom_padding=&#8221;140px||140px||true|&#8221; bottom_divider_style=&#8221;waves2&#8243; bottom_divider_color=&#8221;#c3dff7&#8243; global_colors_info=&#8221;{}&#8221;][et_pb_row column_structure=&#8221;1_2,1_2&#8243; make_equal=&#8221;on&#8221; _builder_version=&#8221;3.25&#8243; global_colors_info=&#8221;{}&#8221;][et_pb_column type=&#8221;1_2&#8243; _builder_version=&#8221;3.25&#8243; custom_padding=&#8221;|||&#8221; global_colors_info=&#8221;{}&#8221; custom_padding__hover=&#8221;|||&#8221;][et_pb_text _builder_version=&#8221;4.7.6&#8243; text_font=&#8221;||||||||&#8221; header_font=&#8221;Amethyst||||||||&#8221; header_text_align=&#8221;center&#8221; header_text_color=&#8221;#fbe46f&#8221; header_font_size=&#8221;72px&#8221; background_blend=&#8221;overlay&#8221; custom_margin=&#8221;||0px||false|false&#8221; custom_padding=&#8221;||0px||false|false&#8221; link_option_url=&#8221;https:\/\/babysleepcoach.ch\/products\/resources&#8221; link_option_url_new_window=&#8221;on&#8221; header_font_size_tablet=&#8221;&#8221; header_font_size_phone=&#8221;54px&#8221; header_font_size_last_edited=&#8221;on|phone&#8221; global_colors_info=&#8221;{}&#8221; header_text_color__hover_enabled=&#8221;on&#8221; header_text_color__hover=&#8221;#fbe46f&#8221;]<\/p>\n<h1>Tasuta veebiseminarid<\/h1>\n<p>[\/et_pb_text][et_pb_text _builder_version=&#8221;4.7.6&#8243; text_font=&#8221;Open Sans|700||on|||||&#8221; text_text_color=&#8221;#ffffff&#8221; text_font_size=&#8221;24px&#8221; text_orientation=&#8221;center&#8221; global_colors_info=&#8221;{}&#8221;]<\/p>\n<p>Perede parema une heaks<\/p>\n<p>[\/et_pb_text][\/et_pb_column][et_pb_column type=&#8221;1_2&#8243; _builder_version=&#8221;3.25&#8243; custom_padding=&#8221;|||&#8221; global_colors_info=&#8221;{}&#8221; custom_padding__hover=&#8221;|||&#8221;][\/et_pb_column][\/et_pb_row][\/et_pb_section][et_pb_section fb_built=&#8221;1&#8243; disabled_on=&#8221;off|off|off&#8221; _builder_version=&#8221;3.29.3&#8243; background_color=&#8221;#c3dff7&#8243; background_enable_image=&#8221;off&#8221; background_blend=&#8221;overlay&#8221; custom_margin=&#8221;||50px|||&#8221; custom_padding=&#8221;30px||110px||false|&#8221; bottom_divider_style=&#8221;waves2&#8243; bottom_divider_color=&#8221;#ffffff&#8221; global_colors_info=&#8221;{}&#8221;][et_pb_row _builder_version=&#8221;4.7.6&#8243; _module_preset=&#8221;default&#8221; global_colors_info=&#8221;{}&#8221;][et_pb_column type=&#8221;4_4&#8243; _builder_version=&#8221;4.7.6&#8243; _module_preset=&#8221;default&#8221; global_colors_info=&#8221;{}&#8221;][et_pb_signup provider=&#8221;activecampaign&#8221; activecampaign_list=&#8221;https:\/\/unehaldjasee\/privaatsuspoliitika\/|16&#8243; name_field=&#8221;on&#8221; first_name_fullwidth=&#8221;off&#8221; last_name_fullwidth=&#8221;off&#8221; success_message=&#8221;Ait\u00e4h! Oled registreeritud. Kinnitusmeili leiad oma e-postkastist! P.S! Vaata ka r\u00e4mpsposti hulka.&#8221; title=&#8221;Liitu vaid \u00fche klikiga!&#8221; button_text=&#8221;Registreeru!&#8221; description=&#8221;<\/p>\n<p style=%22text-align: center;%22><span>Oma nime ja emailiga registreerudes saad koheselt ligip\u00e4\u00e4su varasemate l\u00fchiseminaride salvestustele ning j\u00e4rgnevate tasuta veebiseminaride info j\u00f5uab otse Sinu postkasti.<\/span><\/p>\n<p>&#8221; footer_content=&#8221;<\/p>\n<p style=%22text-align: center;%22><em>Registreerudes n\u00f5ustud meie <a href=%22https:\/\/unehaldjas.ee\/privaatsuspoliitika\/%22 data-et-target-link=%22_blank%22 rel=%22noopener noreferrer%22>privaatsuspoliitikaga<\/a>.<\/em><\/p>\n<p>&#8221; _builder_version=&#8221;4.9.4&#8243; _module_preset=&#8221;default&#8221; form_field_text_color=&#8221;#6d7373&#8243; header_text_align=&#8221;center&#8221; header_font_size=&#8221;50px&#8221; form_field_font=&#8221;Open Sans|||on|||||&#8221; form_field_font_size=&#8221;13px&#8221; form_field_letter_spacing=&#8221;1px&#8221; background_enable_color=&#8221;off&#8221; use_focus_border_color=&#8221;on&#8221; custom_button=&#8221;on&#8221; button_bg_color=&#8221;#c9384e&#8221; background_layout=&#8221;light&#8221; header_font_size_tablet=&#8221;42px&#8221; header_font_size_phone=&#8221;&#8221; header_font_size_last_edited=&#8221;on|tablet&#8221; button_bg_color_tablet=&#8221;&#8221; button_bg_color_phone=&#8221;&#8221; button_bg_color_last_edited=&#8221;on|desktop&#8221; border_radii_fields=&#8221;on|20px|20px|20px|20px&#8221; border_radii_fields_focus=&#8221;on|20px|20px|20px|20px&#8221; border_width_all_fields_focus=&#8221;1px&#8221; border_color_all_fields_focus=&#8221;#fbe46f&#8221; global_colors_info=&#8221;{}&#8221; button_bg_color__hover_enabled=&#8221;on|desktop&#8221; button_bg_color__hover=&#8221;#fbe46f&#8221; button_bg_enable_color__hover=&#8221;on&#8221;][\/et_pb_signup][\/et_pb_column][\/et_pb_row][\/et_pb_section][et_pb_section fb_built=&#8221;1&#8243; _builder_version=&#8221;3.29.3&#8243; custom_padding=&#8221;0px|||||&#8221; global_colors_info=&#8221;{}&#8221;][et_pb_row _builder_version=&#8221;4.7.6&#8243; _module_preset=&#8221;default&#8221; global_colors_info=&#8221;{}&#8221;][et_pb_column type=&#8221;4_4&#8243; _builder_version=&#8221;4.7.6&#8243; _module_preset=&#8221;default&#8221; global_colors_info=&#8221;{}&#8221;][et_pb_text _builder_version=&#8221;4.7.6&#8243; _module_preset=&#8221;default&#8221; header_font_size=&#8221;70px&#8221; text_orientation=&#8221;center&#8221; header_font_size_tablet=&#8221;60px&#8221; header_font_size_phone=&#8221;&#8221; header_font_size_last_edited=&#8221;on|tablet&#8221; global_colors_info=&#8221;{}&#8221;]<\/p>\n<h1>J\u00e4relvaadatavad:<\/h1>\n<p>[\/et_pb_text][\/et_pb_column][\/et_pb_row][et_pb_row column_structure=&#8221;1_2,1_2&#8243; _builder_version=&#8221;4.7.6&#8243; _module_preset=&#8221;default&#8221; custom_padding=&#8221;|20px||20px|false|true&#8221; border_radii=&#8221;on|20px|20px|20px|20px&#8221; border_width_all=&#8221;1px&#8221; border_color_all=&#8221;#5385a0&#8243; global_colors_info=&#8221;{}&#8221;][et_pb_column type=&#8221;1_2&#8243; _builder_version=&#8221;4.7.6&#8243; _module_preset=&#8221;default&#8221; global_colors_info=&#8221;{}&#8221;][et_pb_image src=&#8221;https:\/\/unehaldjas.ee\/wp-content\/uploads\/2021\/01\/10-unemu\u0308u\u0308ti.png&#8221; title_text=&#8221;10 unemu\u0308u\u0308ti&#8221; align=&#8221;center&#8221; _builder_version=&#8221;4.7.6&#8243; _module_preset=&#8221;default&#8221; global_colors_info=&#8221;{}&#8221;][\/et_pb_image][\/et_pb_column][et_pb_column type=&#8221;1_2&#8243; _builder_version=&#8221;4.7.6&#8243; _module_preset=&#8221;default&#8221; global_colors_info=&#8221;{}&#8221;][et_pb_text _builder_version=&#8221;4.9.4&#8243; _module_preset=&#8221;default&#8221; header_text_color=&#8221;#c9384e&#8221; header_font_size=&#8221;50px&#8221; header_2_font=&#8221;Open Sans|600||on|||||&#8221; header_2_text_color=&#8221;#c9384e&#8221; header_2_font_size=&#8221;24px&#8221; header_2_font_size_tablet=&#8221;20px&#8221; header_2_font_size_phone=&#8221;&#8221; header_2_font_size_last_edited=&#8221;on|tablet&#8221; global_colors_info=&#8221;{}&#8221;]<\/p>\n<h2>10 levinumat unem\u00fc\u00fcti<\/h2>\n<p><em>Kas hea uni on kaasas\u00fcndinud v\u00f5i omandatud oskus? Kas last saab harjutada magama h\u00e4sti \u00fcksk\u00f5ik kus ja millal? Kas vastab t\u00f5ele, et mida kauem last \u00fcleval hoida, seda paremini ta magab? Kas k\u00f5ik lapsed kasvavad uneprobleemidest v\u00e4lja?<\/em><\/p>\n<p>Neile ja paljudele teistele k\u00fcsimustele annab vastused meie esimesel l\u00fchi-veebiseminar, kus kummutame 10 k\u00f5ige levinumat unega seotud m\u00fc\u00fcti ja heidame valgust sagedastele eksiarvamustele, mis vanemate seas ringlevad.<\/p>\n<p><strong><em>J\u00e4rele vaatamiseks registreeru lehe \u00fclaosas oleva vormi kaudu ja saad koheselt ligip\u00e4\u00e4su!<\/em><\/strong><\/p>\n<p>[\/et_pb_text][\/et_pb_column][\/et_pb_row][\/et_pb_section]<\/p>\n","protected":false},"excerpt":{"rendered":"<p>Tasuta veebiseminaridPerede parema une heaksJ\u00e4relvaadatavad:10 levinumat unem\u00fc\u00fcti Kas hea uni on kaasas\u00fcndinud v\u00f5i omandatud oskus? Kas last saab harjutada magama h\u00e4sti \u00fcksk\u00f5ik kus ja millal? Kas vastab t\u00f5ele, et mida kauem last \u00fcleval hoida, seda paremini ta magab? Kas k\u00f5ik lapsed kasvavad uneprobleemidest v\u00e4lja? Neile ja paljudele teistele k\u00fcsimustele annab vastused meie esimesel l\u00fchi-veebiseminar, kus [&hellip;]<\/p>\n","protected":false},"author":1,"featured_media":0,"parent":0,"menu_order":0,"comment_status":"closed","ping_status":"closed","template":"","meta":{"_et_pb_use_builder":"on","_et_pb_old_content":"","_et_gb_content_width":"","footnotes":""},"class_list":["post-4175","page","type-page","status-publish","hentry"],"yoast_head":"<!-- This site is optimized with the Yoast SEO plugin v26.8 - https:\/\/yoast.com\/product\/yoast-seo-wordpress\/ -->\n<title>Mini-veebiseminarid - Unen\u00f5ustaja | Unen\u00f5ustamine | Unehaldjas<\/title>\n<meta name=\"robots\" content=\"index, follow, max-snippet:-1, max-image-preview:large, max-video-preview:-1\" \/>\n<link rel=\"canonical\" href=\"https:\/\/unehaldjas.ee\/ru\/mini-veebiseminarid\/\" \/>\n<meta property=\"og:locale\" content=\"ru_RU\" \/>\n<meta property=\"og:type\" content=\"article\" \/>\n<meta property=\"og:title\" content=\"Mini-veebiseminarid - Unen\u00f5ustaja | Unen\u00f5ustamine | Unehaldjas\" \/>\n<meta property=\"og:description\" content=\"Tasuta veebiseminaridPerede parema une heaksJ\u00e4relvaadatavad:10 levinumat unem\u00fc\u00fcti Kas hea uni on kaasas\u00fcndinud v\u00f5i omandatud oskus? Kas last saab harjutada magama h\u00e4sti \u00fcksk\u00f5ik kus ja millal? Kas vastab t\u00f5ele, et mida kauem last \u00fcleval hoida, seda paremini ta magab? Kas k\u00f5ik lapsed kasvavad uneprobleemidest v\u00e4lja? Neile ja paljudele teistele k\u00fcsimustele annab vastused meie esimesel l\u00fchi-veebiseminar, kus [&hellip;]\" \/>\n<meta property=\"og:url\" content=\"https:\/\/unehaldjas.ee\/ru\/mini-veebiseminarid\/\" \/>\n<meta property=\"og:site_name\" content=\"Unen\u00f5ustaja | Unen\u00f5ustamine | Unehaldjas\" \/>\n<meta property=\"article:publisher\" content=\"https:\/\/www.facebook.com\/unehaldjas\" \/>\n<meta property=\"article:modified_time\" content=\"2021-11-09T12:23:22+00:00\" \/>\n<meta name=\"twitter:card\" content=\"summary_large_image\" \/>\n<meta name=\"twitter:label1\" content=\"\u041f\u0440\u0438\u043c\u0435\u0440\u043d\u043e\u0435 \u0432\u0440\u0435\u043c\u044f \u0434\u043b\u044f \u0447\u0442\u0435\u043d\u0438\u044f\" \/>\n\t<meta name=\"twitter:data1\" content=\"4 \u043c\u0438\u043d\u0443\u0442\u044b\" \/>\n<script type=\"application\/ld+json\" class=\"yoast-schema-graph\">{\"@context\":\"https:\/\/schema.org\",\"@graph\":[{\"@type\":\"WebPage\",\"@id\":\"https:\/\/unehaldjas.ee\/mini-veebiseminarid\/\",\"url\":\"https:\/\/unehaldjas.ee\/mini-veebiseminarid\/\",\"name\":\"Mini-veebiseminarid - Unen\u00f5ustaja | Unen\u00f5ustamine | Unehaldjas\",\"isPartOf\":{\"@id\":\"https:\/\/unehaldjas.ee\/#website\"},\"datePublished\":\"2021-01-11T21:02:15+00:00\",\"dateModified\":\"2021-11-09T12:23:22+00:00\",\"breadcrumb\":{\"@id\":\"https:\/\/unehaldjas.ee\/mini-veebiseminarid\/#breadcrumb\"},\"inLanguage\":\"ru-RU\",\"potentialAction\":[{\"@type\":\"ReadAction\",\"target\":[\"https:\/\/unehaldjas.ee\/mini-veebiseminarid\/\"]}]},{\"@type\":\"BreadcrumbList\",\"@id\":\"https:\/\/unehaldjas.ee\/mini-veebiseminarid\/#breadcrumb\",\"itemListElement\":[{\"@type\":\"ListItem\",\"position\":1,\"name\":\"Home\",\"item\":\"https:\/\/unehaldjas.ee\/\"},{\"@type\":\"ListItem\",\"position\":2,\"name\":\"Mini-veebiseminarid\"}]},{\"@type\":\"WebSite\",\"@id\":\"https:\/\/unehaldjas.ee\/#website\",\"url\":\"https:\/\/unehaldjas.ee\/\",\"name\":\"Unen\u00f5ustaja | Unen\u00f5ustamine | Unehaldjas\",\"description\":\"Unen\u00f5ustamine beebidele ja v\u00e4ikelastele (0-5a), teaduslik ja terviklik l\u00e4henemine\",\"potentialAction\":[{\"@type\":\"SearchAction\",\"target\":{\"@type\":\"EntryPoint\",\"urlTemplate\":\"https:\/\/unehaldjas.ee\/?s={search_term_string}\"},\"query-input\":{\"@type\":\"PropertyValueSpecification\",\"valueRequired\":true,\"valueName\":\"search_term_string\"}}],\"inLanguage\":\"ru-RU\"}]}<\/script>\n<!-- \/ Yoast SEO plugin. -->","yoast_head_json":{"title":"Mini-veebiseminarid - Unen\u00f5ustaja | Unen\u00f5ustamine | Unehaldjas","robots":{"index":"index","follow":"follow","max-snippet":"max-snippet:-1","max-image-preview":"max-image-preview:large","max-video-preview":"max-video-preview:-1"},"canonical":"https:\/\/unehaldjas.ee\/ru\/mini-veebiseminarid\/","og_locale":"ru_RU","og_type":"article","og_title":"Mini-veebiseminarid - Unen\u00f5ustaja | Unen\u00f5ustamine | Unehaldjas","og_description":"Tasuta veebiseminaridPerede parema une heaksJ\u00e4relvaadatavad:10 levinumat unem\u00fc\u00fcti Kas hea uni on kaasas\u00fcndinud v\u00f5i omandatud oskus? Kas last saab harjutada magama h\u00e4sti \u00fcksk\u00f5ik kus ja millal? Kas vastab t\u00f5ele, et mida kauem last \u00fcleval hoida, seda paremini ta magab? Kas k\u00f5ik lapsed kasvavad uneprobleemidest v\u00e4lja? Neile ja paljudele teistele k\u00fcsimustele annab vastused meie esimesel l\u00fchi-veebiseminar, kus [&hellip;]","og_url":"https:\/\/unehaldjas.ee\/ru\/mini-veebiseminarid\/","og_site_name":"Unen\u00f5ustaja | Unen\u00f5ustamine | Unehaldjas","article_publisher":"https:\/\/www.facebook.com\/unehaldjas","article_modified_time":"2021-11-09T12:23:22+00:00","twitter_card":"summary_large_image","twitter_misc":{"\u041f\u0440\u0438\u043c\u0435\u0440\u043d\u043e\u0435 \u0432\u0440\u0435\u043c\u044f \u0434\u043b\u044f \u0447\u0442\u0435\u043d\u0438\u044f":"4 \u043c\u0438\u043d\u0443\u0442\u044b"},"schema":{"@context":"https:\/\/schema.org","@graph":[{"@type":"WebPage","@id":"https:\/\/unehaldjas.ee\/mini-veebiseminarid\/","url":"https:\/\/unehaldjas.ee\/mini-veebiseminarid\/","name":"Mini-veebiseminarid - Unen\u00f5ustaja | Unen\u00f5ustamine | Unehaldjas","isPartOf":{"@id":"https:\/\/unehaldjas.ee\/#website"},"datePublished":"2021-01-11T21:02:15+00:00","dateModified":"2021-11-09T12:23:22+00:00","breadcrumb":{"@id":"https:\/\/unehaldjas.ee\/mini-veebiseminarid\/#breadcrumb"},"inLanguage":"ru-RU","potentialAction":[{"@type":"ReadAction","target":["https:\/\/unehaldjas.ee\/mini-veebiseminarid\/"]}]},{"@type":"BreadcrumbList","@id":"https:\/\/unehaldjas.ee\/mini-veebiseminarid\/#breadcrumb","itemListElement":[{"@type":"ListItem","position":1,"name":"Home","item":"https:\/\/unehaldjas.ee\/"},{"@type":"ListItem","position":2,"name":"Mini-veebiseminarid"}]},{"@type":"WebSite","@id":"https:\/\/unehaldjas.ee\/#website","url":"https:\/\/unehaldjas.ee\/","name":"Unen\u00f5ustaja | Unen\u00f5ustamine | Unehaldjas","description":"Unen\u00f5ustamine beebidele ja v\u00e4ikelastele (0-5a), teaduslik ja terviklik l\u00e4henemine","potentialAction":[{"@type":"SearchAction","target":{"@type":"EntryPoint","urlTemplate":"https:\/\/unehaldjas.ee\/?s={search_term_string}"},"query-input":{"@type":"PropertyValueSpecification","valueRequired":true,"valueName":"search_term_string"}}],"inLanguage":"ru-RU"}]}},"_links":{"self":[{"href":"https:\/\/unehaldjas.ee\/ru\/wp-json\/wp\/v2\/pages\/4175","targetHints":{"allow":["GET"]}}],"collection":[{"href":"https:\/\/unehaldjas.ee\/ru\/wp-json\/wp\/v2\/pages"}],"about":[{"href":"https:\/\/unehaldjas.ee\/ru\/wp-json\/wp\/v2\/types\/page"}],"author":[{"embeddable":true,"href":"https:\/\/unehaldjas.ee\/ru\/wp-json\/wp\/v2\/users\/1"}],"replies":[{"embeddable":true,"href":"https:\/\/unehaldjas.ee\/ru\/wp-json\/wp\/v2\/comments?post=4175"}],"version-history":[{"count":0,"href":"https:\/\/unehaldjas.ee\/ru\/wp-json\/wp\/v2\/pages\/4175\/revisions"}],"wp:attachment":[{"href":"https:\/\/unehaldjas.ee\/ru\/wp-json\/wp\/v2\/media?parent=4175"}],"curies":[{"name":"wp","href":"https:\/\/api.w.org\/{rel}","templated":true}]}}