{"id":3141,"date":"2020-06-10T11:09:12","date_gmt":"2020-06-10T11:09:12","guid":{"rendered":"http:\/\/unehaldjas.ee\/?page_id=3141"},"modified":"2024-08-27T08:21:54","modified_gmt":"2024-08-27T08:21:54","slug":"esmakonsultatsioon","status":"publish","type":"page","link":"https:\/\/unehaldjas.ee\/ru\/esmakonsultatsioon\/","title":{"rendered":"Esmakonsultatsioon"},"content":{"rendered":"<p>[et_pb_section fb_built=&#8221;1&#8243; custom_padding_last_edited=&#8221;on|phone&#8221; disabled_on=&#8221;off|off|off&#8221; _builder_version=&#8221;4.19.1&#8243; background_color=&#8221;rgba(0,0,0,0.26)&#8221; background_color_gradient_direction=&#8221;270deg&#8221; background_image=&#8221;https:\/\/unehaldjas.ee\/wp-content\/uploads\/2022\/02\/95.png&#8221; background_blend=&#8221;overlay&#8221; custom_padding=&#8221;75px||75px||true|&#8221; custom_padding_tablet=&#8221;75px||75px||true|&#8221; custom_padding_phone=&#8221;20px||20px||true|false&#8221; bottom_divider_style=&#8221;waves2&#8243; bottom_divider_color=&#8221;#c3dff7&#8243; bottom_divider_height_tablet=&#8221;&#8221; bottom_divider_height_phone=&#8221;50px&#8221; bottom_divider_height_last_edited=&#8221;on|phone&#8221; global_colors_info=&#8221;{}&#8221;][et_pb_row column_structure=&#8221;1_2,1_2&#8243; make_equal=&#8221;on&#8221; custom_padding_last_edited=&#8221;on|phone&#8221; _builder_version=&#8221;4.19.1&#8243; custom_padding_tablet=&#8221;&#8221; custom_padding_phone=&#8221;||0px||false|false&#8221; global_colors_info=&#8221;{}&#8221;][et_pb_column type=&#8221;1_2&#8243; _builder_version=&#8221;4.16&#8243; custom_padding=&#8221;|||&#8221; global_colors_info=&#8221;{}&#8221; custom_padding__hover=&#8221;|||&#8221;][et_pb_text _builder_version=&#8221;4.22.2&#8243; text_font=&#8221;||||||||&#8221; header_font=&#8221;Open Sans|600|||||||&#8221; header_text_align=&#8221;center&#8221; header_text_color=&#8221;#fbe46f&#8221; header_font_size=&#8221;46px&#8221; background_blend=&#8221;overlay&#8221; custom_margin=&#8221;||0px||false|false&#8221; custom_padding=&#8221;||0px||false|false&#8221; link_option_url=&#8221;https:\/\/babysleepcoach.ch\/products\/resources&#8221; link_option_url_new_window=&#8221;on&#8221; header_font_size_tablet=&#8221;40px&#8221; header_font_size_phone=&#8221;30px&#8221; header_font_size_last_edited=&#8221;on|phone&#8221; global_colors_info=&#8221;{}&#8221; header_text_color__hover_enabled=&#8221;on&#8221; header_text_color__hover=&#8221;#fbe46f&#8221;]<\/p>\n<h1>Esmakonsultatsioon<\/h1>\n<p>[\/et_pb_text][et_pb_text _builder_version=&#8221;4.27.0&#8243; text_font=&#8221;Open Sans|700||on|||||&#8221; text_text_color=&#8221;#ffffff&#8221; text_font_size=&#8221;24px&#8221; text_orientation=&#8221;center&#8221; hover_enabled=&#8221;0&#8243; text_font_size_tablet=&#8221;24px&#8221; text_font_size_phone=&#8221;17px&#8221; text_font_size_last_edited=&#8221;on|phone&#8221; global_colors_info=&#8221;{}&#8221; sticky_enabled=&#8221;0&#8243;]<\/p>\n<p>esimene samm parema uneni<\/p>\n<p>[\/et_pb_text][et_pb_text _builder_version=&#8221;4.27.0&#8243; text_font=&#8221;Open Sans|700||on|||||&#8221; text_text_color=&#8221;#C9384E&#8221; text_font_size=&#8221;24px&#8221; text_orientation=&#8221;center&#8221; hover_enabled=&#8221;0&#8243; text_font_size_tablet=&#8221;24px&#8221; text_font_size_phone=&#8221;17px&#8221; text_font_size_last_edited=&#8221;on|phone&#8221; global_colors_info=&#8221;{}&#8221; background_color=&#8221;#FBE46F&#8221; width_last_edited=&#8221;on|desktop&#8221; width=&#8221;30%&#8221; module_alignment=&#8221;center&#8221; custom_padding=&#8221;10px||10px||true|false&#8221; sticky_enabled=&#8221;0&#8243; width_tablet=&#8221;30%&#8221; width_phone=&#8221;36%&#8221;]<\/p>\n<p>Tasuta!<\/p>\n<p>[\/et_pb_text][\/et_pb_column][et_pb_column type=&#8221;1_2&#8243; _builder_version=&#8221;4.16&#8243; custom_padding=&#8221;|||&#8221; global_colors_info=&#8221;{}&#8221; custom_padding__hover=&#8221;|||&#8221;][\/et_pb_column][\/et_pb_row][\/et_pb_section][et_pb_section fb_built=&#8221;1&#8243; custom_padding_last_edited=&#8221;on|phone&#8221; disabled_on=&#8221;off|off|off&#8221; _builder_version=&#8221;4.19.1&#8243; background_color=&#8221;#c3dff7&#8243; background_enable_image=&#8221;off&#8221; background_blend=&#8221;overlay&#8221; custom_padding=&#8221;30px||110px||false|&#8221; custom_padding_tablet=&#8221;30px||110px||false|&#8221; custom_padding_phone=&#8221;30px||50px||false|false&#8221; bottom_divider_style=&#8221;waves2&#8243; bottom_divider_color=&#8221;#ffffff&#8221; bottom_divider_height_tablet=&#8221;&#8221; bottom_divider_height_phone=&#8221;50px&#8221; bottom_divider_height_last_edited=&#8221;on|phone&#8221; global_colors_info=&#8221;{}&#8221;][et_pb_row custom_padding_last_edited=&#8221;on|phone&#8221; _builder_version=&#8221;4.16&#8243; custom_padding_tablet=&#8221;&#8221; custom_padding_phone=&#8221;0px||||false|false&#8221; global_colors_info=&#8221;{}&#8221;][et_pb_column type=&#8221;4_4&#8243; _builder_version=&#8221;4.16&#8243; global_colors_info=&#8221;{}&#8221;][et_pb_text _builder_version=&#8221;4.26.0&#8243; header_font=&#8221;Amethyst||||||||&#8221; header_text_align=&#8221;center&#8221; header_font_size=&#8221;50px&#8221; header_2_font=&#8221;Open Sans||||||||&#8221; header_2_text_align=&#8221;center&#8221; header_2_text_color=&#8221;#5385a0&#8243; header_2_font_size=&#8221;27px&#8221; custom_padding=&#8221;30px||||false|false&#8221; header_font_size_tablet=&#8221;&#8221; header_font_size_phone=&#8221;46px&#8221; header_font_size_last_edited=&#8221;on|phone&#8221; header_2_font_size_tablet=&#8221;24px&#8221; header_2_font_size_phone=&#8221;20px&#8221; header_2_font_size_last_edited=&#8221;on|phone&#8221; global_colors_info=&#8221;{}&#8221;]<\/p>\n<h2>Telefoni- v\u00f5i videok\u00f5ne vahendusel toimuv esmakonsultatsioon* on m\u00f5eldud neile, <strong>kes kaaluvad individuaaln\u00f5ustamist<\/strong> ning aitab Sul&#8230;<\/h2>\n<p>[\/et_pb_text][et_pb_blurb use_icon=&#8221;on&#8221; font_icon=&#8221;&#xe033;||divi||400&#8243; icon_placement=&#8221;left&#8221; image_icon_width=&#8221;30px&#8221; image_icon_width_tablet=&#8221;30px&#8221; image_icon_width_phone=&#8221;24px&#8221; image_icon_width_last_edited=&#8221;on|phone&#8221; _builder_version=&#8221;4.22.2&#8243; body_font=&#8221;||on||||||&#8221; body_text_color=&#8221;#6d7373&#8243; body_font_size=&#8221;18px&#8221; body_font_size_tablet=&#8221;18px&#8221; body_font_size_phone=&#8221;16px&#8221; body_font_size_last_edited=&#8221;on|phone&#8221; icon_font_size=&#8221;30px&#8221; global_colors_info=&#8221;{}&#8221;]m\u00f5ista oma lapse uneprobleemide p\u00f5hjuseid ja erinevate tegurite omavahelisi seoseid.[\/et_pb_blurb][et_pb_blurb use_icon=&#8221;on&#8221; font_icon=&#8221;&#xe033;||divi||400&#8243; icon_placement=&#8221;left&#8221; image_icon_width=&#8221;30px&#8221; image_icon_width_tablet=&#8221;30px&#8221; image_icon_width_phone=&#8221;24px&#8221; image_icon_width_last_edited=&#8221;on|phone&#8221; _builder_version=&#8221;4.22.2&#8243; body_font=&#8221;||on||||||&#8221; body_text_color=&#8221;#6d7373&#8243; body_font_size=&#8221;18px&#8221; body_font_size_tablet=&#8221;18px&#8221; body_font_size_phone=&#8221;16px&#8221; body_font_size_last_edited=&#8221;on|phone&#8221; icon_font_size=&#8221;30px&#8221; global_colors_info=&#8221;{}&#8221;]<\/p>\n<p>saada unen\u00f5ustajaga tuttavaks ja otsustada, kas ta on Sinu perele sobiv toetaja, sest usalduslik suhe n\u00f5ustaja ja Sinu vahel on protsessi edukuse seisukohalt v\u00e4ga oluline.<\/p>\n<p>[\/et_pb_blurb][et_pb_blurb use_icon=&#8221;on&#8221; font_icon=&#8221;&#xe033;||divi||400&#8243; icon_placement=&#8221;left&#8221; image_icon_width=&#8221;30px&#8221; image_icon_width_tablet=&#8221;30px&#8221; image_icon_width_phone=&#8221;24px&#8221; image_icon_width_last_edited=&#8221;on|phone&#8221; _builder_version=&#8221;4.22.2&#8243; body_font=&#8221;||on||||||&#8221; body_text_color=&#8221;#6d7373&#8243; body_font_size=&#8221;18px&#8221; body_font_size_tablet=&#8221;18px&#8221; body_font_size_phone=&#8221;16px&#8221; body_font_size_last_edited=&#8221;on|phone&#8221; icon_font_size=&#8221;30px&#8221; global_colors_info=&#8221;{}&#8221;]saada parem \u00fclevaade n\u00f5ustamisprotsessist ja vastused enda k\u00fcsimustele, enne kui langetad l\u00f5pliku otsuse.\u00a0[\/et_pb_blurb][et_pb_text _builder_version=&#8221;4.18.0&#8243; _module_preset=&#8221;default&#8221; text_font=&#8221;Open Sans|||on|||||&#8221; text_text_color=&#8221;#6D7373&#8243; text_font_size=&#8221;15px&#8221; header_3_font=&#8221;Open Sans|600||on|||||&#8221; header_3_text_color=&#8221;#C9384E&#8221; header_3_font_size=&#8221;20px&#8221; text_orientation=&#8221;center&#8221; header_3_font_size_tablet=&#8221;20px&#8221; header_3_font_size_phone=&#8221;18px&#8221; header_3_font_size_last_edited=&#8221;on|phone&#8221; global_colors_info=&#8221;{}&#8221;]<\/p>\n<h3>Esmane konsultatsioon on tasuta!<\/h3>\n<p>[\/et_pb_text][et_pb_text _builder_version=&#8221;4.16&#8243; _module_preset=&#8221;default&#8221; text_font=&#8221;||on||||||&#8221; text_font_size=&#8221;15px&#8221; text_orientation=&#8221;center&#8221; global_colors_info=&#8221;{}&#8221;]<\/p>\n<p>*Esmakonsultatsioon ei ole m\u00f5eldud \u00fcksikute unealaste k\u00fcsimuste k\u00fcsimiseks ega tasuta uneabi saamiseks.<\/p>\n<p>[\/et_pb_text][\/et_pb_column][\/et_pb_row][\/et_pb_section][et_pb_section fb_built=&#8221;1&#8243; _builder_version=&#8221;4.16&#8243; _module_preset=&#8221;default&#8221; global_colors_info=&#8221;{}&#8221;][et_pb_row _builder_version=&#8221;4.16&#8243; _module_preset=&#8221;default&#8221; global_colors_info=&#8221;{}&#8221;][et_pb_column type=&#8221;4_4&#8243; _builder_version=&#8221;4.16&#8243; _module_preset=&#8221;default&#8221; global_colors_info=&#8221;{}&#8221;][et_pb_text _builder_version=&#8221;4.16&#8243; _module_preset=&#8221;default&#8221; header_2_text_align=&#8221;center&#8221; header_2_font_size=&#8221;50px&#8221; header_2_font_size_tablet=&#8221;50px&#8221; header_2_font_size_phone=&#8221;38px&#8221; header_2_font_size_last_edited=&#8221;on|phone&#8221; global_colors_info=&#8221;{}&#8221;]<\/p>\n<h2>Meie n\u00f5ustajad<\/h2>\n<p>[\/et_pb_text][\/et_pb_column][\/et_pb_row][et_pb_row column_structure=&#8221;1_2,1_2&#8243; _builder_version=&#8221;4.22.2&#8243; width=&#8221;55%&#8221; width_tablet=&#8221;55%&#8221; width_phone=&#8221;70%&#8221; width_last_edited=&#8221;on|phone&#8221; global_colors_info=&#8221;{}&#8221;][et_pb_column type=&#8221;1_2&#8243; _builder_version=&#8221;4.22.2&#8243; custom_padding=&#8221;|||&#8221; global_colors_info=&#8221;{}&#8221; custom_padding__hover=&#8221;|||&#8221;][et_pb_team_member name=&#8221;Hanna Saar&#8221; position=&#8221;Unehaldja tegevjuht, magistrikraadiga ps\u00fchholoog, l\u00e4binud Institute of Sensitive Sleep imikute ja laste unen\u00f5ustaja veebikoolituse, 5 aastat unen\u00f5ustaja kogemust&#8221; image_url=&#8221;https:\/\/unehaldjas.ee\/wp-content\/uploads\/2023\/10\/hanna-saar-unenoustaja.png&#8221; _builder_version=&#8221;4.22.2&#8243; header_font=&#8221;||||||||&#8221; header_text_align=&#8221;center&#8221; header_text_color=&#8221;#5385a0&#8243; header_font_size=&#8221;30px&#8221; body_font=&#8221;||||||||&#8221; body_text_align=&#8221;center&#8221; position_font=&#8221;||on||||||&#8221; position_text_color=&#8221;#6D7373&#8243; width=&#8221;100%&#8221; width_tablet=&#8221;75%&#8221; width_phone=&#8221;75%&#8221; width_last_edited=&#8221;on|tablet&#8221; module_alignment=&#8221;center&#8221; module_alignment_tablet=&#8221;center&#8221; module_alignment_phone=&#8221;right&#8221; module_alignment_last_edited=&#8221;on|desktop&#8221; custom_css_member_image=&#8221;display: block;||  margin-left: auto;||  margin-right: auto;||  width: 60%;&#8221; border_radii_image=&#8221;on|100px|100px|100px|100px&#8221; border_color_all_image=&#8221;#f9d4d6&#8243; border_style_all_image=&#8221;double&#8221; global_colors_info=&#8221;{}&#8221;][\/et_pb_team_member][\/et_pb_column][et_pb_column type=&#8221;1_2&#8243; _builder_version=&#8221;4.22.2&#8243; _module_preset=&#8221;default&#8221; global_colors_info=&#8221;{}&#8221;][et_pb_team_member name=&#8221;Kerli Okas&#8221; position=&#8221;Institute of Sensitive Sleep sertifitseeritud unen\u00f5ustaja, doula ehk pere- ja s\u00fcnnitoetaja, imetamisn\u00f5ustaja, raseduskriisi n\u00f5ustaja, magistrikraadiga v\u00f5rdsustatud bakalaureus kasvatusteadustes, 4 aastat unen\u00f5ustaja kogemust&#8221; image_url=&#8221;https:\/\/unehaldjas.ee\/wp-content\/uploads\/2020\/10\/1.png&#8221; _builder_version=&#8221;4.22.2&#8243; header_font=&#8221;||||||||&#8221; header_text_align=&#8221;center&#8221; header_text_color=&#8221;#5385a0&#8243; header_font_size=&#8221;30px&#8221; body_font=&#8221;||||||||&#8221; body_text_align=&#8221;center&#8221; position_font=&#8221;||on||||||&#8221; position_text_color=&#8221;#6D7373&#8243; width=&#8221;100%&#8221; width_tablet=&#8221;75%&#8221; width_phone=&#8221;75%&#8221; width_last_edited=&#8221;on|tablet&#8221; module_alignment=&#8221;center&#8221; module_alignment_tablet=&#8221;center&#8221; module_alignment_phone=&#8221;right&#8221; module_alignment_last_edited=&#8221;on|desktop&#8221; custom_css_member_image=&#8221;display: block;||  margin-left: auto;||  margin-right: auto;||  width: 60%;&#8221; border_radii_image=&#8221;on|100px|100px|100px|100px&#8221; border_color_all_image=&#8221;#f9d4d6&#8243; border_style_all_image=&#8221;double&#8221; global_colors_info=&#8221;{}&#8221;][\/et_pb_team_member][\/et_pb_column][\/et_pb_row][\/et_pb_section][et_pb_section fb_built=&#8221;1&#8243; _builder_version=&#8221;4.16&#8243; custom_padding=&#8221;0px|||||&#8221; global_colors_info=&#8221;{}&#8221;][et_pb_row _builder_version=&#8221;4.16&#8243; _module_preset=&#8221;default&#8221; global_colors_info=&#8221;{}&#8221;][et_pb_column type=&#8221;4_4&#8243; _builder_version=&#8221;4.16&#8243; _module_preset=&#8221;default&#8221; global_colors_info=&#8221;{}&#8221;][et_pb_text _builder_version=&#8221;4.22.2&#8243; _module_preset=&#8221;default&#8221; header_3_font=&#8221;Open Sans||||||||&#8221; header_3_font_size=&#8221;30px&#8221; text_orientation=&#8221;center&#8221; header_3_font_size_tablet=&#8221;30px&#8221; header_3_font_size_phone=&#8221;24px&#8221; header_3_font_size_last_edited=&#8221;on|phone&#8221; global_colors_info=&#8221;{}&#8221;]<\/p>\n<h3>Broneeri endale aeg:<\/h3>\n<p>[\/et_pb_text][et_pb_code _builder_version=&#8221;4.16&#8243; _module_preset=&#8221;default&#8221; border_radii=&#8221;on|20px|20px|20px|20px&#8221; border_width_all=&#8221;1px&#8221; border_color_all=&#8221;#5385A0&#8243; global_colors_info=&#8221;{}&#8221;]<iframe loading=\"lazy\" src=\"https:\/\/app.squarespacescheduling.com\/schedule.php?owner=23107947&#038;appointmentType=23328727\" title=\"Schedule Appointment\" width=\"100%\" height=\"800\" frameBorder=\"0\"><\/iframe><script src=\"https:\/\/embed.acuityscheduling.com\/js\/embed.js\" type=\"text\/javascript\"><\/script>[\/et_pb_code][\/et_pb_column][\/et_pb_row][\/et_pb_section]<\/p>\n","protected":false},"excerpt":{"rendered":"<p>Esmakonsultatsioonesimene samm parema uneniTasuta!Telefoni- v\u00f5i videok\u00f5ne vahendusel toimuv esmakonsultatsioon* on m\u00f5eldud neile, kes kaaluvad individuaaln\u00f5ustamist ning aitab Sul&#8230;m\u00f5ista oma lapse uneprobleemide p\u00f5hjuseid ja erinevate tegurite omavahelisi seoseid.saada unen\u00f5ustajaga tuttavaks ja otsustada, kas ta on Sinu perele sobiv toetaja, sest usalduslik suhe n\u00f5ustaja ja Sinu vahel on protsessi edukuse seisukohalt v\u00e4ga oluline.saada parem \u00fclevaade n\u00f5ustamisprotsessist ja [&hellip;]<\/p>\n","protected":false},"author":1,"featured_media":0,"parent":0,"menu_order":0,"comment_status":"closed","ping_status":"closed","template":"","meta":{"_et_pb_use_builder":"on","_et_pb_old_content":"","_et_gb_content_width":"","footnotes":""},"class_list":["post-3141","page","type-page","status-publish","hentry"],"yoast_head":"<!-- This site is optimized with the Yoast SEO plugin v26.8 - https:\/\/yoast.com\/product\/yoast-seo-wordpress\/ -->\n<title>Esmakonsultatsioon - Unen\u00f5ustaja | Unen\u00f5ustamine | Unehaldjas<\/title>\n<meta name=\"robots\" content=\"index, follow, max-snippet:-1, max-image-preview:large, max-video-preview:-1\" \/>\n<link rel=\"canonical\" href=\"https:\/\/unehaldjas.ee\/ru\/esmakonsultatsioon\/\" \/>\n<meta property=\"og:locale\" content=\"ru_RU\" \/>\n<meta property=\"og:type\" content=\"article\" \/>\n<meta property=\"og:title\" content=\"Esmakonsultatsioon - Unen\u00f5ustaja | Unen\u00f5ustamine | Unehaldjas\" \/>\n<meta property=\"og:description\" content=\"Esmakonsultatsioonesimene samm parema uneniTasuta!Telefoni- v\u00f5i videok\u00f5ne vahendusel toimuv esmakonsultatsioon* on m\u00f5eldud neile, kes kaaluvad individuaaln\u00f5ustamist ning aitab Sul...m\u00f5ista oma lapse uneprobleemide p\u00f5hjuseid ja erinevate tegurite omavahelisi seoseid.saada unen\u00f5ustajaga tuttavaks ja otsustada, kas ta on Sinu perele sobiv toetaja, sest usalduslik suhe n\u00f5ustaja ja Sinu vahel on protsessi edukuse seisukohalt v\u00e4ga oluline.saada parem \u00fclevaade n\u00f5ustamisprotsessist ja [&hellip;]\" \/>\n<meta property=\"og:url\" content=\"https:\/\/unehaldjas.ee\/ru\/esmakonsultatsioon\/\" \/>\n<meta property=\"og:site_name\" content=\"Unen\u00f5ustaja | Unen\u00f5ustamine | Unehaldjas\" \/>\n<meta property=\"article:publisher\" content=\"https:\/\/www.facebook.com\/unehaldjas\" \/>\n<meta property=\"article:modified_time\" content=\"2024-08-27T08:21:54+00:00\" \/>\n<meta name=\"twitter:card\" content=\"summary_large_image\" \/>\n<meta name=\"twitter:label1\" content=\"\u041f\u0440\u0438\u043c\u0435\u0440\u043d\u043e\u0435 \u0432\u0440\u0435\u043c\u044f \u0434\u043b\u044f \u0447\u0442\u0435\u043d\u0438\u044f\" \/>\n\t<meta name=\"twitter:data1\" content=\"7 \u043c\u0438\u043d\u0443\u0442\" \/>\n<script type=\"application\/ld+json\" class=\"yoast-schema-graph\">{\"@context\":\"https:\/\/schema.org\",\"@graph\":[{\"@type\":\"WebPage\",\"@id\":\"https:\/\/unehaldjas.ee\/esmakonsultatsioon\/\",\"url\":\"https:\/\/unehaldjas.ee\/esmakonsultatsioon\/\",\"name\":\"Esmakonsultatsioon - Unen\u00f5ustaja | Unen\u00f5ustamine | Unehaldjas\",\"isPartOf\":{\"@id\":\"https:\/\/unehaldjas.ee\/#website\"},\"datePublished\":\"2020-06-10T11:09:12+00:00\",\"dateModified\":\"2024-08-27T08:21:54+00:00\",\"breadcrumb\":{\"@id\":\"https:\/\/unehaldjas.ee\/esmakonsultatsioon\/#breadcrumb\"},\"inLanguage\":\"ru-RU\",\"potentialAction\":[{\"@type\":\"ReadAction\",\"target\":[\"https:\/\/unehaldjas.ee\/esmakonsultatsioon\/\"]}]},{\"@type\":\"BreadcrumbList\",\"@id\":\"https:\/\/unehaldjas.ee\/esmakonsultatsioon\/#breadcrumb\",\"itemListElement\":[{\"@type\":\"ListItem\",\"position\":1,\"name\":\"Home\",\"item\":\"https:\/\/unehaldjas.ee\/\"},{\"@type\":\"ListItem\",\"position\":2,\"name\":\"Esmakonsultatsioon\"}]},{\"@type\":\"WebSite\",\"@id\":\"https:\/\/unehaldjas.ee\/#website\",\"url\":\"https:\/\/unehaldjas.ee\/\",\"name\":\"Unen\u00f5ustaja | Unen\u00f5ustamine | Unehaldjas\",\"description\":\"Unen\u00f5ustamine beebidele ja v\u00e4ikelastele (0-5a), teaduslik ja terviklik l\u00e4henemine\",\"potentialAction\":[{\"@type\":\"SearchAction\",\"target\":{\"@type\":\"EntryPoint\",\"urlTemplate\":\"https:\/\/unehaldjas.ee\/?s={search_term_string}\"},\"query-input\":{\"@type\":\"PropertyValueSpecification\",\"valueRequired\":true,\"valueName\":\"search_term_string\"}}],\"inLanguage\":\"ru-RU\"}]}<\/script>\n<!-- \/ Yoast SEO plugin. -->","yoast_head_json":{"title":"Esmakonsultatsioon - Unen\u00f5ustaja | Unen\u00f5ustamine | Unehaldjas","robots":{"index":"index","follow":"follow","max-snippet":"max-snippet:-1","max-image-preview":"max-image-preview:large","max-video-preview":"max-video-preview:-1"},"canonical":"https:\/\/unehaldjas.ee\/ru\/esmakonsultatsioon\/","og_locale":"ru_RU","og_type":"article","og_title":"Esmakonsultatsioon - Unen\u00f5ustaja | Unen\u00f5ustamine | Unehaldjas","og_description":"Esmakonsultatsioonesimene samm parema uneniTasuta!Telefoni- v\u00f5i videok\u00f5ne vahendusel toimuv esmakonsultatsioon* on m\u00f5eldud neile, kes kaaluvad individuaaln\u00f5ustamist ning aitab Sul...m\u00f5ista oma lapse uneprobleemide p\u00f5hjuseid ja erinevate tegurite omavahelisi seoseid.saada unen\u00f5ustajaga tuttavaks ja otsustada, kas ta on Sinu perele sobiv toetaja, sest usalduslik suhe n\u00f5ustaja ja Sinu vahel on protsessi edukuse seisukohalt v\u00e4ga oluline.saada parem \u00fclevaade n\u00f5ustamisprotsessist ja [&hellip;]","og_url":"https:\/\/unehaldjas.ee\/ru\/esmakonsultatsioon\/","og_site_name":"Unen\u00f5ustaja | Unen\u00f5ustamine | Unehaldjas","article_publisher":"https:\/\/www.facebook.com\/unehaldjas","article_modified_time":"2024-08-27T08:21:54+00:00","twitter_card":"summary_large_image","twitter_misc":{"\u041f\u0440\u0438\u043c\u0435\u0440\u043d\u043e\u0435 \u0432\u0440\u0435\u043c\u044f \u0434\u043b\u044f \u0447\u0442\u0435\u043d\u0438\u044f":"7 \u043c\u0438\u043d\u0443\u0442"},"schema":{"@context":"https:\/\/schema.org","@graph":[{"@type":"WebPage","@id":"https:\/\/unehaldjas.ee\/esmakonsultatsioon\/","url":"https:\/\/unehaldjas.ee\/esmakonsultatsioon\/","name":"Esmakonsultatsioon - Unen\u00f5ustaja | Unen\u00f5ustamine | Unehaldjas","isPartOf":{"@id":"https:\/\/unehaldjas.ee\/#website"},"datePublished":"2020-06-10T11:09:12+00:00","dateModified":"2024-08-27T08:21:54+00:00","breadcrumb":{"@id":"https:\/\/unehaldjas.ee\/esmakonsultatsioon\/#breadcrumb"},"inLanguage":"ru-RU","potentialAction":[{"@type":"ReadAction","target":["https:\/\/unehaldjas.ee\/esmakonsultatsioon\/"]}]},{"@type":"BreadcrumbList","@id":"https:\/\/unehaldjas.ee\/esmakonsultatsioon\/#breadcrumb","itemListElement":[{"@type":"ListItem","position":1,"name":"Home","item":"https:\/\/unehaldjas.ee\/"},{"@type":"ListItem","position":2,"name":"Esmakonsultatsioon"}]},{"@type":"WebSite","@id":"https:\/\/unehaldjas.ee\/#website","url":"https:\/\/unehaldjas.ee\/","name":"Unen\u00f5ustaja | Unen\u00f5ustamine | Unehaldjas","description":"Unen\u00f5ustamine beebidele ja v\u00e4ikelastele (0-5a), teaduslik ja terviklik l\u00e4henemine","potentialAction":[{"@type":"SearchAction","target":{"@type":"EntryPoint","urlTemplate":"https:\/\/unehaldjas.ee\/?s={search_term_string}"},"query-input":{"@type":"PropertyValueSpecification","valueRequired":true,"valueName":"search_term_string"}}],"inLanguage":"ru-RU"}]}},"_links":{"self":[{"href":"https:\/\/unehaldjas.ee\/ru\/wp-json\/wp\/v2\/pages\/3141","targetHints":{"allow":["GET"]}}],"collection":[{"href":"https:\/\/unehaldjas.ee\/ru\/wp-json\/wp\/v2\/pages"}],"about":[{"href":"https:\/\/unehaldjas.ee\/ru\/wp-json\/wp\/v2\/types\/page"}],"author":[{"embeddable":true,"href":"https:\/\/unehaldjas.ee\/ru\/wp-json\/wp\/v2\/users\/1"}],"replies":[{"embeddable":true,"href":"https:\/\/unehaldjas.ee\/ru\/wp-json\/wp\/v2\/comments?post=3141"}],"version-history":[{"count":0,"href":"https:\/\/unehaldjas.ee\/ru\/wp-json\/wp\/v2\/pages\/3141\/revisions"}],"wp:attachment":[{"href":"https:\/\/unehaldjas.ee\/ru\/wp-json\/wp\/v2\/media?parent=3141"}],"curies":[{"name":"wp","href":"https:\/\/api.w.org\/{rel}","templated":true}]}}