{"id":14155,"date":"2024-11-28T11:25:17","date_gmt":"2024-11-28T11:25:17","guid":{"rendered":"https:\/\/unehaldjas.ee\/?page_id=14155"},"modified":"2024-11-28T11:25:17","modified_gmt":"2024-11-28T11:25:17","slug":"kinkepiletid","status":"publish","type":"page","link":"https:\/\/unehaldjas.ee\/ru\/kinkepiletid\/","title":{"rendered":"Kinkepiletid"},"content":{"rendered":"<p>[et_pb_section fb_built=&#8221;1&#8243; theme_builder_area=&#8221;post_content&#8221; _builder_version=&#8221;4.27.2&#8243; _module_preset=&#8221;default&#8221;][et_pb_row _builder_version=&#8221;4.27.2&#8243; _module_preset=&#8221;default&#8221; theme_builder_area=&#8221;post_content&#8221;][et_pb_column _builder_version=&#8221;4.27.2&#8243; _module_preset=&#8221;default&#8221; type=&#8221;4_4&#8243; theme_builder_area=&#8221;post_content&#8221;][et_pb_text _builder_version=&#8221;4.27.2&#8243; _module_preset=&#8221;default&#8221; theme_builder_area=&#8221;post_content&#8221; header_2_text_align=&#8221;center&#8221; text_orientation=&#8221;center&#8221; text_font_size=&#8221;20px&#8221; header_2_font_size=&#8221;50px&#8221; hover_enabled=&#8221;0&#8243; sticky_enabled=&#8221;0&#8243; text_font_size_last_edited=&#8221;on|tablet&#8221; text_font_size_tablet=&#8221;18px&#8221; text_font_size_phone=&#8221;16px&#8221; header_2_font_size_last_edited=&#8221;on|phone&#8221; header_2_font_size_phone=&#8221;40px&#8221; header_2_font_size_tablet=&#8221;50px&#8221;]<\/p>\n<h2>Soovid kinkida paremat und?<\/h2>\n<p>Meie veebikursused on hea v\u00f5imalus oma tuttavatele lapseootel v\u00f5i v\u00e4sinud vanematele kinkida uneteadmisi, mis tagavad rahulikud \u00f6\u00f6d kogu perele.<\/p>\n<p>[\/et_pb_text][et_pb_shop _builder_version=&#8221;4.27.2&#8243; _module_preset=&#8221;default&#8221; theme_builder_area=&#8221;post_content&#8221; type=&#8221;product_category&#8221; include_categories=&#8221;33&#8243; columns_number=&#8221;2&#8243; orderby=&#8221;date&#8221; hover_enabled=&#8221;0&#8243; sticky_enabled=&#8221;0&#8243; title_font=&#8221;Open Sans||||||||&#8221; title_font_size=&#8221;20px&#8221; price_font_size=&#8221;20px&#8221; border_radii_image=&#8221;on|20px|20px|20px|20px&#8221; width=&#8221;80%&#8221; module_alignment=&#8221;center&#8221; width_last_edited=&#8221;on|phone&#8221; width_phone=&#8221;100%&#8221; title_font_size_last_edited=&#8221;on|phone&#8221; title_font_size_phone=&#8221;16px&#8221; price_font_size_last_edited=&#8221;on|phone&#8221; price_font_size_phone=&#8221;17px&#8221; width_tablet=&#8221;80%&#8221; title_font_size_tablet=&#8221;20px&#8221; price_font_size_tablet=&#8221;20px&#8221;][\/et_pb_shop][\/et_pb_column][\/et_pb_row][\/et_pb_section]<\/p>","protected":false},"excerpt":{"rendered":"<p>Soovid kinkida paremat und? Meie veebikursused on hea v\u00f5imalus oma tuttavatele lapseootel v\u00f5i v\u00e4sinud vanematele kinkida uneteadmisi, mis tagavad rahulikud \u00f6\u00f6d kogu perele.<\/p>","protected":false},"author":1,"featured_media":0,"parent":0,"menu_order":0,"comment_status":"closed","ping_status":"closed","template":"","meta":{"_et_pb_use_builder":"on","_et_pb_old_content":"","_et_gb_content_width":"","footnotes":""},"class_list":["post-14155","page","type-page","status-publish","hentry"],"yoast_head":"<!-- This site is optimized with the Yoast SEO plugin v26.8 - https:\/\/yoast.com\/product\/yoast-seo-wordpress\/ -->\n<title>Kinkepiletid - Unen\u00f5ustaja | Unen\u00f5ustamine | Unehaldjas<\/title>\n<meta name=\"robots\" content=\"index, follow, max-snippet:-1, max-image-preview:large, max-video-preview:-1\" \/>\n<link rel=\"canonical\" href=\"https:\/\/unehaldjas.ee\/ru\/kinkepiletid\/\" \/>\n<meta property=\"og:locale\" content=\"ru_RU\" \/>\n<meta property=\"og:type\" content=\"article\" \/>\n<meta property=\"og:title\" content=\"Kinkepiletid - Unen\u00f5ustaja | Unen\u00f5ustamine | Unehaldjas\" \/>\n<meta property=\"og:description\" content=\"Soovid kinkida paremat und? Meie veebikursused on hea v\u00f5imalus oma tuttavatele lapseootel v\u00f5i v\u00e4sinud vanematele kinkida uneteadmisi, mis tagavad rahulikud \u00f6\u00f6d kogu perele.\" \/>\n<meta property=\"og:url\" content=\"https:\/\/unehaldjas.ee\/ru\/kinkepiletid\/\" \/>\n<meta property=\"og:site_name\" content=\"Unen\u00f5ustaja | Unen\u00f5ustamine | Unehaldjas\" \/>\n<meta property=\"article:publisher\" content=\"https:\/\/www.facebook.com\/unehaldjas\" \/>\n<meta name=\"twitter:card\" content=\"summary_large_image\" \/>\n<script type=\"application\/ld+json\" class=\"yoast-schema-graph\">{\"@context\":\"https:\/\/schema.org\",\"@graph\":[{\"@type\":\"WebPage\",\"@id\":\"https:\/\/unehaldjas.ee\/kinkepiletid\/\",\"url\":\"https:\/\/unehaldjas.ee\/kinkepiletid\/\",\"name\":\"Kinkepiletid - Unen\u00f5ustaja | Unen\u00f5ustamine | Unehaldjas\",\"isPartOf\":{\"@id\":\"https:\/\/unehaldjas.ee\/#website\"},\"datePublished\":\"2024-11-28T11:25:17+00:00\",\"breadcrumb\":{\"@id\":\"https:\/\/unehaldjas.ee\/kinkepiletid\/#breadcrumb\"},\"inLanguage\":\"ru-RU\",\"potentialAction\":[{\"@type\":\"ReadAction\",\"target\":[\"https:\/\/unehaldjas.ee\/kinkepiletid\/\"]}]},{\"@type\":\"BreadcrumbList\",\"@id\":\"https:\/\/unehaldjas.ee\/kinkepiletid\/#breadcrumb\",\"itemListElement\":[{\"@type\":\"ListItem\",\"position\":1,\"name\":\"Home\",\"item\":\"https:\/\/unehaldjas.ee\/\"},{\"@type\":\"ListItem\",\"position\":2,\"name\":\"Kinkepiletid\"}]},{\"@type\":\"WebSite\",\"@id\":\"https:\/\/unehaldjas.ee\/#website\",\"url\":\"https:\/\/unehaldjas.ee\/\",\"name\":\"Unen\u00f5ustaja | Unen\u00f5ustamine | Unehaldjas\",\"description\":\"Unen\u00f5ustamine beebidele ja v\u00e4ikelastele (0-5a), teaduslik ja terviklik l\u00e4henemine\",\"potentialAction\":[{\"@type\":\"SearchAction\",\"target\":{\"@type\":\"EntryPoint\",\"urlTemplate\":\"https:\/\/unehaldjas.ee\/?s={search_term_string}\"},\"query-input\":{\"@type\":\"PropertyValueSpecification\",\"valueRequired\":true,\"valueName\":\"search_term_string\"}}],\"inLanguage\":\"ru-RU\"}]}<\/script>\n<!-- \/ Yoast SEO plugin. -->","yoast_head_json":{"title":"Kinkepiletid - Unen\u00f5ustaja | Unen\u00f5ustamine | Unehaldjas","robots":{"index":"index","follow":"follow","max-snippet":"max-snippet:-1","max-image-preview":"max-image-preview:large","max-video-preview":"max-video-preview:-1"},"canonical":"https:\/\/unehaldjas.ee\/ru\/kinkepiletid\/","og_locale":"ru_RU","og_type":"article","og_title":"Kinkepiletid - Unen\u00f5ustaja | Unen\u00f5ustamine | Unehaldjas","og_description":"Soovid kinkida paremat und? Meie veebikursused on hea v\u00f5imalus oma tuttavatele lapseootel v\u00f5i v\u00e4sinud vanematele kinkida uneteadmisi, mis tagavad rahulikud \u00f6\u00f6d kogu perele.","og_url":"https:\/\/unehaldjas.ee\/ru\/kinkepiletid\/","og_site_name":"Unen\u00f5ustaja | Unen\u00f5ustamine | Unehaldjas","article_publisher":"https:\/\/www.facebook.com\/unehaldjas","twitter_card":"summary_large_image","schema":{"@context":"https:\/\/schema.org","@graph":[{"@type":"WebPage","@id":"https:\/\/unehaldjas.ee\/kinkepiletid\/","url":"https:\/\/unehaldjas.ee\/kinkepiletid\/","name":"Kinkepiletid - Unen\u00f5ustaja | Unen\u00f5ustamine | Unehaldjas","isPartOf":{"@id":"https:\/\/unehaldjas.ee\/#website"},"datePublished":"2024-11-28T11:25:17+00:00","breadcrumb":{"@id":"https:\/\/unehaldjas.ee\/kinkepiletid\/#breadcrumb"},"inLanguage":"ru-RU","potentialAction":[{"@type":"ReadAction","target":["https:\/\/unehaldjas.ee\/kinkepiletid\/"]}]},{"@type":"BreadcrumbList","@id":"https:\/\/unehaldjas.ee\/kinkepiletid\/#breadcrumb","itemListElement":[{"@type":"ListItem","position":1,"name":"Home","item":"https:\/\/unehaldjas.ee\/"},{"@type":"ListItem","position":2,"name":"Kinkepiletid"}]},{"@type":"WebSite","@id":"https:\/\/unehaldjas.ee\/#website","url":"https:\/\/unehaldjas.ee\/","name":"Unen\u00f5ustaja | Unen\u00f5ustamine | Unehaldjas","description":"Unen\u00f5ustamine beebidele ja v\u00e4ikelastele (0-5a), teaduslik ja terviklik l\u00e4henemine","potentialAction":[{"@type":"SearchAction","target":{"@type":"EntryPoint","urlTemplate":"https:\/\/unehaldjas.ee\/?s={search_term_string}"},"query-input":{"@type":"PropertyValueSpecification","valueRequired":true,"valueName":"search_term_string"}}],"inLanguage":"ru-RU"}]}},"_links":{"self":[{"href":"https:\/\/unehaldjas.ee\/ru\/wp-json\/wp\/v2\/pages\/14155","targetHints":{"allow":["GET"]}}],"collection":[{"href":"https:\/\/unehaldjas.ee\/ru\/wp-json\/wp\/v2\/pages"}],"about":[{"href":"https:\/\/unehaldjas.ee\/ru\/wp-json\/wp\/v2\/types\/page"}],"author":[{"embeddable":true,"href":"https:\/\/unehaldjas.ee\/ru\/wp-json\/wp\/v2\/users\/1"}],"replies":[{"embeddable":true,"href":"https:\/\/unehaldjas.ee\/ru\/wp-json\/wp\/v2\/comments?post=14155"}],"version-history":[{"count":0,"href":"https:\/\/unehaldjas.ee\/ru\/wp-json\/wp\/v2\/pages\/14155\/revisions"}],"wp:attachment":[{"href":"https:\/\/unehaldjas.ee\/ru\/wp-json\/wp\/v2\/media?parent=14155"}],"curies":[{"name":"wp","href":"https:\/\/api.w.org\/{rel}","templated":true}]}}