{"id":12107,"date":"2022-06-07T07:54:17","date_gmt":"2022-06-07T07:54:17","guid":{"rendered":"https:\/\/unehaldjas.ee\/registration-success\/"},"modified":"2022-06-07T07:54:17","modified_gmt":"2022-06-07T07:54:17","slug":"registration-success","status":"publish","type":"page","link":"https:\/\/unehaldjas.ee\/ru\/registration-success\/","title":{"rendered":"Registration Success"},"content":{"rendered":"<p>Welcome<\/p>","protected":false},"excerpt":{"rendered":"<p>Welcome<\/p>","protected":false},"author":1,"featured_media":0,"parent":0,"menu_order":0,"comment_status":"closed","ping_status":"closed","template":"","meta":{"_et_pb_use_builder":"","_et_pb_old_content":"","_et_gb_content_width":"","footnotes":""},"class_list":["post-12107","page","type-page","status-publish","hentry"],"yoast_head":"<!-- This site is optimized with the Yoast SEO plugin v26.8 - https:\/\/yoast.com\/product\/yoast-seo-wordpress\/ -->\n<title>Registration Success - Unen\u00f5ustaja | Unen\u00f5ustamine | Unehaldjas<\/title>\n<meta name=\"robots\" content=\"index, follow, max-snippet:-1, max-image-preview:large, max-video-preview:-1\" \/>\n<link rel=\"canonical\" href=\"https:\/\/unehaldjas.ee\/ru\/registration-success\/\" \/>\n<meta property=\"og:locale\" content=\"ru_RU\" \/>\n<meta property=\"og:type\" content=\"article\" \/>\n<meta property=\"og:title\" content=\"Registration Success - Unen\u00f5ustaja | Unen\u00f5ustamine | Unehaldjas\" \/>\n<meta property=\"og:description\" content=\"Welcome\" \/>\n<meta property=\"og:url\" content=\"https:\/\/unehaldjas.ee\/ru\/registration-success\/\" \/>\n<meta property=\"og:site_name\" content=\"Unen\u00f5ustaja | Unen\u00f5ustamine | Unehaldjas\" \/>\n<meta property=\"article:publisher\" content=\"https:\/\/www.facebook.com\/unehaldjas\" \/>\n<meta name=\"twitter:card\" content=\"summary_large_image\" \/>\n<script type=\"application\/ld+json\" class=\"yoast-schema-graph\">{\"@context\":\"https:\/\/schema.org\",\"@graph\":[{\"@type\":\"WebPage\",\"@id\":\"https:\/\/unehaldjas.ee\/registration-success\/\",\"url\":\"https:\/\/unehaldjas.ee\/registration-success\/\",\"name\":\"Registration Success - Unen\u00f5ustaja | Unen\u00f5ustamine | Unehaldjas\",\"isPartOf\":{\"@id\":\"https:\/\/unehaldjas.ee\/#website\"},\"datePublished\":\"2022-06-07T07:54:17+00:00\",\"breadcrumb\":{\"@id\":\"https:\/\/unehaldjas.ee\/registration-success\/#breadcrumb\"},\"inLanguage\":\"ru-RU\",\"potentialAction\":[{\"@type\":\"ReadAction\",\"target\":[\"https:\/\/unehaldjas.ee\/registration-success\/\"]}]},{\"@type\":\"BreadcrumbList\",\"@id\":\"https:\/\/unehaldjas.ee\/registration-success\/#breadcrumb\",\"itemListElement\":[{\"@type\":\"ListItem\",\"position\":1,\"name\":\"Home\",\"item\":\"https:\/\/unehaldjas.ee\/\"},{\"@type\":\"ListItem\",\"position\":2,\"name\":\"Registration Success\"}]},{\"@type\":\"WebSite\",\"@id\":\"https:\/\/unehaldjas.ee\/#website\",\"url\":\"https:\/\/unehaldjas.ee\/\",\"name\":\"Unen\u00f5ustaja | Unen\u00f5ustamine | Unehaldjas\",\"description\":\"Unen\u00f5ustamine beebidele ja v\u00e4ikelastele (0-5a), teaduslik ja terviklik l\u00e4henemine\",\"potentialAction\":[{\"@type\":\"SearchAction\",\"target\":{\"@type\":\"EntryPoint\",\"urlTemplate\":\"https:\/\/unehaldjas.ee\/?s={search_term_string}\"},\"query-input\":{\"@type\":\"PropertyValueSpecification\",\"valueRequired\":true,\"valueName\":\"search_term_string\"}}],\"inLanguage\":\"ru-RU\"}]}<\/script>\n<!-- \/ Yoast SEO plugin. -->","yoast_head_json":{"title":"Registration Success - Unen\u00f5ustaja | Unen\u00f5ustamine | Unehaldjas","robots":{"index":"index","follow":"follow","max-snippet":"max-snippet:-1","max-image-preview":"max-image-preview:large","max-video-preview":"max-video-preview:-1"},"canonical":"https:\/\/unehaldjas.ee\/ru\/registration-success\/","og_locale":"ru_RU","og_type":"article","og_title":"Registration Success - Unen\u00f5ustaja | Unen\u00f5ustamine | Unehaldjas","og_description":"Welcome","og_url":"https:\/\/unehaldjas.ee\/ru\/registration-success\/","og_site_name":"Unen\u00f5ustaja | Unen\u00f5ustamine | Unehaldjas","article_publisher":"https:\/\/www.facebook.com\/unehaldjas","twitter_card":"summary_large_image","schema":{"@context":"https:\/\/schema.org","@graph":[{"@type":"WebPage","@id":"https:\/\/unehaldjas.ee\/registration-success\/","url":"https:\/\/unehaldjas.ee\/registration-success\/","name":"Registration Success - Unen\u00f5ustaja | Unen\u00f5ustamine | Unehaldjas","isPartOf":{"@id":"https:\/\/unehaldjas.ee\/#website"},"datePublished":"2022-06-07T07:54:17+00:00","breadcrumb":{"@id":"https:\/\/unehaldjas.ee\/registration-success\/#breadcrumb"},"inLanguage":"ru-RU","potentialAction":[{"@type":"ReadAction","target":["https:\/\/unehaldjas.ee\/registration-success\/"]}]},{"@type":"BreadcrumbList","@id":"https:\/\/unehaldjas.ee\/registration-success\/#breadcrumb","itemListElement":[{"@type":"ListItem","position":1,"name":"Home","item":"https:\/\/unehaldjas.ee\/"},{"@type":"ListItem","position":2,"name":"Registration Success"}]},{"@type":"WebSite","@id":"https:\/\/unehaldjas.ee\/#website","url":"https:\/\/unehaldjas.ee\/","name":"Unen\u00f5ustaja | Unen\u00f5ustamine | Unehaldjas","description":"Unen\u00f5ustamine beebidele ja v\u00e4ikelastele (0-5a), teaduslik ja terviklik l\u00e4henemine","potentialAction":[{"@type":"SearchAction","target":{"@type":"EntryPoint","urlTemplate":"https:\/\/unehaldjas.ee\/?s={search_term_string}"},"query-input":{"@type":"PropertyValueSpecification","valueRequired":true,"valueName":"search_term_string"}}],"inLanguage":"ru-RU"}]}},"_links":{"self":[{"href":"https:\/\/unehaldjas.ee\/ru\/wp-json\/wp\/v2\/pages\/12107","targetHints":{"allow":["GET"]}}],"collection":[{"href":"https:\/\/unehaldjas.ee\/ru\/wp-json\/wp\/v2\/pages"}],"about":[{"href":"https:\/\/unehaldjas.ee\/ru\/wp-json\/wp\/v2\/types\/page"}],"author":[{"embeddable":true,"href":"https:\/\/unehaldjas.ee\/ru\/wp-json\/wp\/v2\/users\/1"}],"replies":[{"embeddable":true,"href":"https:\/\/unehaldjas.ee\/ru\/wp-json\/wp\/v2\/comments?post=12107"}],"version-history":[{"count":0,"href":"https:\/\/unehaldjas.ee\/ru\/wp-json\/wp\/v2\/pages\/12107\/revisions"}],"wp:attachment":[{"href":"https:\/\/unehaldjas.ee\/ru\/wp-json\/wp\/v2\/media?parent=12107"}],"curies":[{"name":"wp","href":"https:\/\/api.w.org\/{rel}","templated":true}]}}