{"id":11942,"date":"2022-06-01T13:33:00","date_gmt":"2022-06-01T13:33:00","guid":{"rendered":"https:\/\/unehaldjas.ee\/?page_id=11942"},"modified":"2024-09-17T12:04:45","modified_gmt":"2024-09-17T12:04:45","slug":"oiste-arkamiste-pohjused","status":"publish","type":"page","link":"https:\/\/unehaldjas.ee\/ru\/oiste-arkamiste-pohjused\/","title":{"rendered":"\u00d6iste \u00e4rkamiste p\u00f5hjused"},"content":{"rendered":"<p>[et_pb_section fb_built=&#8221;1&#8243; custom_padding_last_edited=&#8221;on|phone&#8221; _builder_version=&#8221;4.27.0&#8243; _module_preset=&#8221;default&#8221; background_color=&#8221;#C3DFF7&#8243; custom_padding=&#8221;0px||||false|false&#8221; custom_padding_tablet=&#8221;0px||||false|false&#8221; custom_padding_phone=&#8221;0px||30px||false|false&#8221; bottom_divider_style=&#8221;waves2&#8243; bottom_divider_color=&#8221;#FFFFFF&#8221; bottom_divider_height_tablet=&#8221;&#8221; bottom_divider_height_phone=&#8221;50px&#8221; bottom_divider_height_last_edited=&#8221;on|phone&#8221; global_colors_info=&#8221;{}&#8221;][et_pb_row _builder_version=&#8221;4.17.1&#8243; _module_preset=&#8221;default&#8221; custom_padding=&#8221;46px||66px|||&#8221; global_colors_info=&#8221;{}&#8221;][et_pb_column type=&#8221;4_4&#8243; _builder_version=&#8221;4.17.1&#8243; _module_preset=&#8221;default&#8221; global_colors_info=&#8221;{}&#8221;][et_pb_text _builder_version=&#8221;4.27.0&#8243; _module_preset=&#8221;default&#8221; text_font=&#8221;|600|||||||&#8221; text_text_color=&#8221;#6D7373&#8243; text_font_size=&#8221;22px&#8221; header_3_font=&#8221;Open Sans|||on|||||&#8221; header_3_text_color=&#8221;#6D7373&#8243; header_3_font_size=&#8221;32px&#8221; header_4_font=&#8221;||||||||&#8221; header_4_text_color=&#8221;#5385A0&#8243; background_color=&#8221;#FBE46F&#8221; text_orientation=&#8221;center&#8221; background_layout=&#8221;dark&#8221; width=&#8221;30%&#8221; width_tablet=&#8221;38%&#8221; width_phone=&#8221;60%&#8221; width_last_edited=&#8221;on|desktop&#8221; module_alignment=&#8221;center&#8221; custom_padding=&#8221;10px||0px||false|false&#8221; text_font_size_tablet=&#8221;18px&#8221; text_font_size_phone=&#8221;16px&#8221; text_font_size_last_edited=&#8221;on|phone&#8221; header_3_font_size_tablet=&#8221;28px&#8221; header_3_font_size_phone=&#8221;22px&#8221; header_3_font_size_last_edited=&#8221;on|phone&#8221; global_colors_info=&#8221;{}&#8221;]<\/p>\n<h3>Tasuta video<\/h3>\n<p>[\/et_pb_text][et_pb_text _builder_version=&#8221;4.27.0&#8243; _module_preset=&#8221;default&#8221; header_2_font=&#8221;Open Sans|600|||||||&#8221; header_2_text_align=&#8221;center&#8221; header_2_text_color=&#8221;#5385A0&#8243; header_2_font_size=&#8221;40px&#8221; header_2_line_height=&#8221;1.2em&#8221; header_2_font_size_tablet=&#8221;32px&#8221; header_2_font_size_phone=&#8221;26px&#8221; header_2_font_size_last_edited=&#8221;on|phone&#8221; global_colors_info=&#8221;{}&#8221;]<\/p>\n<h2>5 p\u00f5hjust, miks Su laps \u00f6\u00f6siti \u00e4rkab<\/h2>\n<p>[\/et_pb_text][\/et_pb_column][\/et_pb_row][\/et_pb_section][et_pb_section fb_built=&#8221;1&#8243; _builder_version=&#8221;4.17.1&#8243; _module_preset=&#8221;default&#8221; custom_padding=&#8221;0px|||||&#8221; global_colors_info=&#8221;{}&#8221;][et_pb_row _builder_version=&#8221;4.17.1&#8243; _module_preset=&#8221;default&#8221; global_colors_info=&#8221;{}&#8221;][et_pb_column type=&#8221;4_4&#8243; _builder_version=&#8221;4.17.1&#8243; _module_preset=&#8221;default&#8221; global_colors_info=&#8221;{}&#8221;][et_pb_text _builder_version=&#8221;4.27.0&#8243; _module_preset=&#8221;default&#8221; header_4_font=&#8221;Open Sans||||||||&#8221; header_4_font_size=&#8221;30px&#8221; text_orientation=&#8221;center&#8221; global_colors_info=&#8221;{}&#8221;]<\/p>\n<h4>Vaata videot ja saa teada:<\/h4>\n<p>[\/et_pb_text][et_pb_blurb use_icon=&#8221;on&#8221; font_icon=&#8221;&#xe033;||divi||400&#8243; icon_placement=&#8221;left&#8221; image_icon_width=&#8221;26px&#8221; image_icon_width_tablet=&#8221;26px&#8221; image_icon_width_phone=&#8221;20px&#8221; image_icon_width_last_edited=&#8221;on|phone&#8221; _builder_version=&#8221;4.27.0&#8243; header_font=&#8221;Open Sans|||on|||||&#8221; header_text_color=&#8221;#5385a0&#8243; header_font_size=&#8221;20px&#8221; body_font_size=&#8221;18px&#8221; image_icon_custom_padding=&#8221;||||false|false&#8221; animation_style=&#8221;slide&#8221; animation_direction=&#8221;left&#8221; body_font_size_tablet=&#8221;18px&#8221; body_font_size_phone=&#8221;15px&#8221; body_font_size_last_edited=&#8221;on|phone&#8221; icon_font_size=&#8221;40px&#8221; global_colors_info=&#8221;{}&#8221;]<\/p>\n<p>Mitu korda on Sinu lapse vanuses normaalne \u00f6\u00f6sel \u00e4rgata?<\/p>\n<p>[\/et_pb_blurb][et_pb_blurb use_icon=&#8221;on&#8221; font_icon=&#8221;&#xe033;||divi||400&#8243; icon_placement=&#8221;left&#8221; image_icon_width=&#8221;26px&#8221; image_icon_width_tablet=&#8221;26px&#8221; image_icon_width_phone=&#8221;20px&#8221; image_icon_width_last_edited=&#8221;on|phone&#8221; _builder_version=&#8221;4.27.0&#8243; header_font=&#8221;Open Sans|||on|||||&#8221; header_text_color=&#8221;#5385a0&#8243; header_font_size=&#8221;20px&#8221; body_font_size=&#8221;18px&#8221; image_icon_custom_padding=&#8221;||||false|false&#8221; animation_style=&#8221;slide&#8221; animation_direction=&#8221;left&#8221; body_font_size_tablet=&#8221;18px&#8221; body_font_size_phone=&#8221;15px&#8221; body_font_size_last_edited=&#8221;on|phone&#8221; icon_font_size=&#8221;40px&#8221; global_colors_info=&#8221;{}&#8221;]<\/p>\n<p>Mis on peamised p\u00f5hjused, miks beebid ja v\u00e4ikelapsed \u00f6\u00f6siti \u00e4rkavad?<\/p>\n<p>[\/et_pb_blurb][et_pb_blurb use_icon=&#8221;on&#8221; font_icon=&#8221;&#xe033;||divi||400&#8243; icon_placement=&#8221;left&#8221; image_icon_width=&#8221;26px&#8221; image_icon_width_tablet=&#8221;26px&#8221; image_icon_width_phone=&#8221;20px&#8221; image_icon_width_last_edited=&#8221;on|phone&#8221; _builder_version=&#8221;4.27.0&#8243; header_font=&#8221;Open Sans|||on|||||&#8221; header_text_color=&#8221;#5385a0&#8243; header_font_size=&#8221;20px&#8221; body_font_size=&#8221;18px&#8221; image_icon_custom_padding=&#8221;||||false|false&#8221; animation_style=&#8221;slide&#8221; animation_direction=&#8221;left&#8221; body_font_size_tablet=&#8221;18px&#8221; body_font_size_phone=&#8221;15px&#8221; body_font_size_last_edited=&#8221;on|phone&#8221; icon_font_size=&#8221;40px&#8221; global_colors_info=&#8221;{}&#8221;]<\/p>\n<p>Mis on \u00fclev\u00e4simuse n\u00f5iaring ja kuidas sellest v\u00e4lja saab?<\/p>\n<p>[\/et_pb_blurb][et_pb_blurb use_icon=&#8221;on&#8221; font_icon=&#8221;&#xe033;||divi||400&#8243; icon_placement=&#8221;left&#8221; image_icon_width=&#8221;26px&#8221; image_icon_width_tablet=&#8221;26px&#8221; image_icon_width_phone=&#8221;20px&#8221; image_icon_width_last_edited=&#8221;on|phone&#8221; _builder_version=&#8221;4.27.0&#8243; header_font=&#8221;Open Sans|||on|||||&#8221; header_text_color=&#8221;#5385a0&#8243; header_font_size=&#8221;20px&#8221; body_font_size=&#8221;18px&#8221; image_icon_custom_padding=&#8221;||||false|false&#8221; animation_style=&#8221;slide&#8221; animation_direction=&#8221;left&#8221; body_font_size_tablet=&#8221;18px&#8221; body_font_size_phone=&#8221;15px&#8221; body_font_size_last_edited=&#8221;on|phone&#8221; icon_font_size=&#8221;40px&#8221; global_colors_info=&#8221;{}&#8221;]<\/p>\n<p>Kuidas leida oma lapse \u00f6iste \u00e4rkamiste tegelik p\u00f5hjus ja see lahendada?<\/p>\n<p>[\/et_pb_blurb][et_pb_text _builder_version=&#8221;4.27.0&#8243; _module_preset=&#8221;default&#8221; global_colors_info=&#8221;{}&#8221;]<\/p>\n<p><iframe loading=\"lazy\" src=\"https:\/\/player.vimeo.com\/video\/983670055?dnt=1&amp;app_id=122963\" width=\"1080\" height=\"608\" frameborder=\"0\" allow=\"autoplay; fullscreen; picture-in-picture; clipboard-write\"><\/iframe><\/p>\n<p>[\/et_pb_text][et_pb_text _builder_version=&#8221;4.27.0&#8243; _module_preset=&#8221;default&#8221; header_3_font=&#8221;Open Sans||||||||&#8221; header_3_text_align=&#8221;center&#8221; global_colors_info=&#8221;{}&#8221;]<\/p>\n<h3>Oled valmis \u00f6\u00f6sel h\u00e4sti magama?<\/h3>\n<p>[\/et_pb_text][\/et_pb_column][\/et_pb_row][et_pb_row column_structure=&#8221;1_2,1_2&#8243; use_custom_gutter=&#8221;on&#8221; gutter_width=&#8221;2&#8243; _builder_version=&#8221;4.27.0&#8243; _module_preset=&#8221;default&#8221; global_colors_info=&#8221;{}&#8221;][et_pb_column type=&#8221;1_2&#8243; _builder_version=&#8221;4.19.2&#8243; _module_preset=&#8221;default&#8221; border_radii=&#8221;on|20px|20px|20px|20px&#8221; border_width_all=&#8221;3px&#8221; border_color_all=&#8221;#FBE46F&#8221; box_shadow_style=&#8221;preset1&#8243; global_colors_info=&#8221;{}&#8221;][et_pb_pricing_tables featured_table_header_background_color=&#8221;#FFFFFF&#8221; featured_table_header_text_color=&#8221;#FFFFFF&#8221; header_background_color=&#8221;#FFFFFF&#8221; featured_table_subheader_text_color=&#8221;#C3DFF7&#8243; featured_table_bullet_color=&#8221;#5385A0&#8243; bullet_color=&#8221;#5385A0&#8243; featured_table_price_background_color=&#8221;#FFFFFF&#8221; featured_table_price_color=&#8221;#6D7373&#8243; featured_table_currency_frequency_text_color=&#8221;#6D7373&#8243; price_background_color=&#8221;#FFFFFF&#8221; _builder_version=&#8221;4.27.0&#8243; _module_preset=&#8221;default&#8221; currency_frequency_text_color=&#8221;#6D7373&#8243; price_text_color=&#8221;#6D7373&#8243; subheader_text_color=&#8221;#5385A0&#8243; header_text_color=&#8221;#6D7373&#8243; header_font=&#8221;Open Sans|||on|||||&#8221; header_font_size=&#8221;20px&#8221; header_line_height=&#8221;1.6em&#8221; body_font=&#8221;|300|||||||&#8221; body_text_align=&#8221;left&#8221; subheader_font=&#8221;||on||||||&#8221; subheader_font_size=&#8221;22px&#8221; subheader_line_height=&#8221;1.1em&#8221; price_font=&#8221;Amethyst||||||||&#8221; price_font_size=&#8221;70px&#8221; price_line_height=&#8221;63px&#8221; currency_frequency_font_size=&#8221;22px&#8221; text_orientation=&#8221;center&#8221; width=&#8221;90%&#8221; module_alignment=&#8221;center&#8221; header_font_size_tablet=&#8221;20px&#8221; header_font_size_phone=&#8221;18px&#8221; header_font_size_last_edited=&#8221;on|phone&#8221; body_font_size_tablet=&#8221;&#8221; body_font_size_phone=&#8221;15px&#8221; body_font_size_last_edited=&#8221;on|phone&#8221; subheader_font_size_tablet=&#8221;22px&#8221; subheader_font_size_phone=&#8221;20px&#8221; subheader_font_size_last_edited=&#8221;on|phone&#8221; price_font_size_tablet=&#8221;70px&#8221; price_font_size_phone=&#8221;60px&#8221; price_font_size_last_edited=&#8221;on|phone&#8221; border_width_all=&#8221;0px&#8221; border_color_all=&#8221;#C3DFF7&#8243; global_colors_info=&#8221;{}&#8221;][et_pb_pricing_table title=&#8221;LIITU KURSUSEGA!&#8221; subtitle=&#8221;Beebi &#038; v\u00e4ikelapse hea uni&#8221; currency=&#8221;\u20ac&#8221; sum=&#8221;49&#8243; header_background_color=&#8221;RGBA(255,255,255,0)&#8221; _builder_version=&#8221;4.27.0&#8243; _module_preset=&#8221;default&#8221; header_text_color=&#8221;#C9384E&#8221; custom_button=&#8221;on&#8221; button_text_size=&#8221;18px&#8221; custom_padding=&#8221;10px|0px|0px|0px|false|false&#8221; border_width_all=&#8221;0px&#8221; global_colors_info=&#8221;{}&#8221; sticky_transition=&#8221;on&#8221;]<\/p>\n<p>+ 5 p\u00f5himoodulit, mis koosnevad l\u00fchematest peat\u00fckkidest<\/p>\n<p>+ Materjal nii videona kui PDF formaadis<\/p>\n<p>+ 2 boonusvideot imetamise ja leebe unekooli kohta<br \/>+ <strong>Regulaarsed r\u00fchmak\u00f5ned<\/strong><br \/>+ L\u00e4bi omas tempos ja endale sobival ajal<br \/>+ <span style=\"text-decoration: underline;\">Eluaegne ligip\u00e4\u00e4s<\/span><\/p>\n<p>[\/et_pb_pricing_table][\/et_pb_pricing_tables][et_pb_button button_url=&#8221;@ET-DC@eyJkeW5hbWljIjp0cnVlLCJjb250ZW50IjoicG9zdF9saW5rX3VybF9wYWdlIiwic2V0dGluZ3MiOnsicG9zdF9pZCI6IjExOTk4In19@&#8221; button_text=&#8221;tutvu kursusega&#8221; button_alignment=&#8221;center&#8221; _builder_version=&#8221;4.27.0&#8243; _dynamic_attributes=&#8221;button_url&#8221; _module_preset=&#8221;default&#8221; custom_margin=&#8221;||20px||false|false&#8221; global_colors_info=&#8221;{}&#8221;][\/et_pb_button][\/et_pb_column][et_pb_column type=&#8221;1_2&#8243; _builder_version=&#8221;4.19.2&#8243; _module_preset=&#8221;default&#8221; border_radii=&#8221;on|20px|20px|20px|20px&#8221; border_width_all=&#8221;3px&#8221; border_color_all=&#8221;#FBE46F&#8221; box_shadow_style=&#8221;preset1&#8243; global_colors_info=&#8221;{}&#8221;][et_pb_pricing_tables featured_table_header_background_color=&#8221;#FFFFFF&#8221; featured_table_header_text_color=&#8221;#FFFFFF&#8221; header_background_color=&#8221;#FFFFFF&#8221; featured_table_subheader_text_color=&#8221;#C3DFF7&#8243; featured_table_bullet_color=&#8221;#5385A0&#8243; bullet_color=&#8221;#5385A0&#8243; show_featured_drop_shadow=&#8221;off&#8221; featured_table_price_background_color=&#8221;#FFFFFF&#8221; featured_table_price_color=&#8221;#6D7373&#8243; featured_table_currency_frequency_text_color=&#8221;#6D7373&#8243; price_background_color=&#8221;#FFFFFF&#8221; _builder_version=&#8221;4.27.0&#8243; _module_preset=&#8221;default&#8221; currency_frequency_text_color=&#8221;#6D7373&#8243; price_text_color=&#8221;#6D7373&#8243; subheader_text_color=&#8221;#5385A0&#8243; header_text_color=&#8221;#6D7373&#8243; header_font=&#8221;Open Sans|||on|||||&#8221; header_font_size=&#8221;20px&#8221; header_line_height=&#8221;1.6em&#8221; body_font=&#8221;|300|||||||&#8221; body_text_align=&#8221;left&#8221; subheader_font=&#8221;||on||||||&#8221; subheader_font_size=&#8221;22px&#8221; subheader_line_height=&#8221;1.1em&#8221; price_font=&#8221;Amethyst||||||||&#8221; price_font_size=&#8221;70px&#8221; price_line_height=&#8221;63px&#8221; currency_frequency_font_size=&#8221;22px&#8221; text_orientation=&#8221;center&#8221; width=&#8221;90%&#8221; module_alignment=&#8221;center&#8221; hover_enabled=&#8221;0&#8243; header_font_size_tablet=&#8221;20px&#8221; header_font_size_phone=&#8221;18px&#8221; header_font_size_last_edited=&#8221;on|phone&#8221; body_font_size_tablet=&#8221;&#8221; body_font_size_phone=&#8221;15px&#8221; body_font_size_last_edited=&#8221;on|phone&#8221; subheader_font_size_tablet=&#8221;22px&#8221; subheader_font_size_phone=&#8221;20px&#8221; subheader_font_size_last_edited=&#8221;on|phone&#8221; price_font_size_tablet=&#8221;70px&#8221; price_font_size_phone=&#8221;60px&#8221; price_font_size_last_edited=&#8221;on|phone&#8221; border_width_all=&#8221;0px&#8221; border_color_all=&#8221;#C3DFF7&#8243; border_style_all=&#8221;none&#8221; global_colors_info=&#8221;{}&#8221; sticky_enabled=&#8221;0&#8243;][et_pb_pricing_table title=&#8221;vajad rohkem tuge?&#8221; subtitle=&#8221;Terviklik individuaalne n\u00f5ustamine&#8221; currency=&#8221;\u20ac&#8221; sum=&#8221;249&#8243; _builder_version=&#8221;4.27.0&#8243; _module_preset=&#8221;default&#8221; custom_button=&#8221;on&#8221; button_text_size=&#8221;18px&#8221; custom_padding=&#8221;10px|0px|0px|0px|false|false&#8221; hover_enabled=&#8221;0&#8243; border_width_all=&#8221;0px&#8221; border_style_all=&#8221;solid&#8221; global_colors_info=&#8221;{}&#8221; sticky_transition=&#8221;on&#8221; sticky_enabled=&#8221;0&#8243;]<\/p>\n<p>+ p\u00f5hjalik ja personaalne l\u00e4henemine<br \/>+ <strong>kogenud n\u00f5ustaja toetab Sind kogu protsessi jooksul<\/strong><br \/>+ 1x 45-60min veebikonsultatsioon n\u00f5ustamise alguses<br \/>+ Kirjalik uneplaan just Sinu lapsele<br \/>+ <span style=\"text-decoration: underline;\">12 p\u00e4eva igap\u00e4evast tuge ja tagasidet n\u00f5ustajalt<\/span><br \/>+ 20-min tulevikku vaatav j\u00e4relk\u00f5ne k\u00fcsimuste jaoks<\/p>\n<p>[\/et_pb_pricing_table][\/et_pb_pricing_tables][et_pb_button button_url=&#8221;@ET-DC@eyJkeW5hbWljIjp0cnVlLCJjb250ZW50IjoicG9zdF9saW5rX3VybF9wYWdlIiwic2V0dGluZ3MiOnsicG9zdF9pZCI6IjMxNDEifX0=@&#8221; button_text=&#8221;broneeri esmavestlus&#8221; button_alignment=&#8221;center&#8221; _builder_version=&#8221;4.27.0&#8243; _dynamic_attributes=&#8221;button_url&#8221; _module_preset=&#8221;default&#8221; custom_margin=&#8221;||20px||false|false&#8221; global_colors_info=&#8221;{}&#8221;][\/et_pb_button][\/et_pb_column][\/et_pb_row][\/et_pb_section]<\/p>","protected":false},"excerpt":{"rendered":"<p>Tasuta video5 p\u00f5hjust, miks Su laps \u00f6\u00f6siti \u00e4rkabVaata videot ja saa teada:Mitu korda on Sinu lapse vanuses normaalne \u00f6\u00f6sel \u00e4rgata?Mis on peamised p\u00f5hjused, miks beebid ja v\u00e4ikelapsed \u00f6\u00f6siti \u00e4rkavad?Mis on \u00fclev\u00e4simuse n\u00f5iaring ja kuidas sellest v\u00e4lja saab?Kuidas leida oma lapse \u00f6iste \u00e4rkamiste tegelik p\u00f5hjus ja see lahendada?Oled valmis \u00f6\u00f6sel h\u00e4sti magama?+ 5 p\u00f5himoodulit, mis koosnevad [&hellip;]<\/p>","protected":false},"author":1,"featured_media":0,"parent":0,"menu_order":0,"comment_status":"closed","ping_status":"closed","template":"","meta":{"_et_pb_use_builder":"on","_et_pb_old_content":"","_et_gb_content_width":"","footnotes":""},"class_list":["post-11942","page","type-page","status-publish","hentry"],"yoast_head":"<!-- This site is optimized with the Yoast SEO plugin v26.8 - https:\/\/yoast.com\/product\/yoast-seo-wordpress\/ -->\n<title>\u00d6iste \u00e4rkamiste p\u00f5hjused - Unen\u00f5ustaja | Unen\u00f5ustamine | Unehaldjas<\/title>\n<meta name=\"robots\" content=\"index, follow, max-snippet:-1, max-image-preview:large, max-video-preview:-1\" \/>\n<link rel=\"canonical\" href=\"https:\/\/unehaldjas.ee\/ru\/oiste-arkamiste-pohjused\/\" \/>\n<meta property=\"og:locale\" content=\"ru_RU\" \/>\n<meta property=\"og:type\" content=\"article\" \/>\n<meta property=\"og:title\" content=\"\u00d6iste \u00e4rkamiste p\u00f5hjused - Unen\u00f5ustaja | Unen\u00f5ustamine | Unehaldjas\" \/>\n<meta property=\"og:description\" content=\"Tasuta video5 p\u00f5hjust, miks Su laps \u00f6\u00f6siti \u00e4rkabVaata videot ja saa teada:Mitu korda on Sinu lapse vanuses normaalne \u00f6\u00f6sel \u00e4rgata?Mis on peamised p\u00f5hjused, miks beebid ja v\u00e4ikelapsed \u00f6\u00f6siti \u00e4rkavad?Mis on \u00fclev\u00e4simuse n\u00f5iaring ja kuidas sellest v\u00e4lja saab?Kuidas leida oma lapse \u00f6iste \u00e4rkamiste tegelik p\u00f5hjus ja see lahendada?Oled valmis \u00f6\u00f6sel h\u00e4sti magama?+ 5 p\u00f5himoodulit, mis koosnevad [&hellip;]\" \/>\n<meta property=\"og:url\" content=\"https:\/\/unehaldjas.ee\/ru\/oiste-arkamiste-pohjused\/\" \/>\n<meta property=\"og:site_name\" content=\"Unen\u00f5ustaja | Unen\u00f5ustamine | Unehaldjas\" \/>\n<meta property=\"article:publisher\" content=\"https:\/\/www.facebook.com\/unehaldjas\" \/>\n<meta property=\"article:modified_time\" content=\"2024-09-17T12:04:45+00:00\" \/>\n<meta name=\"twitter:card\" content=\"summary_large_image\" \/>\n<script type=\"application\/ld+json\" class=\"yoast-schema-graph\">{\"@context\":\"https:\/\/schema.org\",\"@graph\":[{\"@type\":\"WebPage\",\"@id\":\"https:\/\/unehaldjas.ee\/oiste-arkamiste-pohjused\/\",\"url\":\"https:\/\/unehaldjas.ee\/oiste-arkamiste-pohjused\/\",\"name\":\"\u00d6iste \u00e4rkamiste p\u00f5hjused - Unen\u00f5ustaja | Unen\u00f5ustamine | Unehaldjas\",\"isPartOf\":{\"@id\":\"https:\/\/unehaldjas.ee\/#website\"},\"datePublished\":\"2022-06-01T13:33:00+00:00\",\"dateModified\":\"2024-09-17T12:04:45+00:00\",\"breadcrumb\":{\"@id\":\"https:\/\/unehaldjas.ee\/oiste-arkamiste-pohjused\/#breadcrumb\"},\"inLanguage\":\"ru-RU\",\"potentialAction\":[{\"@type\":\"ReadAction\",\"target\":[\"https:\/\/unehaldjas.ee\/oiste-arkamiste-pohjused\/\"]}]},{\"@type\":\"BreadcrumbList\",\"@id\":\"https:\/\/unehaldjas.ee\/oiste-arkamiste-pohjused\/#breadcrumb\",\"itemListElement\":[{\"@type\":\"ListItem\",\"position\":1,\"name\":\"Home\",\"item\":\"https:\/\/unehaldjas.ee\/\"},{\"@type\":\"ListItem\",\"position\":2,\"name\":\"\u00d6iste \u00e4rkamiste p\u00f5hjused\"}]},{\"@type\":\"WebSite\",\"@id\":\"https:\/\/unehaldjas.ee\/#website\",\"url\":\"https:\/\/unehaldjas.ee\/\",\"name\":\"Unen\u00f5ustaja | Unen\u00f5ustamine | Unehaldjas\",\"description\":\"Unen\u00f5ustamine beebidele ja v\u00e4ikelastele (0-5a), teaduslik ja terviklik l\u00e4henemine\",\"potentialAction\":[{\"@type\":\"SearchAction\",\"target\":{\"@type\":\"EntryPoint\",\"urlTemplate\":\"https:\/\/unehaldjas.ee\/?s={search_term_string}\"},\"query-input\":{\"@type\":\"PropertyValueSpecification\",\"valueRequired\":true,\"valueName\":\"search_term_string\"}}],\"inLanguage\":\"ru-RU\"}]}<\/script>\n<!-- \/ Yoast SEO plugin. -->","yoast_head_json":{"title":"\u00d6iste \u00e4rkamiste p\u00f5hjused - Unen\u00f5ustaja | Unen\u00f5ustamine | Unehaldjas","robots":{"index":"index","follow":"follow","max-snippet":"max-snippet:-1","max-image-preview":"max-image-preview:large","max-video-preview":"max-video-preview:-1"},"canonical":"https:\/\/unehaldjas.ee\/ru\/oiste-arkamiste-pohjused\/","og_locale":"ru_RU","og_type":"article","og_title":"\u00d6iste \u00e4rkamiste p\u00f5hjused - Unen\u00f5ustaja | Unen\u00f5ustamine | Unehaldjas","og_description":"Tasuta video5 p\u00f5hjust, miks Su laps \u00f6\u00f6siti \u00e4rkabVaata videot ja saa teada:Mitu korda on Sinu lapse vanuses normaalne \u00f6\u00f6sel \u00e4rgata?Mis on peamised p\u00f5hjused, miks beebid ja v\u00e4ikelapsed \u00f6\u00f6siti \u00e4rkavad?Mis on \u00fclev\u00e4simuse n\u00f5iaring ja kuidas sellest v\u00e4lja saab?Kuidas leida oma lapse \u00f6iste \u00e4rkamiste tegelik p\u00f5hjus ja see lahendada?Oled valmis \u00f6\u00f6sel h\u00e4sti magama?+ 5 p\u00f5himoodulit, mis koosnevad [&hellip;]","og_url":"https:\/\/unehaldjas.ee\/ru\/oiste-arkamiste-pohjused\/","og_site_name":"Unen\u00f5ustaja | Unen\u00f5ustamine | Unehaldjas","article_publisher":"https:\/\/www.facebook.com\/unehaldjas","article_modified_time":"2024-09-17T12:04:45+00:00","twitter_card":"summary_large_image","schema":{"@context":"https:\/\/schema.org","@graph":[{"@type":"WebPage","@id":"https:\/\/unehaldjas.ee\/oiste-arkamiste-pohjused\/","url":"https:\/\/unehaldjas.ee\/oiste-arkamiste-pohjused\/","name":"\u00d6iste \u00e4rkamiste p\u00f5hjused - Unen\u00f5ustaja | Unen\u00f5ustamine | Unehaldjas","isPartOf":{"@id":"https:\/\/unehaldjas.ee\/#website"},"datePublished":"2022-06-01T13:33:00+00:00","dateModified":"2024-09-17T12:04:45+00:00","breadcrumb":{"@id":"https:\/\/unehaldjas.ee\/oiste-arkamiste-pohjused\/#breadcrumb"},"inLanguage":"ru-RU","potentialAction":[{"@type":"ReadAction","target":["https:\/\/unehaldjas.ee\/oiste-arkamiste-pohjused\/"]}]},{"@type":"BreadcrumbList","@id":"https:\/\/unehaldjas.ee\/oiste-arkamiste-pohjused\/#breadcrumb","itemListElement":[{"@type":"ListItem","position":1,"name":"Home","item":"https:\/\/unehaldjas.ee\/"},{"@type":"ListItem","position":2,"name":"\u00d6iste \u00e4rkamiste p\u00f5hjused"}]},{"@type":"WebSite","@id":"https:\/\/unehaldjas.ee\/#website","url":"https:\/\/unehaldjas.ee\/","name":"Unen\u00f5ustaja | Unen\u00f5ustamine | Unehaldjas","description":"Unen\u00f5ustamine beebidele ja v\u00e4ikelastele (0-5a), teaduslik ja terviklik l\u00e4henemine","potentialAction":[{"@type":"SearchAction","target":{"@type":"EntryPoint","urlTemplate":"https:\/\/unehaldjas.ee\/?s={search_term_string}"},"query-input":{"@type":"PropertyValueSpecification","valueRequired":true,"valueName":"search_term_string"}}],"inLanguage":"ru-RU"}]}},"_links":{"self":[{"href":"https:\/\/unehaldjas.ee\/ru\/wp-json\/wp\/v2\/pages\/11942","targetHints":{"allow":["GET"]}}],"collection":[{"href":"https:\/\/unehaldjas.ee\/ru\/wp-json\/wp\/v2\/pages"}],"about":[{"href":"https:\/\/unehaldjas.ee\/ru\/wp-json\/wp\/v2\/types\/page"}],"author":[{"embeddable":true,"href":"https:\/\/unehaldjas.ee\/ru\/wp-json\/wp\/v2\/users\/1"}],"replies":[{"embeddable":true,"href":"https:\/\/unehaldjas.ee\/ru\/wp-json\/wp\/v2\/comments?post=11942"}],"version-history":[{"count":0,"href":"https:\/\/unehaldjas.ee\/ru\/wp-json\/wp\/v2\/pages\/11942\/revisions"}],"wp:attachment":[{"href":"https:\/\/unehaldjas.ee\/ru\/wp-json\/wp\/v2\/media?parent=11942"}],"curies":[{"name":"wp","href":"https:\/\/api.w.org\/{rel}","templated":true}]}}