{"id":11081,"date":"2022-04-11T12:21:36","date_gmt":"2022-04-11T12:21:36","guid":{"rendered":"https:\/\/unehaldjas.ee\/?page_id=11081"},"modified":"2022-04-11T12:29:35","modified_gmt":"2022-04-11T12:29:35","slug":"videoloeng-salvestus-rus","status":"publish","type":"page","link":"https:\/\/unehaldjas.ee\/ru\/videoloeng-salvestus-rus\/","title":{"rendered":"Videoloeng salvestus RUS"},"content":{"rendered":"<p>[et_pb_section fb_built=&#8221;1&#8243; custom_padding_last_edited=&#8221;on|phone&#8221; _builder_version=&#8221;4.16.0&#8243; _module_preset=&#8221;default&#8221; background_color=&#8221;#C3DFF7&#8243; custom_padding=&#8221;||94px|||&#8221; custom_padding_tablet=&#8221;||94px|||&#8221; custom_padding_phone=&#8221;30px||70px||false|false&#8221; bottom_divider_style=&#8221;waves2&#8243; hover_enabled=&#8221;0&#8243; global_colors_info=&#8221;{}&#8221; bottom_divider_color=&#8221;#FFFFFF&#8221; sticky_enabled=&#8221;0&#8243;][et_pb_row _builder_version=&#8221;4.16.0&#8243; _module_preset=&#8221;default&#8221; global_colors_info=&#8221;{}&#8221;][et_pb_column type=&#8221;4_4&#8243; _builder_version=&#8221;4.16.0&#8243; _module_preset=&#8221;default&#8221; global_colors_info=&#8221;{}&#8221;][et_pb_text _builder_version=&#8221;4.16.0&#8243; _module_preset=&#8221;default&#8221; header_3_font=&#8221;Bellota||||||||&#8221; header_3_text_align=&#8221;center&#8221; header_3_font_size=&#8221;41px&#8221; header_3_font_size_tablet=&#8221;31px&#8221; header_3_font_size_phone=&#8221;26px&#8221; header_3_font_size_last_edited=&#8221;on|phone&#8221; global_colors_info=&#8221;{}&#8221;]<\/p>\n<h3>\u0421\u043f\u0430\u0441\u0438\u0431\u043e \u0437\u0430 \u0440\u0435\u0433\u0438\u0441\u0442\u0440\u0430\u0446\u0438\u044e!<\/h3>\n<p>[\/et_pb_text][\/et_pb_column][\/et_pb_row][\/et_pb_section][et_pb_section fb_built=&#8221;1&#8243; _builder_version=&#8221;4.16&#8243; custom_padding=&#8221;0px|||||&#8221; global_colors_info=&#8221;{}&#8221;][et_pb_row custom_padding_last_edited=&#8221;on|phone&#8221; _builder_version=&#8221;4.16&#8243; _module_preset=&#8221;default&#8221; custom_padding_tablet=&#8221;&#8221; custom_padding_phone=&#8221;|15px||15px|false|true&#8221; global_colors_info=&#8221;{}&#8221;][et_pb_column type=&#8221;4_4&#8243; _builder_version=&#8221;4.16&#8243; _module_preset=&#8221;default&#8221; global_colors_info=&#8221;{}&#8221;][et_pb_text _builder_version=&#8221;4.16.0&#8243; _module_preset=&#8221;default&#8221; header_text_color=&#8221;#c9384e&#8221; header_font_size=&#8221;50px&#8221; header_2_font=&#8221;Open Sans|600||on|||||&#8221; header_2_text_color=&#8221;#c9384e&#8221; header_2_font_size=&#8221;24px&#8221; header_2_font_size_tablet=&#8221;20px&#8221; header_2_font_size_phone=&#8221;&#8221; header_2_font_size_last_edited=&#8221;on|tablet&#8221; global_colors_info=&#8221;{}&#8221;]<\/p>\n<h2 style=\"text-align: center;\">Password: 032022<\/h2>\n<p>[\/et_pb_text][\/et_pb_column][\/et_pb_row][et_pb_row _builder_version=&#8221;4.16&#8243; _module_preset=&#8221;default&#8221; custom_margin=&#8221;-1px|auto|-1px|auto|true|&#8221; custom_padding=&#8221;|20px||20px|false|true&#8221; border_radii=&#8221;on|20px|20px|20px|20px&#8221; border_color_all=&#8221;#5385a0&#8243; global_colors_info=&#8221;{}&#8221;][et_pb_column type=&#8221;4_4&#8243; _builder_version=&#8221;4.16&#8243; _module_preset=&#8221;default&#8221; global_colors_info=&#8221;{}&#8221;][et_pb_code _builder_version=&#8221;4.16.0&#8243; _module_preset=&#8221;default&#8221; global_colors_info=&#8221;{}&#8221;]<iframe loading=\"lazy\" src=\"https:\/\/player.vimeo.com\/video\/689248796?h=df20bf29af&#038;badge=0&#038;autopause=0&#038;player_id=0&#038;app_id=58479\" width=\"1920\" height=\"1080\" frameborder=\"0\" allow=\"autoplay; fullscreen; picture-in-picture\" allowfullscreen title=\"10 \u043c\u0438\u0444\u043e\u0432 \u043e \u0441\u043d\u0435 \u0440\u0435\u0431\u0435\u043d\u043a\u0430\"><\/iframe>[\/et_pb_code][\/et_pb_column][\/et_pb_row][\/et_pb_section][et_pb_section fb_built=&#8221;1&#8243; prev_background_color=&#8221;#ffffff&#8221; _builder_version=&#8221;4.16&#8243; _module_preset=&#8221;default&#8221; background_color=&#8221;#FBE46F&#8221; custom_padding=&#8221;100px|||||&#8221; top_divider_style=&#8221;waves2&#8243; global_colors_info=&#8221;{}&#8221;][et_pb_row _builder_version=&#8221;4.16.0&#8243; _module_preset=&#8221;default&#8221; width_tablet=&#8221;&#8221; width_phone=&#8221;100%&#8221; width_last_edited=&#8221;on|phone&#8221; global_colors_info=&#8221;{}&#8221;][et_pb_column type=&#8221;4_4&#8243; _builder_version=&#8221;4.16&#8243; _module_preset=&#8221;default&#8221; global_colors_info=&#8221;{}&#8221;][et_pb_cta title=&#8221;\u0427\u0443\u0432\u0441\u0442\u0432\u0443\u0435\u0442\u0435, \u0447\u0442\u043e \u0432\u0430\u043c \u043d\u0443\u0436\u043d\u0430 \u043f\u043e\u043c\u043e\u0449\u044c \u0441\u043e \u0441\u043d\u043e\u043c \u0432\u0430\u0448\u0435\u0433\u043e \u0440\u0435\u0431\u0435\u043d\u043a\u0430?&#8221; button_url=&#8221;https:\/\/app.squarespacescheduling.com\/schedule.php?owner=23107947&#038;appointmentType=29501562&#8243; url_new_window=&#8221;on&#8221; button_text=&#8221;\u0417\u0430\u0431\u0440\u043e\u043d\u0438\u0440\u043e\u0432\u0430\u0442\u044c \u0432\u0440\u0435\u043c\u044f&#8221; _builder_version=&#8221;4.16.0&#8243; _module_preset=&#8221;default&#8221; header_font=&#8221;Bellota||||||||&#8221; header_font_size=&#8221;32px&#8221; background_enable_color=&#8221;off&#8221; background_layout=&#8221;light&#8221; hover_enabled=&#8221;0&#8243; header_font_size_tablet=&#8221;&#8221; header_font_size_phone=&#8221;26px&#8221; header_font_size_last_edited=&#8221;on|phone&#8221; body_font_size_tablet=&#8221;&#8221; body_font_size_phone=&#8221;15px&#8221; body_font_size_last_edited=&#8221;on|phone&#8221; global_colors_info=&#8221;{}&#8221; sticky_enabled=&#8221;0&#8243;]<\/p>\n<p class=\"p1\">\u0412 \u0442\u0430\u043a\u043e\u043c \u0441\u043b\u0443\u0447\u0430\u0435 \u0438\u043d\u0434\u0438\u0432\u0438\u0434\u0443\u0430\u043b\u044c\u043d\u0430\u044f \u043a\u043e\u043d\u0441\u0443\u043b\u044c\u0442\u0430\u0446\u0438\u044f \u043a\u0430\u043a \u0440\u0430\u0437 \u0434\u043b\u044f \u0412\u0430\u0448\u0435\u0439 \u0441\u0435\u043c\u044c\u0438! \u041c\u044b \u043f\u043e\u0434\u0440\u043e\u0431\u043d\u043e \u0440\u0430\u0431\u043e\u0442\u0430\u0435\u043c \u0441 \u0441\u0435\u043c\u044c\u044f\u043c\u0438, \u0447\u0442\u043e\u0431\u044b \u043f\u0440\u043e\u0431\u043b\u0435\u043c\u044b \u0441\u043e \u0441\u043d\u043e\u043c \u043c\u043e\u0436\u043d\u043e \u0431\u044b\u043b\u043e \u0440\u0435\u0448\u0438\u0442\u044c \u0432 \u0438\u043d\u0434\u0438\u0432\u0438\u0434\u0443\u0430\u043b\u044c\u043d\u043e\u0439, \u0441\u0435\u043c\u0435\u0439\u043d\u043e\u0439 \u0438 \u043c\u044f\u0433\u043a\u043e\u0439 \u0444\u043e\u0440\u043c\u0435. \u0427\u0442\u043e\u0431\u044b \u043f\u043e\u043b\u0443\u0447\u0438\u0442\u044c \u043f\u0435\u0440\u0432\u0438\u0447\u043d\u0443\u044e \u043e\u0446\u0435\u043d\u043a\u0443 \u0441\u043d\u0430 \u0432\u0430\u0448\u0435\u0433\u043e \u0440\u0435\u0431\u0435\u043d\u043a\u0430 \u0438 \u043f\u043e\u0437\u043d\u0430\u043a\u043e\u043c\u0438\u0442\u044c\u0441\u044f \u0441 \u043a\u043e\u043d\u0441\u0443\u043b\u044c\u0442\u0430\u043d\u0442\u043e\u043c, \u0437\u0430\u043f\u0438\u0448\u0438\u0442\u0435\u0441\u044c \u043d\u0430 <strong>\u0411\u0415\u0421\u041f\u041b\u0410\u0422\u041d\u0423\u042e \u043f\u0435\u0440\u0432\u0438\u0447\u043d\u0443\u044e \u043a\u043e\u043d\u0441\u0443\u043b\u044c\u0442\u0430\u0446\u0438\u044e<\/strong>!<\/p>\n<p>[\/et_pb_cta][\/et_pb_column][\/et_pb_row][\/et_pb_section]<\/p>\n","protected":false},"excerpt":{"rendered":"<p>\u0421\u043f\u0430\u0441\u0438\u0431\u043e \u0437\u0430 \u0440\u0435\u0433\u0438\u0441\u0442\u0440\u0430\u0446\u0438\u044e!Password: 032022\u0412 \u0442\u0430\u043a\u043e\u043c \u0441\u043b\u0443\u0447\u0430\u0435 \u0438\u043d\u0434\u0438\u0432\u0438\u0434\u0443\u0430\u043b\u044c\u043d\u0430\u044f \u043a\u043e\u043d\u0441\u0443\u043b\u044c\u0442\u0430\u0446\u0438\u044f \u043a\u0430\u043a \u0440\u0430\u0437 \u0434\u043b\u044f \u0412\u0430\u0448\u0435\u0439 \u0441\u0435\u043c\u044c\u0438! \u041c\u044b \u043f\u043e\u0434\u0440\u043e\u0431\u043d\u043e \u0440\u0430\u0431\u043e\u0442\u0430\u0435\u043c \u0441 \u0441\u0435\u043c\u044c\u044f\u043c\u0438, \u0447\u0442\u043e\u0431\u044b \u043f\u0440\u043e\u0431\u043b\u0435\u043c\u044b \u0441\u043e \u0441\u043d\u043e\u043c \u043c\u043e\u0436\u043d\u043e \u0431\u044b\u043b\u043e \u0440\u0435\u0448\u0438\u0442\u044c \u0432 \u0438\u043d\u0434\u0438\u0432\u0438\u0434\u0443\u0430\u043b\u044c\u043d\u043e\u0439, \u0441\u0435\u043c\u0435\u0439\u043d\u043e\u0439 \u0438 \u043c\u044f\u0433\u043a\u043e\u0439 \u0444\u043e\u0440\u043c\u0435. \u0427\u0442\u043e\u0431\u044b \u043f\u043e\u043b\u0443\u0447\u0438\u0442\u044c \u043f\u0435\u0440\u0432\u0438\u0447\u043d\u0443\u044e \u043e\u0446\u0435\u043d\u043a\u0443 \u0441\u043d\u0430 \u0432\u0430\u0448\u0435\u0433\u043e \u0440\u0435\u0431\u0435\u043d\u043a\u0430 \u0438 \u043f\u043e\u0437\u043d\u0430\u043a\u043e\u043c\u0438\u0442\u044c\u0441\u044f \u0441 \u043a\u043e\u043d\u0441\u0443\u043b\u044c\u0442\u0430\u043d\u0442\u043e\u043c, \u0437\u0430\u043f\u0438\u0448\u0438\u0442\u0435\u0441\u044c \u043d\u0430 \u0411\u0415\u0421\u041f\u041b\u0410\u0422\u041d\u0423\u042e \u043f\u0435\u0440\u0432\u0438\u0447\u043d\u0443\u044e \u043a\u043e\u043d\u0441\u0443\u043b\u044c\u0442\u0430\u0446\u0438\u044e!<\/p>","protected":false},"author":1,"featured_media":0,"parent":0,"menu_order":0,"comment_status":"closed","ping_status":"closed","template":"","meta":{"_et_pb_use_builder":"on","_et_pb_old_content":"","_et_gb_content_width":"","footnotes":""},"class_list":["post-11081","page","type-page","status-publish","hentry"],"yoast_head":"<!-- This site is optimized with the Yoast SEO plugin v26.8 - https:\/\/yoast.com\/product\/yoast-seo-wordpress\/ -->\n<title>Videoloeng salvestus RUS - Unen\u00f5ustaja | Unen\u00f5ustamine | Unehaldjas<\/title>\n<meta name=\"robots\" content=\"index, follow, max-snippet:-1, max-image-preview:large, max-video-preview:-1\" \/>\n<link rel=\"canonical\" href=\"https:\/\/unehaldjas.ee\/ru\/videoloeng-salvestus-rus\/\" \/>\n<meta property=\"og:locale\" content=\"ru_RU\" \/>\n<meta property=\"og:type\" content=\"article\" \/>\n<meta property=\"og:title\" content=\"Videoloeng salvestus RUS - Unen\u00f5ustaja | Unen\u00f5ustamine | Unehaldjas\" \/>\n<meta property=\"og:description\" content=\"\u0421\u043f\u0430\u0441\u0438\u0431\u043e \u0437\u0430 \u0440\u0435\u0433\u0438\u0441\u0442\u0440\u0430\u0446\u0438\u044e!Password: 032022\u0412 \u0442\u0430\u043a\u043e\u043c \u0441\u043b\u0443\u0447\u0430\u0435 \u0438\u043d\u0434\u0438\u0432\u0438\u0434\u0443\u0430\u043b\u044c\u043d\u0430\u044f \u043a\u043e\u043d\u0441\u0443\u043b\u044c\u0442\u0430\u0446\u0438\u044f \u043a\u0430\u043a \u0440\u0430\u0437 \u0434\u043b\u044f \u0412\u0430\u0448\u0435\u0439 \u0441\u0435\u043c\u044c\u0438! \u041c\u044b \u043f\u043e\u0434\u0440\u043e\u0431\u043d\u043e \u0440\u0430\u0431\u043e\u0442\u0430\u0435\u043c \u0441 \u0441\u0435\u043c\u044c\u044f\u043c\u0438, \u0447\u0442\u043e\u0431\u044b \u043f\u0440\u043e\u0431\u043b\u0435\u043c\u044b \u0441\u043e \u0441\u043d\u043e\u043c \u043c\u043e\u0436\u043d\u043e \u0431\u044b\u043b\u043e \u0440\u0435\u0448\u0438\u0442\u044c \u0432 \u0438\u043d\u0434\u0438\u0432\u0438\u0434\u0443\u0430\u043b\u044c\u043d\u043e\u0439, \u0441\u0435\u043c\u0435\u0439\u043d\u043e\u0439 \u0438 \u043c\u044f\u0433\u043a\u043e\u0439 \u0444\u043e\u0440\u043c\u0435. \u0427\u0442\u043e\u0431\u044b \u043f\u043e\u043b\u0443\u0447\u0438\u0442\u044c \u043f\u0435\u0440\u0432\u0438\u0447\u043d\u0443\u044e \u043e\u0446\u0435\u043d\u043a\u0443 \u0441\u043d\u0430 \u0432\u0430\u0448\u0435\u0433\u043e \u0440\u0435\u0431\u0435\u043d\u043a\u0430 \u0438 \u043f\u043e\u0437\u043d\u0430\u043a\u043e\u043c\u0438\u0442\u044c\u0441\u044f \u0441 \u043a\u043e\u043d\u0441\u0443\u043b\u044c\u0442\u0430\u043d\u0442\u043e\u043c, \u0437\u0430\u043f\u0438\u0448\u0438\u0442\u0435\u0441\u044c \u043d\u0430 \u0411\u0415\u0421\u041f\u041b\u0410\u0422\u041d\u0423\u042e \u043f\u0435\u0440\u0432\u0438\u0447\u043d\u0443\u044e \u043a\u043e\u043d\u0441\u0443\u043b\u044c\u0442\u0430\u0446\u0438\u044e!\" \/>\n<meta property=\"og:url\" content=\"https:\/\/unehaldjas.ee\/ru\/videoloeng-salvestus-rus\/\" \/>\n<meta property=\"og:site_name\" content=\"Unen\u00f5ustaja | Unen\u00f5ustamine | Unehaldjas\" \/>\n<meta property=\"article:publisher\" content=\"https:\/\/www.facebook.com\/unehaldjas\" \/>\n<meta property=\"article:modified_time\" content=\"2022-04-11T12:29:35+00:00\" \/>\n<meta name=\"twitter:card\" content=\"summary_large_image\" \/>\n<script type=\"application\/ld+json\" class=\"yoast-schema-graph\">{\"@context\":\"https:\/\/schema.org\",\"@graph\":[{\"@type\":\"WebPage\",\"@id\":\"https:\/\/unehaldjas.ee\/videoloeng-salvestus-rus\/\",\"url\":\"https:\/\/unehaldjas.ee\/videoloeng-salvestus-rus\/\",\"name\":\"Videoloeng salvestus RUS - Unen\u00f5ustaja | Unen\u00f5ustamine | Unehaldjas\",\"isPartOf\":{\"@id\":\"https:\/\/unehaldjas.ee\/#website\"},\"datePublished\":\"2022-04-11T12:21:36+00:00\",\"dateModified\":\"2022-04-11T12:29:35+00:00\",\"breadcrumb\":{\"@id\":\"https:\/\/unehaldjas.ee\/videoloeng-salvestus-rus\/#breadcrumb\"},\"inLanguage\":\"ru-RU\",\"potentialAction\":[{\"@type\":\"ReadAction\",\"target\":[\"https:\/\/unehaldjas.ee\/videoloeng-salvestus-rus\/\"]}]},{\"@type\":\"BreadcrumbList\",\"@id\":\"https:\/\/unehaldjas.ee\/videoloeng-salvestus-rus\/#breadcrumb\",\"itemListElement\":[{\"@type\":\"ListItem\",\"position\":1,\"name\":\"Home\",\"item\":\"https:\/\/unehaldjas.ee\/\"},{\"@type\":\"ListItem\",\"position\":2,\"name\":\"Videoloeng salvestus RUS\"}]},{\"@type\":\"WebSite\",\"@id\":\"https:\/\/unehaldjas.ee\/#website\",\"url\":\"https:\/\/unehaldjas.ee\/\",\"name\":\"Unen\u00f5ustaja | Unen\u00f5ustamine | Unehaldjas\",\"description\":\"Unen\u00f5ustamine beebidele ja v\u00e4ikelastele (0-5a), teaduslik ja terviklik l\u00e4henemine\",\"potentialAction\":[{\"@type\":\"SearchAction\",\"target\":{\"@type\":\"EntryPoint\",\"urlTemplate\":\"https:\/\/unehaldjas.ee\/?s={search_term_string}\"},\"query-input\":{\"@type\":\"PropertyValueSpecification\",\"valueRequired\":true,\"valueName\":\"search_term_string\"}}],\"inLanguage\":\"ru-RU\"}]}<\/script>\n<!-- \/ Yoast SEO plugin. -->","yoast_head_json":{"title":"Videoloeng salvestus RUS - Unen\u00f5ustaja | Unen\u00f5ustamine | Unehaldjas","robots":{"index":"index","follow":"follow","max-snippet":"max-snippet:-1","max-image-preview":"max-image-preview:large","max-video-preview":"max-video-preview:-1"},"canonical":"https:\/\/unehaldjas.ee\/ru\/videoloeng-salvestus-rus\/","og_locale":"ru_RU","og_type":"article","og_title":"Videoloeng salvestus RUS - Unen\u00f5ustaja | Unen\u00f5ustamine | Unehaldjas","og_description":"\u0421\u043f\u0430\u0441\u0438\u0431\u043e \u0437\u0430 \u0440\u0435\u0433\u0438\u0441\u0442\u0440\u0430\u0446\u0438\u044e!Password: 032022\u0412 \u0442\u0430\u043a\u043e\u043c \u0441\u043b\u0443\u0447\u0430\u0435 \u0438\u043d\u0434\u0438\u0432\u0438\u0434\u0443\u0430\u043b\u044c\u043d\u0430\u044f \u043a\u043e\u043d\u0441\u0443\u043b\u044c\u0442\u0430\u0446\u0438\u044f \u043a\u0430\u043a \u0440\u0430\u0437 \u0434\u043b\u044f \u0412\u0430\u0448\u0435\u0439 \u0441\u0435\u043c\u044c\u0438! \u041c\u044b \u043f\u043e\u0434\u0440\u043e\u0431\u043d\u043e \u0440\u0430\u0431\u043e\u0442\u0430\u0435\u043c \u0441 \u0441\u0435\u043c\u044c\u044f\u043c\u0438, \u0447\u0442\u043e\u0431\u044b \u043f\u0440\u043e\u0431\u043b\u0435\u043c\u044b \u0441\u043e \u0441\u043d\u043e\u043c \u043c\u043e\u0436\u043d\u043e \u0431\u044b\u043b\u043e \u0440\u0435\u0448\u0438\u0442\u044c \u0432 \u0438\u043d\u0434\u0438\u0432\u0438\u0434\u0443\u0430\u043b\u044c\u043d\u043e\u0439, \u0441\u0435\u043c\u0435\u0439\u043d\u043e\u0439 \u0438 \u043c\u044f\u0433\u043a\u043e\u0439 \u0444\u043e\u0440\u043c\u0435. \u0427\u0442\u043e\u0431\u044b \u043f\u043e\u043b\u0443\u0447\u0438\u0442\u044c \u043f\u0435\u0440\u0432\u0438\u0447\u043d\u0443\u044e \u043e\u0446\u0435\u043d\u043a\u0443 \u0441\u043d\u0430 \u0432\u0430\u0448\u0435\u0433\u043e \u0440\u0435\u0431\u0435\u043d\u043a\u0430 \u0438 \u043f\u043e\u0437\u043d\u0430\u043a\u043e\u043c\u0438\u0442\u044c\u0441\u044f \u0441 \u043a\u043e\u043d\u0441\u0443\u043b\u044c\u0442\u0430\u043d\u0442\u043e\u043c, \u0437\u0430\u043f\u0438\u0448\u0438\u0442\u0435\u0441\u044c \u043d\u0430 \u0411\u0415\u0421\u041f\u041b\u0410\u0422\u041d\u0423\u042e \u043f\u0435\u0440\u0432\u0438\u0447\u043d\u0443\u044e \u043a\u043e\u043d\u0441\u0443\u043b\u044c\u0442\u0430\u0446\u0438\u044e!","og_url":"https:\/\/unehaldjas.ee\/ru\/videoloeng-salvestus-rus\/","og_site_name":"Unen\u00f5ustaja | Unen\u00f5ustamine | Unehaldjas","article_publisher":"https:\/\/www.facebook.com\/unehaldjas","article_modified_time":"2022-04-11T12:29:35+00:00","twitter_card":"summary_large_image","schema":{"@context":"https:\/\/schema.org","@graph":[{"@type":"WebPage","@id":"https:\/\/unehaldjas.ee\/videoloeng-salvestus-rus\/","url":"https:\/\/unehaldjas.ee\/videoloeng-salvestus-rus\/","name":"Videoloeng salvestus RUS - Unen\u00f5ustaja | Unen\u00f5ustamine | Unehaldjas","isPartOf":{"@id":"https:\/\/unehaldjas.ee\/#website"},"datePublished":"2022-04-11T12:21:36+00:00","dateModified":"2022-04-11T12:29:35+00:00","breadcrumb":{"@id":"https:\/\/unehaldjas.ee\/videoloeng-salvestus-rus\/#breadcrumb"},"inLanguage":"ru-RU","potentialAction":[{"@type":"ReadAction","target":["https:\/\/unehaldjas.ee\/videoloeng-salvestus-rus\/"]}]},{"@type":"BreadcrumbList","@id":"https:\/\/unehaldjas.ee\/videoloeng-salvestus-rus\/#breadcrumb","itemListElement":[{"@type":"ListItem","position":1,"name":"Home","item":"https:\/\/unehaldjas.ee\/"},{"@type":"ListItem","position":2,"name":"Videoloeng salvestus RUS"}]},{"@type":"WebSite","@id":"https:\/\/unehaldjas.ee\/#website","url":"https:\/\/unehaldjas.ee\/","name":"Unen\u00f5ustaja | Unen\u00f5ustamine | Unehaldjas","description":"Unen\u00f5ustamine beebidele ja v\u00e4ikelastele (0-5a), teaduslik ja terviklik l\u00e4henemine","potentialAction":[{"@type":"SearchAction","target":{"@type":"EntryPoint","urlTemplate":"https:\/\/unehaldjas.ee\/?s={search_term_string}"},"query-input":{"@type":"PropertyValueSpecification","valueRequired":true,"valueName":"search_term_string"}}],"inLanguage":"ru-RU"}]}},"_links":{"self":[{"href":"https:\/\/unehaldjas.ee\/ru\/wp-json\/wp\/v2\/pages\/11081","targetHints":{"allow":["GET"]}}],"collection":[{"href":"https:\/\/unehaldjas.ee\/ru\/wp-json\/wp\/v2\/pages"}],"about":[{"href":"https:\/\/unehaldjas.ee\/ru\/wp-json\/wp\/v2\/types\/page"}],"author":[{"embeddable":true,"href":"https:\/\/unehaldjas.ee\/ru\/wp-json\/wp\/v2\/users\/1"}],"replies":[{"embeddable":true,"href":"https:\/\/unehaldjas.ee\/ru\/wp-json\/wp\/v2\/comments?post=11081"}],"version-history":[{"count":0,"href":"https:\/\/unehaldjas.ee\/ru\/wp-json\/wp\/v2\/pages\/11081\/revisions"}],"wp:attachment":[{"href":"https:\/\/unehaldjas.ee\/ru\/wp-json\/wp\/v2\/media?parent=11081"}],"curies":[{"name":"wp","href":"https:\/\/api.w.org\/{rel}","templated":true}]}}